{"id":86,"date":"2009-06-26T20:53:52","date_gmt":"2009-06-26T18:53:52","guid":{"rendered":"https:\/\/www.dentalogue.com\/de\/?page_id=86"},"modified":"2013-01-07T12:19:16","modified_gmt":"2013-01-07T10:19:16","slug":"agb-dentalogue-consulting","status":"publish","type":"page","link":"https:\/\/www.dentalogue.com\/de\/agb\/agb-dentalogue-consulting\/","title":{"rendered":"AGB &#8211; dentalogue consulting"},"content":{"rendered":"<h1>AGB &#8211; dentalogue consulting<\/h1>\n<p>(Stand Januar 2013)<\/p>\n<h3>I. Geltungsbereich<\/h3>\n<p>Diese allgemeinen Gesch\u00e4ftsbedingungen gelten f\u00fcr Vertr\u00e4ge, deren Gegenstand die Leistungen von dentalogue consulting umfasst. Eine Zusammenarbeit mit dentalogue consulting im Rahmen von Beratungs-, Coaching- oder Trainingsauftr\u00e4gen erfolgt ausschlie\u00dflich auf Basis nachstehender Gesch\u00e4ftsbedingungen:<\/p>\n<h3>II. Honorar<\/h3>\n<p>Das Tageshonorar von dentalogue consulting gilt pro Tag und Berater. Das Tageshonorar wird je angebrochenen Beratungs-\/Trainingstag f\u00e4llig. Eine Abrechnung von halben Tagen ist nach Vereinbarung m\u00f6glich, eine Abrechnung von Dritteltagen ist nicht m\u00f6glich. Coachings k\u00f6nnen stundenweise abgerechnet werden; sofern diese am Standort des Auftraggebers stattfinden, fallen daf\u00fcr Anfahrtskosten bzw. Reisespesen an.<br \/>\nF\u00fcr eine An-\/ Abreise von weniger als f\u00fcnf Stunden am Vortag oder am Folgetag entstehen keine zus\u00e4tzlichen Honorarkosten. Hierbei fallen lediglich Reisespesen an. Ab fu\u0308nf oder mehr Stunden Reisezeit wird eine Reisepauschale von einem halben Tageshonorar berechnet.<br \/>\nAnfallende Materialkosten werden dem Auftraggeber eins-zu-eins weiter berechnet.<\/p>\n<h3>III. Reisekosten und Spesen<\/h3>\n<p>Reisekosten und Spesen werden vom Auftraggeber erstattet: Unterkunft, Verpflegung, Fahrtkosten\u00a0 0,60 \u20ac je km, Bahnfahrt 1. Klasse, Flug Business, Mietwagen Standardklasse. Innerhalb dieser Rahmendaten versucht dentalogue consulting grunds\u00e4tzlich den Reisekosten- und Spesensatz so niedrig wie m\u00f6glich zu gestalten.<\/p>\n<h3>IV. Berichterstattung, Unterlagen<\/h3>\n<p>Dentalogue consulting verpflichtet sich, dem Auftraggeber nach Ma\u00dfgabe des Projektvorschlages und nach Arbeitsfortschritt in angemessenen Abst\u00e4nden \u00fcber die laufende T\u00e4tigkeit, deren Ergebnisse sowie den weiteren Arbeitsfortgang zu verichten. Bei Trainings, Workshops werden Fotoprotokolle erstellt, das den Teilnehmern in elektronischer Form nach der Veranstaltung zugeht.<\/p>\n<h3>V. Organisation<\/h3>\n<p>Die Organisation von Veranstaltungen (Hotelreservierung, Nennung und Einladung Teilnehmer, Abrechnung mit den Teilnehmern) erfolgt durch den Auftraggeber.<\/p>\n<h3>VI. Zahlungsbedingungen<\/h3>\n<p>Der Umfang sowie die Art und Weise der Entgeltabrechnung f\u00fcr die Dienste von dentalogue erfolgen wie\u00a0 individualvertraglich im Auftrag vereinbart. D.h. Nach Erbringung von Teilleistungen oder der Gesamtleistung durch dentalogue consulting erh\u00e4lt der Auftraggeber eine Rechnung entsprechend der Auftragsbest\u00e4tigung. Der Rechnungsbetrag ist sofort ohne Abzu\u0308ge f\u00e4llig.<\/p>\n<h3>VII. Stornierungen<\/h3>\n<p>Stornierungen mu\u0308ssen schriftlich erfolgen. Bei Stornierung ab 4 Wochen vor Veranstaltungsbeginn berechnet dentalogue consulting 50% des Gesamthonorarsatzes. Ab einer Woche vor Veranstaltungsbeginn fallen 100% der Gesamtkosten an.<br \/>\nStornierungen von stundenweise verrechneten Coachinggespr\u00e4chen: Bei Absagen 3 Tage vor dem vereinbarten Termin fallen 50% der Kosten an, bei einer Absage 1 Tag vorher werden 100% der Kosten berechnet.<\/p>\n<h3>VIII. Abweichung in der Durchf\u00fchrung und Absagen durch dentalogue consulting<\/h3>\n<p>Die Beschreibung der Veranstaltungsinhalte entspricht dem Stand zum Zeitpunkt der Auftragsvereinbarung. \u00c4nderungen aufgrund der Aktualisierung und Weiterentwicklung der Veranstaltungen beh\u00e4lt sich dentalogue consulting vor. dentalogue consulting beh\u00e4lt sich ebenso vor, einen anderen gleichwertigen Veranstaltungsleiter ersatzweise einzusetzen.<br \/>\nSollte eine Veranstaltung wider Erwarten, aus von dentalogue consulting zu vertretenden Gru\u0308nden, abgesagt werden, so dass der Auftraggeber die Veranstaltung stornieren muss, erstattet dentalogue consulting ggf. den bereits gezahlten Veranstaltungspreis einschlie\u00dflich Hotelkosten. Daru\u0308ber hinaus geltende Anspru\u0308che bestehen nicht.<\/p>\n<h3>IV. Copyright, Urheberschutz und Vertraulichkeit<\/h3>\n<p>S\u00e4mtliche Veranstaltungsunterlagen dienen ausschlie\u00dflich der pers\u00f6nlichen Nutzung durch die Teilnehmer, deren Kollegen und Mitarbeiter. Alle Rechte, auch die der \u00dcbersetzung, des Nachdrucks und der Vervielf\u00e4ltigung der Veranstaltungsunterlage oder von Teilen daraus beh\u00e4lt sich dentalogue consulting vor. Insbesondere darf kein Teil der Seminarunterlagen ohne schriftliche Genehmigung durch dentalogue consulting zum Zwecke einer Veranstaltungsgestaltung reproduziert, verarbeitet, vervielf\u00e4ltigt oder verbreitet werden. Eine auszugsweise Kopie darf gerne erstellt werden, wenn die Inhalte des Auszugs nicht ver\u00e4ndert, das Zeichen von dentalogue consulting sichtbar ist und das Urheberrecht gewahrt ist.<br \/>\ndentalogue consulting stellt sicher, dass alle Gesch\u00e4ftsgeheimnisse des Auftraggebers sowie alle vom Auftraggeber als vertraulich eingestuften Informationen streng vertraulich behandelt werden.<\/p>\n<p>Rechtssystem und Gerichtsstand<br \/>\nEs gilt Deutsches Recht. Gerichtsstand ist M\u00fcnchen.<\/p>\n","protected":false},"excerpt":{"rendered":"<p>AGB &#8211; dentalogue consulting (Stand Januar 2013) I. Geltungsbereich Diese allgemeinen Gesch\u00e4ftsbedingungen gelten f\u00fcr Vertr\u00e4ge, deren Gegenstand die Leistungen von dentalogue consulting umfasst. Eine Zusammenarbeit mit dentalogue consulting im Rahmen von Beratungs-, Coaching- oder Trainingsauftr\u00e4gen erfolgt ausschlie\u00dflich auf Basis nachstehender Gesch\u00e4ftsbedingungen: II. Honorar Das Tageshonorar von dentalogue consulting gilt pro Tag und Berater. Das Tageshonorar [&hellip;]<\/p>\n","protected":false},"author":2,"featured_media":0,"parent":75,"menu_order":3,"comment_status":"open","ping_status":"open","template":"","meta":[],"_links":{"self":[{"href":"https:\/\/www.dentalogue.com\/de\/wp-json\/wp\/v2\/pages\/86"}],"collection":[{"href":"https:\/\/www.dentalogue.com\/de\/wp-json\/wp\/v2\/pages"}],"about":[{"href":"https:\/\/www.dentalogue.com\/de\/wp-json\/wp\/v2\/types\/page"}],"author":[{"embeddable":true,"href":"https:\/\/www.dentalogue.com\/de\/wp-json\/wp\/v2\/users\/2"}],"replies":[{"embeddable":true,"href":"https:\/\/www.dentalogue.com\/de\/wp-json\/wp\/v2\/comments?post=86"}],"version-history":[{"count":10,"href":"https:\/\/www.dentalogue.com\/de\/wp-json\/wp\/v2\/pages\/86\/revisions"}],"predecessor-version":[{"id":88,"href":"https:\/\/www.dentalogue.com\/de\/wp-json\/wp\/v2\/pages\/86\/revisions\/88"}],"up":[{"embeddable":true,"href":"https:\/\/www.dentalogue.com\/de\/wp-json\/wp\/v2\/pages\/75"}],"wp:attachment":[{"href":"https:\/\/www.dentalogue.com\/de\/wp-json\/wp\/v2\/media?parent=86"}],"curies":[{"name":"wp","href":"https:\/\/api.w.org\/{rel}","templated":true}]}}