{"id":83,"date":"2009-06-26T20:44:26","date_gmt":"2009-06-26T18:44:26","guid":{"rendered":"https:\/\/www.dentalogue.com\/de\/?page_id=83"},"modified":"2016-04-12T15:13:03","modified_gmt":"2016-04-12T13:13:03","slug":"agb-vitalogue","status":"publish","type":"page","link":"https:\/\/www.dentalogue.com\/de\/agb\/agb-vitalogue\/","title":{"rendered":"AGB &#8211; vitalogue"},"content":{"rendered":"<h1>AGB &#8211; vitalogue<\/h1>\n<p>(Stand Januar 2013)<\/p>\n<h3>I. GELTUNGSBEREICH<\/h3>\n<p>(1) Die folgenden Allgemeinen Gesch\u00e4ftsbedingungen (AGB) regeln das Vertragsverh\u00e4ltnis zwischen der vitalogue GmbH &amp; Co KG (im Folgenden vitalogue) und deren Kunden (im Folgenden &#8222;K\u00e4ufer&#8220; genannt). Die Angebote, Lieferungen und Leistungen erfolgen ausschlie\u00dflich auf der Grundlage dieser AGB. Ma\u00dfgeblich ist jeweils die zum Zeitpunkt des Vertragsabschlusses g\u00fcltige Fassung. Die Vertragssprache ist Deutsch.<\/p>\n<h3>II. VERTRAGSABSCHLUSS<\/h3>\n<p>(1) Die Darstellung der Produkte im Online-Shop stellt kein rechtlich bindendes Angebot, sondern einen unverbindlichen Online-Katalog dar. Alle Angebote gelten &#8222;solange der Vorrat reicht&#8220;, wenn nicht bei den Produkten etwas anderes vermerkt ist. Irrt\u00fcmer vorbehalten.<br \/>\n(2) Durch die Bestellung des gew\u00fcnschten Kaufgegenstandes gibt der K\u00e4ufer ein verbindliches Angebot auf Abschluss eines Kaufvertrages ab.<br \/>\n(3) vitalogue ist berechtigt, dieses Angebot innerhalb von einer Woche durch Zusendung einer Auftragsbest\u00e4tigung anzunehmen. Lieferung der Ware und Rechnungsstellung stehen der schriftlichen Best\u00e4tigung gleich. Nach fruchtlosem Ablauf der in Satz 1 genannten Frist gilt das Angebot als abgelehnt.<\/p>\n<h3>III. R\u00dcCKGABERECHT UND R\u00dcCKGABEFOLGEN<\/h3>\n<p>Sie k\u00f6nnen die erhaltene Ware ohne Angabe von Gr\u00fcnden innerhalb von zwei Wochen nach Erhalt auf unsere Kosten und Gefahr an uns zur\u00fccksenden. Zur Wahrung der Frist gen\u00fcgt die rechtzeitige Absendung der Ware an:<br \/>\nvitalogue GmbH &amp; Co KG, Clemensstrasse, D-80803 M\u00fcnchen<\/p>\n<p>Sofern der Bestellwert mehr als 250,00 EUR betr\u00e4gt und der K\u00e4ufer die Ware bereits bezahlt hat, erstattet dentalogue die Kosten der R\u00fccksendung.<br \/>\nDer Kaufvertrag wird nach R\u00fccksendung der Ware aufgel\u00f6st und wir erstatten Ihnen bereits geleistete Zahlungen innerhalb von 14 Tagen per \u00dcberweisung zur\u00fcck. Bei einer Verschlechterung der Ware kann dentalogue Wertersatz in Abzug bringen.<\/p>\n<h3>IV. ZAHLUNG, F\u00c4LLIGKEIT, ZAHLUNGSVERZUG<\/h3>\n<p>(1) Die Bezahlung der Waren erfolgt auf Rechnung oder per Kreditkarte. vitalogue beh\u00e4lt sich das Recht vor, im Einzelfall bestimmte Zahlungsarten zu akzeptieren oder auszuschlie\u00dfen.<br \/>\n(2) Bei Zahlung auf Rechnung verpflichtet sich der K\u00e4ufer, den Rechnungsbetrag innerhalb von acht Tagen nach Erhalt der Ware zu begleichen. Bei Zahlung per Kreditkarte erfolgt die Abbuchung nach Versand der Ware.<br \/>\n(3) Befindet sich der K\u00e4ufer im Zahlungsverzug, hat er w\u00e4hrenddessen jede Fahrl\u00e4ssigkeit zu vertreten. Er haftet wegen der Leistung auch f\u00fcr Zufall, es sei denn, dass der Schaden auch bei rechtzeitiger Leistung eingetreten sein w\u00fcrde.<br \/>\n(4) Der Kaufpreis ist w\u00e4hrend des Verzugs zu verzinsen. Der Verzugszinssatz betr\u00e4gt f\u00fcr das Jahr f\u00fcnf Prozentpunkte \u00fcber dem Basiszinssatz. Bei Rechtsgesch\u00e4ften, an denen ein Verbraucher nicht beteiligt ist, betr\u00e4gt der Zinssatz acht Prozentpunkte \u00fcber dem Basiszinssatz.<\/p>\n<h3>V. LIEFERUNG<\/h3>\n<p>(1) Die Lieferung erfolgt durch Versand des Kaufgegenstandes an die vom K\u00e4ufer mitgeteilte Adresse. Beachten Sie bitte: wir k\u00f6nnen Ihre W\u00fcnsche nur bearbeiten, wenn Sie uns Ihren Absender vollst\u00e4ndig angeben. Die Angabe einer Telefonnummer ist optional, sie hilft aber, den Bestellablauf bei R\u00fcckfragen zu vereinfachen.<br \/>\n(2) Sie erhalten die bestellten Waren so schnell wie m\u00f6glich. Die Lieferfrist betr\u00e4gt drei bis acht Tage nach Versand der Auftragsbest\u00e4tigung. Allerdings sind nach unseren Erfahrungen Verz\u00f6gerungen bei Warensendungen m\u00f6glich, die nicht unserem Einflu\u00dfbereich unterliegen.<br \/>\n(3) Sollte eine Ware vergriffen oder nicht kurzfristig lieferbar sein, benachrichtigen wir Sie umgehend und kl\u00e4ren die weitere Vorgehensweise (Ersatzlieferung oder Stornierung) mit Ihnen ab. Sollte das bestellte Produkt dauerhaft nicht verf\u00fcgbar sein, k\u00f6nnen wir vom Vertrag zur\u00fccktreten. In diesem Fall werden wir Sie unverz\u00fcglich informieren.<br \/>\n(4) Die Kosten f\u00fcr den Versand des Kaufgegenstandes betragen 5,50 EUR bei einem Bestellwert unter 250,00 EUR und sind vom K\u00e4ufer zu tragen. F\u00fcr Lieferungen ab einem Bestellwert von 250,00 EUR entstehen dem K\u00e4ufer keine Kosten f\u00fcr Verpackung und Versand. Wenn der K\u00e4ufer eine spezielle Art der Versendung w\u00fcnscht, bei der h\u00f6here Kosten anfallen, so hat er die Mehrkosten zu tragen.<br \/>\n(5) Erwirbt der K\u00e4ufer den Kaufgegenstand f\u00fcr seine gewerbliche oder berufliche T\u00e4tigkeit, geht die Gefahr des zuf\u00e4lligen Untergangs und der zuf\u00e4lligen Verschlechterung des Kaufgegenstandes auf ihn \u00fcber, sobald vitalogue den Kaufgegenstand dem Spediteur oder dem sonst zur Ausf\u00fchrung der Versendung bestimmten Unternehmen ausgeliefert hat.<\/p>\n<h3>VI. EIGENTUMSVORBEHALT<\/h3>\n<p>Der Kaufgegenstand bleibt bis zur vollst\u00e4ndigen Bezahlung Eigentum von vitalogue. Vor Eigentums\u00fcbertragung ist eine Verpf\u00e4ndung, Sicherungs\u00fcbereignung, Verarbeitung oder Umgestaltung ohne ausdr\u00fcckliche Einwilligung von vitalogue nicht zul\u00e4ssig.<\/p>\n<h3>VII. PREISE<\/h3>\n<p>Der im jeweiligen Angebot angegebene Preis f\u00fcr den Kaufgegenstand versteht sich als Endpreis einschlie\u00dflich eventuell anfallender Mehrwertsteuer und weiterer Preisbestandteile. Der Preis umfasst nicht die Liefer- und Versandkosten.<\/p>\n<h3>VIII. GEW\u00c4HRLEISTUNG<\/h3>\n<p>Die Gew\u00e4hrleistung erfolgt nach den gesetzlichen Bestimmungen, wobei wir im Falle eines Mangels der Ware nach Ihrer Wahl zun\u00e4chst nachliefern oder nachbessern. Schl\u00e4gt die Nachbesserung fehl oder ist die nachgelieferte Ware ebenfalls mangelbehaftet, so k\u00f6nnen Sie die Ware gegen R\u00fcckerstattung des vollen Kaufpreises zur\u00fcckgeben oder die Ware behalten und den Kaufpreis mindern.<\/p>\n<h3>IV. HAFTUNGSBESCHR\u00c4NKUNG<\/h3>\n<p>(1) F\u00fcr entstehende Sch\u00e4den haftet vitalogue nur, soweit diese Sch\u00e4den auf vors\u00e4tzlichem oder grob fahrl\u00e4ssigem Handeln oder auf schuldhafter Verletzung einer wesentlichen Vertragspflicht beruhen. Eine dar\u00fcber hinausgehende Haftung auf Schadensersatz ist ausgeschlossen. Anspr\u00fcche aus einer von dentalogue gegebenen Garantie f\u00fcr die Beschaffenheit des Kaufgegenstandes und dem Produkthaftungsgesetz bleiben hiervon unber\u00fchrt.<br \/>\n(2) Nach dem jetzigen Stand der Technik kann die Datenkommunikation \u00fcber das Internet nicht fehlerfrei und\/oder jederzeit verf\u00fcgbar gew\u00e4hrleistet werden. vitalogue haftet daher nicht f\u00fcr die jederzeitige Verf\u00fcgbarkeit des Internetshops.<br \/>\n<strong>Sollten Sie weitere Fragen haben, so wenden Sie sich bitte an info@vitalogue.com<\/strong><\/p>\n","protected":false},"excerpt":{"rendered":"<p>AGB &#8211; vitalogue (Stand Januar 2013) I. GELTUNGSBEREICH (1) Die folgenden Allgemeinen Gesch\u00e4ftsbedingungen (AGB) regeln das Vertragsverh\u00e4ltnis zwischen der vitalogue GmbH &amp; Co KG (im Folgenden vitalogue) und deren Kunden (im Folgenden &#8222;K\u00e4ufer&#8220; genannt). Die Angebote, Lieferungen und Leistungen erfolgen ausschlie\u00dflich auf der Grundlage dieser AGB. Ma\u00dfgeblich ist jeweils die zum Zeitpunkt des Vertragsabschlusses g\u00fcltige [&hellip;]<\/p>\n","protected":false},"author":2,"featured_media":0,"parent":75,"menu_order":2,"comment_status":"open","ping_status":"open","template":"","meta":[],"_links":{"self":[{"href":"https:\/\/www.dentalogue.com\/de\/wp-json\/wp\/v2\/pages\/83"}],"collection":[{"href":"https:\/\/www.dentalogue.com\/de\/wp-json\/wp\/v2\/pages"}],"about":[{"href":"https:\/\/www.dentalogue.com\/de\/wp-json\/wp\/v2\/types\/page"}],"author":[{"embeddable":true,"href":"https:\/\/www.dentalogue.com\/de\/wp-json\/wp\/v2\/users\/2"}],"replies":[{"embeddable":true,"href":"https:\/\/www.dentalogue.com\/de\/wp-json\/wp\/v2\/comments?post=83"}],"version-history":[{"count":9,"href":"https:\/\/www.dentalogue.com\/de\/wp-json\/wp\/v2\/pages\/83\/revisions"}],"predecessor-version":[{"id":3137,"href":"https:\/\/www.dentalogue.com\/de\/wp-json\/wp\/v2\/pages\/83\/revisions\/3137"}],"up":[{"embeddable":true,"href":"https:\/\/www.dentalogue.com\/de\/wp-json\/wp\/v2\/pages\/75"}],"wp:attachment":[{"href":"https:\/\/www.dentalogue.com\/de\/wp-json\/wp\/v2\/media?parent=83"}],"curies":[{"name":"wp","href":"https:\/\/api.w.org\/{rel}","templated":true}]}}