{"id":807,"date":"2009-07-19T19:37:08","date_gmt":"2009-07-19T17:37:08","guid":{"rendered":"https:\/\/www.dentalogue.com\/de\/?page_id=807"},"modified":"2011-01-19T17:52:06","modified_gmt":"2011-01-19T15:52:06","slug":"beratung","status":"publish","type":"page","link":"https:\/\/www.dentalogue.com\/de\/care\/professionelle-zahnarztempfehlung\/beratung\/","title":{"rendered":"Beratungsgespr\u00e4ch"},"content":{"rendered":"<h1>Wir nehmen uns Zeit f\u00fcr Sie &#8230;<\/h1>\n<p>Im pers\u00f6nlichen Gespr\u00e4ch erfragen wir Ihre Vorstellungen, Erwartungen und W\u00fcnsche in Bezug auf den Zahnarzt, dessen Praxis und sonstige f\u00fcr Sie wichtige Kriterien. Mit diesen Informationen und auf Basis unserer Markttransparenz k\u00f6nnen wir eine Empfehlung f\u00fcr eine Zahnarztpraxis oder -klinik aussprechen. Unsere Beratung umfasst jedoch keine medizinische Beratung; diese erhalten Sie von Ihrem gew\u00e4hlten Zahnarzt. Auf Wunsch beraten wir Sie auch in Bezug auf unsere hochwertigen <a href=\"https:\/\/www.dentalogue.com\/de\/health\/unsere-produkte\/\">Dentalprodukte<\/a>.<\/p>\n<p>Wir betreuen Sie w\u00e4hrend des gesamten Prozesses Ihrer Zahnbehandlung. Sie selbst bestimmen, welche Intensit\u00e4t an Betreuung Sie durch dentalogue care w\u00fcnschen. Unser Angebot umfasst Leistungen wie Terminvereinbarung, Shuttleservice, Apothekengang bis hin zur Organisation von Unterkunft und Reise (f\u00fcr ausl\u00e4ndische Kunden).<\/p>\n<p>Details zu unseren Leistungen finden Sie unter <a href=\"https:\/\/www.dentalogue.com\/de\/care\/professionelle-zahnarztempfehlung\/individuelle-beratung\/\">Basic <\/a>| <a href=\"https:\/\/www.dentalogue.com\/de\/care\/professionelle-zahnarztempfehlung\/zahnarzt-shuttle-service\/\">Classic <\/a>| <a href=\"https:\/\/www.dentalogue.com\/de\/care\/professionelle-zahnarztempfehlung\/zahnaerztin-muenchen\/\">Premium<\/a>.<\/p>\n","protected":false},"excerpt":{"rendered":"<p>Wir nehmen uns Zeit f\u00fcr Sie &#8230; Im pers\u00f6nlichen Gespr\u00e4ch erfragen wir Ihre Vorstellungen, Erwartungen und W\u00fcnsche in Bezug auf den Zahnarzt, dessen Praxis und sonstige f\u00fcr Sie wichtige Kriterien. Mit diesen Informationen und auf Basis unserer Markttransparenz k\u00f6nnen wir eine Empfehlung f\u00fcr eine Zahnarztpraxis oder -klinik aussprechen. Unsere Beratung umfasst jedoch keine medizinische Beratung; [&hellip;]<\/p>\n","protected":false},"author":2,"featured_media":0,"parent":130,"menu_order":0,"comment_status":"open","ping_status":"open","template":"","meta":[],"_links":{"self":[{"href":"https:\/\/www.dentalogue.com\/de\/wp-json\/wp\/v2\/pages\/807"}],"collection":[{"href":"https:\/\/www.dentalogue.com\/de\/wp-json\/wp\/v2\/pages"}],"about":[{"href":"https:\/\/www.dentalogue.com\/de\/wp-json\/wp\/v2\/types\/page"}],"author":[{"embeddable":true,"href":"https:\/\/www.dentalogue.com\/de\/wp-json\/wp\/v2\/users\/2"}],"replies":[{"embeddable":true,"href":"https:\/\/www.dentalogue.com\/de\/wp-json\/wp\/v2\/comments?post=807"}],"version-history":[{"count":15,"href":"https:\/\/www.dentalogue.com\/de\/wp-json\/wp\/v2\/pages\/807\/revisions"}],"predecessor-version":[{"id":809,"href":"https:\/\/www.dentalogue.com\/de\/wp-json\/wp\/v2\/pages\/807\/revisions\/809"}],"up":[{"embeddable":true,"href":"https:\/\/www.dentalogue.com\/de\/wp-json\/wp\/v2\/pages\/130"}],"wp:attachment":[{"href":"https:\/\/www.dentalogue.com\/de\/wp-json\/wp\/v2\/media?parent=807"}],"curies":[{"name":"wp","href":"https:\/\/api.w.org\/{rel}","templated":true}]}}