{"id":80,"date":"2009-06-26T20:24:11","date_gmt":"2009-06-26T18:24:11","guid":{"rendered":"https:\/\/www.dentalogue.com\/de\/?page_id=80"},"modified":"2016-04-12T15:08:25","modified_gmt":"2016-04-12T13:08:25","slug":"agb-dentalogue-care","status":"publish","type":"page","link":"https:\/\/www.dentalogue.com\/de\/agb\/agb-dentalogue-care\/","title":{"rendered":"AGB &#8211; dentalogue care"},"content":{"rendered":"<h1>AGB &#8211; dentalogue care<\/h1>\n<p>(Stand Januar 2013)<\/p>\n<h3>Pr\u00e4ambel<\/h3>\n<p>Die vitalogue GmbH &amp; Co KG unterst\u00fctzt im Unternehmensbereich \u201ecare\u201c (im folgenden dentalogue care) Kunden bei der Suche nach dem passenden Zahnarzt. In diesem Zusammenhang werden verschiedene Leistungen angeboten, die dem Kunden den Besuch einer Zahnarztpraxis erleichtern. dentalogue care selbst bietet keine zahn\u00e4rztlichen Leistungen an; der Behandlungsvertrag kommt ausschlie\u00dflich zwischen dem Kunden und dem behandelnden Zahnarzt zustande.<\/p>\n<h3>I Geltungsbereich<\/h3>\n<p>Die nachstehenden Allgemeinen Gesch\u00e4ftsbedingungen gelten f\u00fcr von dentalogue care angebotene Leistung. Durch die Nutzung des Angebots von dentalogue care, inklusive des pers\u00f6nlichen Gespr\u00e4chs gelten diese Bedingungen als verbindlich vereinbart, wenn nicht etwas anderes explizit schriftlich vereinbart oder gesetzlich zwingend angeordnet ist. Alle von diesen Allgemeinen Gesch\u00e4ftsbedingungen abweichenden Bedingungen gelten nicht.<\/p>\n<h3>II Leistungen<\/h3>\n<p>1.\u00a0\u00a0 \u00a0dentalogue care ber\u00e4t Kunden, die auf der Suche nach einer geeigneten Zahnarztpraxis f\u00fcr sich sind. Je nach Umfang des gew\u00e4hlten Servicepaketes sind in der Leistung enthalten: Beratungsgespr\u00e4ch mit Erstellung eines individuellen Anforderungsprofils des Kunden; eine fundierte Zahnarztempfehlung; auf Wunsch eine Terminvereinbarung beim Zahnarzt. Die umfangreicheren Service-Pakete enthalten neben den o.g. Leistungen einen Hol- und Bring-Dienst vom und zum Zahnarzt\/Hotel\/Flughafen bzw. zus\u00e4tzliche telefonische Betreuung.<br \/>\n2.\u00a0\u00a0 \u00a0dentalogue care stellt den Kontakt zwischen Kunde und Zahnarztpraxis auf der Grundlage des pers\u00f6nlichen Gespr\u00e4chs her. \u00dcber die Empfehlung von Zahnarztpraxen und den o.g. Zusatzleistungen werden keine weiteren Verpflichtungen \u00fcbernommen. Insbesondere f\u00fchrt dentalogue care selbst keine medizinische Beratung und keine Zahnbehandlungen durch. dentalogue care stellt ferner kein Portal dar, welches dazu dient, Preisvergleiche durchzuf\u00fchren oder Zahn\u00e4rzte dazu anzuhalten, alternative Heil- und Kostenpl\u00e4ne zum Zwecke des Kostenvergleichs zu erstellen. Die Leistung von dentalogue care liegt vielmehr darin, einen Zahnarzt zu finden, der dem pers\u00f6nlichen Anforderungsprofil des Kunden am besten entspricht. Grundlage hierf\u00fcr sind die Ergebnisse des Fragebogens und das pers\u00f6nliche Gespr\u00e4ch mit dem Kunden.<br \/>\n3.\u00a0\u00a0 \u00a0Ein Termin und eine darauf folgende Zahnbehandlung kommt nur zwischen dem Kunden und dem von ihm ausgew\u00e4hlten Zahnarzt zustande. dentalogue care hat auf das Zustandekommen oder Nichtzustandekommen einer Behandlung keinen Einfluss, sondern gibt Hilfestellung bei zur Erhaltung eines bevorzugten Termins beim ausgew\u00e4hlten Zahnarzt.<\/p>\n<h3>III Nutzung und Bedingungen<\/h3>\n<p>1.\u00a0\u00a0 \u00a0Die Kunden \u00fcbersenden ihren vollst\u00e4ndig ausgef\u00fcllten Fragebogen. Daraufhin erfolgt ein pers\u00f6nliches Gespr\u00e4ch, in dem die speziellen Anforderungen und W\u00fcnsche des Kunden erfasst werden.<br \/>\n2.\u00a0\u00a0 \u00a0Die Angaben sind vom Kunden korrekt und vollst\u00e4ndig zu machen. F\u00fcr die Vollst\u00e4ndigkeit und Richtigkeit dieser Daten ist der Kunde selbst verantwortlich. F\u00fcr den Fall der \u00dcbermittlung von vors\u00e4tzlich falschen oder unwahren pers\u00f6nlichen Daten durch den Kunden beh\u00e4lt sich dentalogue care vor, Ersatz f\u00fcr dadurch eingetretene Sch\u00e4den zu verlangen.<br \/>\n3.\u00a0\u00a0 \u00a0F\u00fcr den Kunden besteht keine Verpflichtung, sich f\u00fcr den von dentalogue care empfohlenen Zahnarzt zu entscheiden.<br \/>\n4.\u00a0\u00a0 \u00a0Medizinische Beratung sowie das Behandlungsverh\u00e4ltnis erfolgen ausschlie\u00dflich zwischen dem Kunden und dem letztlich behandelnden Zahnarzt. dentalogue care hat hierauf keinen Einfluss.<\/p>\n<h3>IV Leistungsentgelt<\/h3>\n<p>1.\u00a0\u00a0 \u00a0Die Beratungsleistung von dentalogue care erfolgt auf Honorarbasis. Die H\u00f6he des Honorars ergibt sich aus dem Umfang der Leistungen. Die aktuellen Preise sind der Website von dentalogue care zu entnehmen. Bei umfangreichen Premiumpaketen werden Angebote erstellt. Die Honorarzahlung ist nach erfolgter Leistung, also nach dem Beratungsgespr\u00e4ch bzw. den vereinbarten Serviceleistungen zu erbringen.<br \/>\n2.\u00a0\u00a0 \u00a0Es verbleiben s\u00e4mtliche Urheber-, Nutzungs- oder Schutzrechte bei dentalogue care.<br \/>\n3.\u00a0\u00a0 \u00a0F\u00fcr jeden Fall der Zuwiderhandlung gegen das Verbot der gewerblichen oder selbst\u00e4ndigen beruflichen Nutzung gilt eine Vertragsstrafe in H\u00f6he von Euro 10.000 als vereinbart. Unbeschadet der Vertragsstrafe kann dentalogue care weitere Schadensersatzanspr\u00fcche geltend machen und den Kunden von der weiteren Inanspruchnahme der zur Verf\u00fcgung gestellten Leistungen ausschlie\u00dfen.<\/p>\n<h3>V Gew\u00e4hrleistung und Haftung<\/h3>\n<p>1.\u00a0\u00a0 \u00a0dentalogue care \u00fcbernimmt keine Haftung f\u00fcr eine ordnungsgem\u00e4\u00dfe Zahnarztbehandlung. Das Behandlungsverh\u00e4ltnis kommt ausschlie\u00dflich zwischen dem Kunden und dem behandelnden Zahnarzt zustande.<br \/>\n2.\u00a0\u00a0 \u00a0Im Rahmen des eigenen Verantwortungsbereiches haftet dentalogue care nur bei Vorsatz, grober Fahrl\u00e4ssigkeit und der Verletzung von wesentlichen Vertragspflichten. Im Fall einer Verletzung von wesentlichen Vertragspflichten, beschr\u00e4nkt sich die Haftung von dentalogue care auf den vorhersehbaren, vertragstypischen Durchschnittsschaden. Ist der Schaden durch eine vom Kunden abgeschlossene Versicherung (ausgenommen Summenversicherung) gedeckt, so haftet dentalogue care abweichend von vorstehendem Satz nur f\u00fcr die damit verbundenen etwaigen Nachteile des Kunden, z. B. h\u00f6here Versicherungspr\u00e4mien oder Zinsnachteile bis zur Schadensregulierung durch die Versicherung.<\/p>\n<h3>VI Einwilligungserkl\u00e4rung nach dem Bundesdatenschutzgesetz (BDSG)<\/h3>\n<p>1.\u00a0\u00a0 \u00a0dentalogue care erhebt, speichert und verarbeitet im Rahmen des Vertragsverh\u00e4ltnisses erlangte Daten entsprechend den gesetzlichen datenschutzrechtlichen Bestimmungen, zur Erf\u00fcllung seiner Vertragspflichten. (\u00a7 33 BDSG). Die pers\u00f6nlichen Daten des Kunden werden gespeichert (\u00a7 28 Abs. 1 BDSG), um sie f\u00fcr den weiteren Service f\u00fcr den Kunden nutzen zu k\u00f6nnen.<br \/>\n2.\u00a0\u00a0 \u00a0dentalogue care wird dem Kunden auf Verlangen jederzeit \u00fcber den ihn betreffenden gespeicherten Datenbestand vollst\u00e4ndig und unentgeltlich Auskunft erteilen und auf Wunsch die gespeicherten Daten l\u00f6schen.<\/p>\n<h3>VII Gerichtsstand und Rechtsstatut<\/h3>\n<p>Gerichtsstand ist Sitz das Amtsgericht M\u00fcnchen als Sitz von dentalogue care.<\/p>\n<h3>VIII Schlussbestimmungen<\/h3>\n<p>1.\u00a0\u00a0 \u00a0dentalogue care beh\u00e4lt sich vor, die allgemeinen Gesch\u00e4ftsbedingungen zu \u00e4ndern oder zu erweitern. Derartige \u00c4nderungen bed\u00fcrfen zu ihrer Wirksamkeit der Schriftform. Die jeweils aktuelle Version der AGB wird auf der Website www.dentalogue.com bekannt gegeben.<br \/>\n2.\u00a0\u00a0 \u00a0Sollte eine Bestimmung dieser Allgemeinen Gesch\u00e4ftsbedingungen oder ein Teil einer solchen Bestimmung unwirksam sein oder werden, ber\u00fchrt dies nicht die Wirksamkeit dieser Allgemeinen Gesch\u00e4ftsbedingungen im Ganzen.<\/p>\n","protected":false},"excerpt":{"rendered":"<p>AGB &#8211; dentalogue care (Stand Januar 2013) Pr\u00e4ambel Die vitalogue GmbH &amp; Co KG unterst\u00fctzt im Unternehmensbereich \u201ecare\u201c (im folgenden dentalogue care) Kunden bei der Suche nach dem passenden Zahnarzt. In diesem Zusammenhang werden verschiedene Leistungen angeboten, die dem Kunden den Besuch einer Zahnarztpraxis erleichtern. dentalogue care selbst bietet keine zahn\u00e4rztlichen Leistungen an; der Behandlungsvertrag [&hellip;]<\/p>\n","protected":false},"author":2,"featured_media":0,"parent":75,"menu_order":1,"comment_status":"open","ping_status":"open","template":"","meta":[],"_links":{"self":[{"href":"https:\/\/www.dentalogue.com\/de\/wp-json\/wp\/v2\/pages\/80"}],"collection":[{"href":"https:\/\/www.dentalogue.com\/de\/wp-json\/wp\/v2\/pages"}],"about":[{"href":"https:\/\/www.dentalogue.com\/de\/wp-json\/wp\/v2\/types\/page"}],"author":[{"embeddable":true,"href":"https:\/\/www.dentalogue.com\/de\/wp-json\/wp\/v2\/users\/2"}],"replies":[{"embeddable":true,"href":"https:\/\/www.dentalogue.com\/de\/wp-json\/wp\/v2\/comments?post=80"}],"version-history":[{"count":14,"href":"https:\/\/www.dentalogue.com\/de\/wp-json\/wp\/v2\/pages\/80\/revisions"}],"predecessor-version":[{"id":3135,"href":"https:\/\/www.dentalogue.com\/de\/wp-json\/wp\/v2\/pages\/80\/revisions\/3135"}],"up":[{"embeddable":true,"href":"https:\/\/www.dentalogue.com\/de\/wp-json\/wp\/v2\/pages\/75"}],"wp:attachment":[{"href":"https:\/\/www.dentalogue.com\/de\/wp-json\/wp\/v2\/media?parent=80"}],"curies":[{"name":"wp","href":"https:\/\/api.w.org\/{rel}","templated":true}]}}