{"id":75,"date":"2009-06-26T20:08:39","date_gmt":"2009-06-26T18:08:39","guid":{"rendered":"https:\/\/www.dentalogue.com\/de\/?page_id=75"},"modified":"2009-10-15T15:58:09","modified_gmt":"2009-10-15T13:58:09","slug":"agb","status":"publish","type":"page","link":"https:\/\/www.dentalogue.com\/de\/agb\/","title":{"rendered":"AGB"},"content":{"rendered":"<h1>AGB &#8211; Allgemeine Gesch\u00e4ftsbedingungen<\/h1>\n<p>Bitte w\u00e4hlen Sie die AGB des f\u00fcr Sie relevanten Gesch\u00e4ftsbereiches:<\/p>\n<p><a href=\"https:\/\/www.dentalogue.com\/de\/agb\/agb-dentalogue-care\/\" target=\"_self\">dentalogue care<\/a><\/p>\n<p><a href=\"https:\/\/www.dentalogue.com\/de\/agb\/agb-dentalogue-health\/\" target=\"_self\">dentalogue health<\/a><\/p>\n<p><a href=\"https:\/\/www.dentalogue.com\/de\/agb\/agb-dentalogue-consulting\/\" target=\"_self\">dentalogue consulting<\/a><\/p>\n","protected":false},"excerpt":{"rendered":"<p>AGB &#8211; Allgemeine Gesch\u00e4ftsbedingungen Bitte w\u00e4hlen Sie die AGB des f\u00fcr Sie relevanten Gesch\u00e4ftsbereiches: dentalogue care dentalogue health dentalogue consulting<\/p>\n","protected":false},"author":2,"featured_media":0,"parent":0,"menu_order":9,"comment_status":"open","ping_status":"open","template":"","meta":[],"_links":{"self":[{"href":"https:\/\/www.dentalogue.com\/de\/wp-json\/wp\/v2\/pages\/75"}],"collection":[{"href":"https:\/\/www.dentalogue.com\/de\/wp-json\/wp\/v2\/pages"}],"about":[{"href":"https:\/\/www.dentalogue.com\/de\/wp-json\/wp\/v2\/types\/page"}],"author":[{"embeddable":true,"href":"https:\/\/www.dentalogue.com\/de\/wp-json\/wp\/v2\/users\/2"}],"replies":[{"embeddable":true,"href":"https:\/\/www.dentalogue.com\/de\/wp-json\/wp\/v2\/comments?post=75"}],"version-history":[{"count":9,"href":"https:\/\/www.dentalogue.com\/de\/wp-json\/wp\/v2\/pages\/75\/revisions"}],"predecessor-version":[{"id":622,"href":"https:\/\/www.dentalogue.com\/de\/wp-json\/wp\/v2\/pages\/75\/revisions\/622"}],"wp:attachment":[{"href":"https:\/\/www.dentalogue.com\/de\/wp-json\/wp\/v2\/media?parent=75"}],"curies":[{"name":"wp","href":"https:\/\/api.w.org\/{rel}","templated":true}]}}