{"id":71,"date":"2009-06-26T20:00:34","date_gmt":"2009-06-26T18:00:34","guid":{"rendered":"https:\/\/www.dentalogue.com\/de\/?page_id=71"},"modified":"2016-04-12T15:15:13","modified_gmt":"2016-04-12T13:15:13","slug":"datenschutz","status":"publish","type":"page","link":"https:\/\/www.dentalogue.com\/de\/datenschutz\/","title":{"rendered":"Datenschutz"},"content":{"rendered":"<h1>Datenschutz<\/h1>\n<p><strong>Haftungshinweis<\/strong><br \/>\nTrotz sorgf\u00e4ltiger inhaltlicher Kontrolle \u00fcbernimmt die vitalogue GmbH &amp; Co KG keine Haftung f\u00fcr die Inhalte externer Links. F\u00fcr den Inhalt der verlinkten Seiten sind ausschlie\u00dflich deren Betreiber verantwortlich.<\/p>\n<p><strong>Erhebung und Verarbeitung von Daten<\/strong><br \/>\nJeder Zugriff auf die Homepage von vitalogue oder dentalogue und jeder Abruf einer auf der Homepage von vitalogue oder dentalogue hinterlegten Datei werden protokolliert. Die Speicherung dient internen systembezogenen und statistischen Zwecken. Protokolliert werden: Name der abgerufenen Datei, Datum und Uhrzeit des Abrufs, \u00fcbertragene Datenmenge, Meldung \u00fcber erfolgreichen Abruf, Webbrowser und anfragende Domain. Zus\u00e4tzlich werden die IP Adressen der anfragenden Rechner protokolliert. Weitergehende personenbezogene Daten werden nur erfasst, wenn Sie diese Angaben freiwillig, etwa im Rahmen einer Anfrage oder Registrierung, machen.<\/p>\n<p><strong>Nutzung und Weitergabe personenbezogener Daten<\/strong><br \/>\nSoweit Sie dentalogue personenbezogene Daten zur Verf\u00fcgung gestellt haben, werden diese nur zur Beantwortung Ihrer Anfragen, zur Abwicklung mit Ihnen geschlossener Vertr\u00e4ge und f\u00fcr die technische Administration verwendet. Ihre personenbezogenen Daten werden an Dritte nur weitergegeben oder sonst \u00fcbermittelt, wenn dies zum Zwecke der Vertragsabwicklung oder Abrechnung erforderlich ist oder Sie zuvor eingewilligt haben. Sie haben das Recht, eine erteilte Einwilligung mit Wirkung f\u00fcr die Zukunft jederzeit zu widerrufen. Die L\u00f6schung der gespeicherten personenbezogenen Daten erfolgt, wenn Sie Ihre Einwilligung zur Speicherung widerrufen, wenn ihre Kenntnis zur Erf\u00fcllung des mit der Speicherung verfolgten Zwecks nicht mehr erforderlich ist oder wenn ihre Speicherung aus sonstigen gesetzlichen Gr\u00fcnden unzul\u00e4ssig ist. Auf schriftliche Anfrage werden Sie gern \u00fcber die zu Ihrer Person gespeicherten Daten informiert.<\/p>\n<p><strong>Sicherheitshinweis<\/strong><br \/>\nDie vitalogue GmbH &amp; Co KG ist bem\u00fcht, Ihre personenbezogenen Daten durch Ergreifung aller technischen und organisatorischen M\u00f6glichkeiten so zu speichern, dass sie f\u00fcr Dritte nicht zug\u00e4nglich sind. Bei der Kommunikation per E Mail kann die vollst\u00e4ndige Datensicherheit nicht gew\u00e4hrleistet werden.<\/p>\n<p><strong>Copyright<\/strong><br \/>\nAlle auf dieser Webseite verwendeten Inhalte, Produktbezeichnungen, Logos und Warenzeichen sind Eigentum der entsprechenden Inhaber und sind urheberrechtlich gesch\u00fctzt. Informationen auf dieser Webseite einschlie\u00dflich der Texte, Bilder, Musik und anderer akustischer Inhalte d\u00fcrfen nicht ohne vorherige ausdr\u00fcckliche, schriftliche Genehmigung vervielf\u00e4ltigt, vertrieben, \u00fcbertragen, gespeichert oder in sonstiger Form genutzt werden. Die Webseiten und deren Inhalt d\u00fcrfen nicht ver\u00e4ndert werden oder auf anderen Webseiten genutzt werden.<\/p>\n","protected":false},"excerpt":{"rendered":"<p>Datenschutz Haftungshinweis Trotz sorgf\u00e4ltiger inhaltlicher Kontrolle \u00fcbernimmt die vitalogue GmbH &amp; Co KG keine Haftung f\u00fcr die Inhalte externer Links. F\u00fcr den Inhalt der verlinkten Seiten sind ausschlie\u00dflich deren Betreiber verantwortlich. Erhebung und Verarbeitung von Daten Jeder Zugriff auf die Homepage von vitalogue oder dentalogue und jeder Abruf einer auf der Homepage von vitalogue oder [&hellip;]<\/p>\n","protected":false},"author":2,"featured_media":0,"parent":0,"menu_order":10,"comment_status":"open","ping_status":"open","template":"","meta":[],"_links":{"self":[{"href":"https:\/\/www.dentalogue.com\/de\/wp-json\/wp\/v2\/pages\/71"}],"collection":[{"href":"https:\/\/www.dentalogue.com\/de\/wp-json\/wp\/v2\/pages"}],"about":[{"href":"https:\/\/www.dentalogue.com\/de\/wp-json\/wp\/v2\/types\/page"}],"author":[{"embeddable":true,"href":"https:\/\/www.dentalogue.com\/de\/wp-json\/wp\/v2\/users\/2"}],"replies":[{"embeddable":true,"href":"https:\/\/www.dentalogue.com\/de\/wp-json\/wp\/v2\/comments?post=71"}],"version-history":[{"count":10,"href":"https:\/\/www.dentalogue.com\/de\/wp-json\/wp\/v2\/pages\/71\/revisions"}],"predecessor-version":[{"id":3138,"href":"https:\/\/www.dentalogue.com\/de\/wp-json\/wp\/v2\/pages\/71\/revisions\/3138"}],"wp:attachment":[{"href":"https:\/\/www.dentalogue.com\/de\/wp-json\/wp\/v2\/media?parent=71"}],"curies":[{"name":"wp","href":"https:\/\/api.w.org\/{rel}","templated":true}]}}