{"id":7,"date":"2009-06-26T09:49:28","date_gmt":"2009-06-26T07:49:28","guid":{"rendered":"https:\/\/www.dentalogue.com\/de\/?page_id=7"},"modified":"2011-01-19T17:31:28","modified_gmt":"2011-01-19T15:31:28","slug":"care","status":"publish","type":"page","link":"https:\/\/www.dentalogue.com\/de\/care\/","title":{"rendered":"Zahnarzt-Suche"},"content":{"rendered":"<h1>Ihr Zahnarzt-Lotse<\/h1>\n<p>Wir unterst\u00fctzen Sie bei der Zahnarztsuche. Die fachliche Expertise des Zahnarztes und die Qualit\u00e4t des Ergebnisses z\u00e4hlen ebenso wie faire Kosten, Vertrauen und Sympathie.<\/p>\n<p>Durch unsere Erfahrung in der Beratung von Zahn\u00e4rzten kennen wir deren Schwerpunkte, St\u00e4rken und Qualit\u00e4tsstandards. Dieses Wissen machen wir f\u00fcr Sie nutzbar, damit Sie bestens versorgt sind.<!--more--><\/p>\n<p>Unser Angebot f\u00fcr Sie:<\/p>\n<h2>Das Basic-Paket<\/h2>\n<p>F\u00fcr alle, die in erster Linie eine fundierte Zahnarztempfehlung ben\u00f6tigen. <a href=\"https:\/\/www.dentalogue.com\/de\/care\/professionelle-zahnarztempfehlung\/individuelle-beratung\/\">Mehr<\/a> &#8230;<\/p>\n<h2>Das Classic-Paket<\/h2>\n<p>F\u00fcr alle, die zus\u00e4tzlich zum Basis-Paket unseren pers\u00f6nlichen Betreuungs-Service rund um den Zahnarztbesuch in Anspruch nehmen m\u00f6chten.<a href=\"https:\/\/www.dentalogue.com\/de\/care\/professionelle-zahnarztempfehlung\/zahnarzt-shuttle-service\/\"> Mehr<\/a> &#8230;<\/p>\n<h2>Das Premium-Paket<\/h2>\n<p>F\u00fcr alle, die extra zur Zahnbehandlung anreisen und zus\u00e4tzlich zum Classic-Paket individuellen Reise-Service in Anspruch nehmen m\u00f6chten. <a href=\"https:\/\/www.dentalogue.com\/de\/care\/professionelle-zahnarztempfehlung\/zahnaerztin-muenchen\/\">Mehr<\/a> &#8230;<\/p>\n<h2>Haben wir Ihr Interesse geweckt?<\/h2>\n<p>Dann z\u00f6gern Sie nicht und vereinbaren Sie noch heute einen Beratungstermin.<br \/>\n<a href=\"https:\/\/www.dentalogue.com\/de\/kontakt\/\">Zum Kontaktformular<\/a><\/p>\n","protected":false},"excerpt":{"rendered":"<p>Ihr Zahnarzt-Lotse Wir unterst\u00fctzen Sie bei der Zahnarztsuche. Die fachliche Expertise des Zahnarztes und die Qualit\u00e4t des Ergebnisses z\u00e4hlen ebenso wie faire Kosten, Vertrauen und Sympathie. Durch unsere Erfahrung in der Beratung von Zahn\u00e4rzten kennen wir deren Schwerpunkte, St\u00e4rken und Qualit\u00e4tsstandards. Dieses Wissen machen wir f\u00fcr Sie nutzbar, damit Sie bestens versorgt sind.<\/p>\n","protected":false},"author":2,"featured_media":0,"parent":0,"menu_order":1,"comment_status":"open","ping_status":"open","template":"","meta":[],"_links":{"self":[{"href":"https:\/\/www.dentalogue.com\/de\/wp-json\/wp\/v2\/pages\/7"}],"collection":[{"href":"https:\/\/www.dentalogue.com\/de\/wp-json\/wp\/v2\/pages"}],"about":[{"href":"https:\/\/www.dentalogue.com\/de\/wp-json\/wp\/v2\/types\/page"}],"author":[{"embeddable":true,"href":"https:\/\/www.dentalogue.com\/de\/wp-json\/wp\/v2\/users\/2"}],"replies":[{"embeddable":true,"href":"https:\/\/www.dentalogue.com\/de\/wp-json\/wp\/v2\/comments?post=7"}],"version-history":[{"count":78,"href":"https:\/\/www.dentalogue.com\/de\/wp-json\/wp\/v2\/pages\/7\/revisions"}],"predecessor-version":[{"id":25,"href":"https:\/\/www.dentalogue.com\/de\/wp-json\/wp\/v2\/pages\/7\/revisions\/25"}],"wp:attachment":[{"href":"https:\/\/www.dentalogue.com\/de\/wp-json\/wp\/v2\/media?parent=7"}],"curies":[{"name":"wp","href":"https:\/\/api.w.org\/{rel}","templated":true}]}}