{"id":59,"date":"2009-06-26T19:53:39","date_gmt":"2009-06-26T17:53:39","guid":{"rendered":"https:\/\/www.dentalogue.com\/de\/?page_id=59"},"modified":"2009-11-06T13:17:22","modified_gmt":"2009-11-06T11:17:22","slug":"faq","status":"publish","type":"page","link":"https:\/\/www.dentalogue.com\/de\/consulting\/faq\/","title":{"rendered":"Fragen und Antworten"},"content":{"rendered":"<h1>H\u00e4ufige Fragen zu dentalogue consulting<\/h1>\n<h3>Beraten Sie nur Zahn\u00e4rzte oder auch Arztpraxen unterschiedlicher Fachrichtungen?<\/h3>\n<p>Wir sind prim\u00e4r auf die  Beratung von Zahnarztpraxen spezialisiert. Diese Erfahrungen sind in den von uns angebotenen Leistungsbereichen durchaus auch auf Arztpraxen anderer Fachrichtungen \u00fcbertragbar. Wir sind es gewohnt, uns sehr schnell in neue Kontexte und Branchen einzuarbeiten, deshalb bieten wir auf Anfrage unsere consulting-Leistungen selbstverst\u00e4ndlich auch f\u00fcr \u00c4rzte unterschiedlicher Fachgebiete an.<\/p>\n<h3>Ist es eine Voraussetzung von dentalogue beraten zu werden, wenn man sich als Zahnarzt daf\u00fcr interessiert, Kooperationspartner von dentaloge care zu werden?<\/h3>\n<p>Nein, es ist keine Voraussetzung. Um jedoch Kooperationspartner von dentalogue care zu werden, sollten Sie uns von Ihrem Werteverst\u00e4ndnis und Ihrem Qualit\u00e4tsbewusstsein \u00fcberzeugen. Dabei legen wir Wert darauf, dass dieser Anspruch von Ihnen und Ihren Mitarbeitern auch tats\u00e4chlich gelebt wird. Unabh\u00e4ngig davon, ob Sie Kooperationspartner von dentalogue care werden wollen oder nicht, bieten wir Ihnen nat\u00fcrlich gerne unsere Beratungsleistung an.<\/p>\n<h3>Muss ich eine regelm\u00e4\u00dfige Beitragspauschale zahlen, wenn ich von Ihnen beraten werde?<\/h3>\n<p>Selbstverst\u00e4ndlich nicht. Wir verrechnen Ihnen nur die Leistungen, die wir mit Ihnen vereinbart haben. F\u00fcr die Auftragskl\u00e4rung nehmen wir uns ausreichend Zeit. Sie sind zu jeder Zeit informiert, welche Leistungen erbracht werden und welche Kosten daf\u00fcr anfallen. Transparenz in der Zusammenarbeit ist uns sehr wichtig!<\/p>\n<h3>Kann es passieren, dass die tats\u00e4chlichen Kosten viel h\u00f6her ausfallen, als die vereinbarten?<\/h3>\n<p>Nein, das kann nicht passieren. Wir schlie\u00dfen mit Ihnen einen Beratungsvertrag, in dem Sie und dentalogue an vereinbarte Konditionen (lt. Angebot) gebunden sind. Was jedoch eintreten kann ist, dass wir im Laufe eines Beratungsprozesses feststellen, dass sich Beratungsthemen zeigen, die zum Zeitpunkt des Angebotes noch nicht absehbar waren. Wenn dies eintritt, suchen wir mit Ihnen das Gespr\u00e4ch und vereinbaren &#8211; wenn Sie dies w\u00fcnschen &#8211; eine Erweiterung des Angebotes. Die zus\u00e4tzlichen Kosten sind selbstverst\u00e4ndlich Teil dieser Erweiterung. Sie sind also zu jedem Zeitpunkt \u00fcber die H\u00f6he der Kosten informiert.<\/p>\n<h3>Ist das gesamte Beratungshonorar auf einmal f\u00e4llig?<\/h3>\n<p>H\u00f6he der Kosten und Zahlungsmodalit\u00e4ten werden immer im Rahmen der Auftragskl\u00e4rung besprochen und fixiert. Bei gr\u00f6\u00dferen Projekten vereinbaren wir in der Regel Teilzahlungen. Rechnungen sind immer nach Erbringung der Leistung f\u00e4llig.<\/p>\n<h3>Bieten Sie Ihre Beratung auch f\u00fcr Praxen an, die nicht in M\u00fcnchen sind? Wenn ja, welche zus\u00e4tzlichen Kosten fallen dann an?<\/h3>\n<p>dentalogue sitzt zwar in M\u00fcnchen, kann jedoch Beratungsleistungen auch an anderen Orten erbringen. Im Rahmen der Auftragskl\u00e4rung wird vereinbart, wieviel Pr\u00e4senzzeit vor Ort n\u00f6tig ist und welche Leistungen wir sozusagen &#8222;remote&#8220; erledigen k\u00f6nnen. Wenn wir bei Ihnen vor Ort sind, fallen in der Regel Reisespesen und ggf. Kosten f\u00fcr Unterkunft an. Die genauen Spesenregelungen finden Sie in unseren AGB consulting. Manchmal vereinbaren wir jedoch auch, Spesen als Pauschalkosten zu verrechnen.<\/p>\n","protected":false},"excerpt":{"rendered":"<p>H\u00e4ufige Fragen zu dentalogue consulting Beraten Sie nur Zahn\u00e4rzte oder auch Arztpraxen unterschiedlicher Fachrichtungen? Wir sind prim\u00e4r auf die Beratung von Zahnarztpraxen spezialisiert. Diese Erfahrungen sind in den von uns angebotenen Leistungsbereichen durchaus auch auf Arztpraxen anderer Fachrichtungen \u00fcbertragbar. Wir sind es gewohnt, uns sehr schnell in neue Kontexte und Branchen einzuarbeiten, deshalb bieten wir [&hellip;]<\/p>\n","protected":false},"author":2,"featured_media":0,"parent":12,"menu_order":5,"comment_status":"open","ping_status":"open","template":"","meta":[],"_links":{"self":[{"href":"https:\/\/www.dentalogue.com\/de\/wp-json\/wp\/v2\/pages\/59"}],"collection":[{"href":"https:\/\/www.dentalogue.com\/de\/wp-json\/wp\/v2\/pages"}],"about":[{"href":"https:\/\/www.dentalogue.com\/de\/wp-json\/wp\/v2\/types\/page"}],"author":[{"embeddable":true,"href":"https:\/\/www.dentalogue.com\/de\/wp-json\/wp\/v2\/users\/2"}],"replies":[{"embeddable":true,"href":"https:\/\/www.dentalogue.com\/de\/wp-json\/wp\/v2\/comments?post=59"}],"version-history":[{"count":22,"href":"https:\/\/www.dentalogue.com\/de\/wp-json\/wp\/v2\/pages\/59\/revisions"}],"predecessor-version":[{"id":967,"href":"https:\/\/www.dentalogue.com\/de\/wp-json\/wp\/v2\/pages\/59\/revisions\/967"}],"up":[{"embeddable":true,"href":"https:\/\/www.dentalogue.com\/de\/wp-json\/wp\/v2\/pages\/12"}],"wp:attachment":[{"href":"https:\/\/www.dentalogue.com\/de\/wp-json\/wp\/v2\/media?parent=59"}],"curies":[{"name":"wp","href":"https:\/\/api.w.org\/{rel}","templated":true}]}}