{"id":560,"date":"2009-07-15T18:05:16","date_gmt":"2009-07-15T16:05:16","guid":{"rendered":"https:\/\/www.dentalogue.com\/de\/?page_id=560"},"modified":"2013-11-20T19:08:05","modified_gmt":"2013-11-20T17:08:05","slug":"assistenz","status":"publish","type":"page","link":"https:\/\/www.dentalogue.com\/de\/jobs\/assistenz\/","title":{"rendered":"B\u00fcro-Assistenz (m\/w)"},"content":{"rendered":"<h1>B\u00fcro-Assistenz (m\/w) f\u00fcr vitalogue<\/h1>\n<p>Wir suchen fortlaufend freiberufliche Mitarbeiter\/innen oder Student\/innen auf Teilzeit- oder Stundenbasis zur Mitarbeit f\u00fcr den Gesch\u00e4ftsbereich vitalogue in M\u00fcnchen.<\/p>\n<h3><strong>Was Sie mitbringen<\/strong><\/h3>\n<ul>\n<li>organisatorisches Talent, gute Arbeitsmethodik und Selbst\u00e4ndigkeit<\/li>\n<li>sichere IT-Anwenderkenntnisse (Office Programme, Internet)<\/li>\n<li>Offenheit und Interesse f\u00fcr vielseitige T\u00e4tigkeiten (&#8222;Allrounder&#8220;)<\/li>\n<li>Eloquenz und Dienstleistungsorientierung im Umgang mit Kunden<\/li>\n<\/ul>\n<h3><strong>Was wir bieten<\/strong><\/h3>\n<ul>\n<li>ein breites, spannendes Augabenspektrum: von administrativen T\u00e4tigkeiten \u00fcber Kundengespr\u00e4che bis hin zur Unterst\u00fctzung der Gesch\u00e4ftsleitung<\/li>\n<li>Einblicke in den komplexen Gesundheitsmarkt<\/li>\n<li>zentrale, gut erreichbare Arbeitsst\u00e4tte (Uni-N\u00e4he\/ M\u00fcnchen Schwabing)<\/li>\n<li>ein symphathisches Team, in dem das Arbeiten Spa\u00df macht!<\/li>\n<\/ul>\n<p>Wir freuen uns auf Ihre aussagekr\u00e4ftigen Unterlagen per eMail an: <a href=\"mailto:contact@dentalogue.com\" target=\"_blank\">contact@vitalogue.com<\/a><\/p>\n","protected":false},"excerpt":{"rendered":"<p>B\u00fcro-Assistenz (m\/w) f\u00fcr vitalogue Wir suchen fortlaufend freiberufliche Mitarbeiter\/innen oder Student\/innen auf Teilzeit- oder Stundenbasis zur Mitarbeit f\u00fcr den Gesch\u00e4ftsbereich vitalogue in M\u00fcnchen. Was Sie mitbringen organisatorisches Talent, gute Arbeitsmethodik und Selbst\u00e4ndigkeit sichere IT-Anwenderkenntnisse (Office Programme, Internet) Offenheit und Interesse f\u00fcr vielseitige T\u00e4tigkeiten (&#8222;Allrounder&#8220;) Eloquenz und Dienstleistungsorientierung im Umgang mit Kunden Was wir bieten ein [&hellip;]<\/p>\n","protected":false},"author":2,"featured_media":0,"parent":41,"menu_order":0,"comment_status":"open","ping_status":"closed","template":"","meta":[],"_links":{"self":[{"href":"https:\/\/www.dentalogue.com\/de\/wp-json\/wp\/v2\/pages\/560"}],"collection":[{"href":"https:\/\/www.dentalogue.com\/de\/wp-json\/wp\/v2\/pages"}],"about":[{"href":"https:\/\/www.dentalogue.com\/de\/wp-json\/wp\/v2\/types\/page"}],"author":[{"embeddable":true,"href":"https:\/\/www.dentalogue.com\/de\/wp-json\/wp\/v2\/users\/2"}],"replies":[{"embeddable":true,"href":"https:\/\/www.dentalogue.com\/de\/wp-json\/wp\/v2\/comments?post=560"}],"version-history":[{"count":13,"href":"https:\/\/www.dentalogue.com\/de\/wp-json\/wp\/v2\/pages\/560\/revisions"}],"predecessor-version":[{"id":565,"href":"https:\/\/www.dentalogue.com\/de\/wp-json\/wp\/v2\/pages\/560\/revisions\/565"}],"up":[{"embeddable":true,"href":"https:\/\/www.dentalogue.com\/de\/wp-json\/wp\/v2\/pages\/41"}],"wp:attachment":[{"href":"https:\/\/www.dentalogue.com\/de\/wp-json\/wp\/v2\/media?parent=560"}],"curies":[{"name":"wp","href":"https:\/\/api.w.org\/{rel}","templated":true}]}}