{"id":547,"date":"2009-07-15T17:59:33","date_gmt":"2009-07-15T15:59:33","guid":{"rendered":"https:\/\/www.dentalogue.com\/de\/?page_id=547"},"modified":"2013-11-20T19:02:21","modified_gmt":"2013-11-20T17:02:21","slug":"vertrieb","status":"publish","type":"page","link":"https:\/\/www.dentalogue.com\/de\/jobs\/vertrieb\/","title":{"rendered":"Vertriebsexperten (m\/w)"},"content":{"rendered":"<h1>Vetriebsexperten (m\/w) f\u00fcr vitalogue<\/h1>\n<p>Wir suchen erfahrene Vertriebsexperten (m\/w) auf freiberuflicher Basis, die Interesse am Aufbau der Marke vitalogue haben und langj\u00e4hrige Vertriebserfahrung im Gesundheitsmarkt mitbringen.<\/p>\n<h3><strong>Was Sie mitbringen<\/strong><\/h3>\n<ul>\n<li>fundierte, nachweisliche Vertriebskompetenz im Gesundheitsmarkt<\/li>\n<li>sicheres, professionelles Auftreten und starke kommunikative F\u00e4higkeiten<\/li>\n<li>verl\u00e4ssliches und loyales Agieren nach innen und au\u00dfen<\/li>\n<li>hohe Service-Orientierung<\/li>\n<li>Eigeninitiative in der Kontaktgenerierung mit \u00c4rzten, Heilpraktikern, Therapeuten und Apotheken<\/li>\n<\/ul>\n<h3><strong>Was wir bieten<\/strong><\/h3>\n<ul>\n<li>hochwertige Produkte, die sich am Markt abheben<\/li>\n<li>professionelle Marketing-Unterlagen<\/li>\n<li>fachlichen Austausch und gegenseitige Unterst\u00fctzung<\/li>\n<li>eine attraktive, leistungsbezogene Verg\u00fctung<\/li>\n<li>ein sympathisches Team, in dem das Arbeiten Spa\u00df macht!<\/li>\n<\/ul>\n<p>Wir freuen uns auf Ihre aussagekr\u00e4ftigen Unterlagen per eMail an: <a href=\"mailto:contact@dentalogue.com\" target=\"_blank\">contact@vitalogue.com<\/a><\/p>\n","protected":false},"excerpt":{"rendered":"<p>Vetriebsexperten (m\/w) f\u00fcr vitalogue Wir suchen erfahrene Vertriebsexperten (m\/w) auf freiberuflicher Basis, die Interesse am Aufbau der Marke vitalogue haben und langj\u00e4hrige Vertriebserfahrung im Gesundheitsmarkt mitbringen. Was Sie mitbringen fundierte, nachweisliche Vertriebskompetenz im Gesundheitsmarkt sicheres, professionelles Auftreten und starke kommunikative F\u00e4higkeiten verl\u00e4ssliches und loyales Agieren nach innen und au\u00dfen hohe Service-Orientierung Eigeninitiative in der Kontaktgenerierung [&hellip;]<\/p>\n","protected":false},"author":2,"featured_media":0,"parent":41,"menu_order":0,"comment_status":"open","ping_status":"open","template":"","meta":[],"_links":{"self":[{"href":"https:\/\/www.dentalogue.com\/de\/wp-json\/wp\/v2\/pages\/547"}],"collection":[{"href":"https:\/\/www.dentalogue.com\/de\/wp-json\/wp\/v2\/pages"}],"about":[{"href":"https:\/\/www.dentalogue.com\/de\/wp-json\/wp\/v2\/types\/page"}],"author":[{"embeddable":true,"href":"https:\/\/www.dentalogue.com\/de\/wp-json\/wp\/v2\/users\/2"}],"replies":[{"embeddable":true,"href":"https:\/\/www.dentalogue.com\/de\/wp-json\/wp\/v2\/comments?post=547"}],"version-history":[{"count":11,"href":"https:\/\/www.dentalogue.com\/de\/wp-json\/wp\/v2\/pages\/547\/revisions"}],"predecessor-version":[{"id":3085,"href":"https:\/\/www.dentalogue.com\/de\/wp-json\/wp\/v2\/pages\/547\/revisions\/3085"}],"up":[{"embeddable":true,"href":"https:\/\/www.dentalogue.com\/de\/wp-json\/wp\/v2\/pages\/41"}],"wp:attachment":[{"href":"https:\/\/www.dentalogue.com\/de\/wp-json\/wp\/v2\/media?parent=547"}],"curies":[{"name":"wp","href":"https:\/\/api.w.org\/{rel}","templated":true}]}}