{"id":462,"date":"2009-07-15T16:29:46","date_gmt":"2009-07-15T14:29:46","guid":{"rendered":"https:\/\/www.dentalogue.com\/de\/?page_id=462"},"modified":"2010-01-26T09:26:19","modified_gmt":"2010-01-26T07:26:19","slug":"wies","status":"publish","type":"page","link":"https:\/\/www.dentalogue.com\/de\/ueber-uns\/dentalogue-team\/wies\/","title":{"rendered":"Dr. Andreas Wies"},"content":{"rendered":"<h1><strong>Dr. Andreas Wies, Gesch\u00e4ftsf\u00fchrer<\/strong><\/h1>\n<p>Mit der Gr\u00fcndung von dentalogue hat Dr. Andreas Wies eine lang bestehende Vision verwirklicht: Innovative Leistungen im Gesundheitsmarkt anzubieten, sowohl f\u00fcr \u00c4rzte als auch f\u00fcr Patienten. Dabei steht eine fundierte, ganzheitliche Beratung im Vordergrund.<\/p>\n<p><strong>Eckdaten<\/strong><\/p>\n<ul>\n<li>Diplom-Studium und Promotion der Betriebswirtschaft<\/li>\n<li>Zusatzausbildungen in Kommunikation (NLP)<\/li>\n<li>Unternehmensf\u00fchrung, Unternehmensberatung (Strategie und Organisation)<\/li>\n<\/ul>\n<p><strong>Schwerpunkte bei dentalogue<\/strong><\/p>\n<ul>\n<li>Strategische Ausrichtung und Gesch\u00e4ftsleitung von dentalogue<\/li>\n<li>Patientenberatung in puncto Zahn\u00e4rzte<\/li>\n<li>\u00c4rztebetreuung und -beratung in puncto Strategie, Unternehmensf\u00fchrung und Marketing.<\/li>\n<\/ul>\n<p><span style=\"color: #ffffff;\">&#8230;<\/span><\/p>\n<p><span style=\"color: #ffffff;\">&#8230;<\/span><\/p>\n<p><span style=\"color: #ffffff;\">&#8230;<\/span><\/p>\n<p><span style=\"color: #ffffff;\">&#8230;<\/span><\/p>\n<h6><span style=\"color: #c0c0c0;\"><span style=\"color: #999999;\">Weitere Profile im Netz:<\/span> <a href=\"http:\/\/twitter.com\/dentalogue\" target=\"_blank\">twitter<\/a> | <a href=\"http:\/\/www.xing.com\/profile\/Andreas_Wies\" target=\"_blank\">Xing<\/a> | <a href=\"http:\/\/www.brainguide.de\/andreas-wies\" target=\"_blank\">brainguide<\/a> | <a href=\"http:\/\/de-de.facebook.com\/pages\/Munchen-Germany\/Mit-Energie-Vitalitat-durchs-Leben\/207322102396\" target=\"_blank\">facebook<\/a> |<\/span><\/h6>\n","protected":false},"excerpt":{"rendered":"<p>Dr. Andreas Wies, Gesch\u00e4ftsf\u00fchrer Mit der Gr\u00fcndung von dentalogue hat Dr. Andreas Wies eine lang bestehende Vision verwirklicht: Innovative Leistungen im Gesundheitsmarkt anzubieten, sowohl f\u00fcr \u00c4rzte als auch f\u00fcr Patienten. Dabei steht eine fundierte, ganzheitliche Beratung im Vordergrund. Eckdaten Diplom-Studium und Promotion der Betriebswirtschaft Zusatzausbildungen in Kommunikation (NLP) Unternehmensf\u00fchrung, Unternehmensberatung (Strategie und Organisation) Schwerpunkte bei [&hellip;]<\/p>\n","protected":false},"author":2,"featured_media":0,"parent":459,"menu_order":0,"comment_status":"open","ping_status":"open","template":"","meta":[],"_links":{"self":[{"href":"https:\/\/www.dentalogue.com\/de\/wp-json\/wp\/v2\/pages\/462"}],"collection":[{"href":"https:\/\/www.dentalogue.com\/de\/wp-json\/wp\/v2\/pages"}],"about":[{"href":"https:\/\/www.dentalogue.com\/de\/wp-json\/wp\/v2\/types\/page"}],"author":[{"embeddable":true,"href":"https:\/\/www.dentalogue.com\/de\/wp-json\/wp\/v2\/users\/2"}],"replies":[{"embeddable":true,"href":"https:\/\/www.dentalogue.com\/de\/wp-json\/wp\/v2\/comments?post=462"}],"version-history":[{"count":24,"href":"https:\/\/www.dentalogue.com\/de\/wp-json\/wp\/v2\/pages\/462\/revisions"}],"predecessor-version":[{"id":473,"href":"https:\/\/www.dentalogue.com\/de\/wp-json\/wp\/v2\/pages\/462\/revisions\/473"}],"up":[{"embeddable":true,"href":"https:\/\/www.dentalogue.com\/de\/wp-json\/wp\/v2\/pages\/459"}],"wp:attachment":[{"href":"https:\/\/www.dentalogue.com\/de\/wp-json\/wp\/v2\/media?parent=462"}],"curies":[{"name":"wp","href":"https:\/\/api.w.org\/{rel}","templated":true}]}}