{"id":449,"date":"2009-07-15T16:01:51","date_gmt":"2009-07-15T14:01:51","guid":{"rendered":"https:\/\/www.dentalogue.com\/de\/?page_id=449"},"modified":"2013-11-20T18:43:34","modified_gmt":"2013-11-20T16:43:34","slug":"arztleistungen","status":"publish","type":"page","link":"https:\/\/www.dentalogue.com\/de\/ueber-uns\/arztleistungen\/","title":{"rendered":"Leistungen f\u00fcr \u00c4rzte"},"content":{"rendered":"<h1>Ihr Erfolg ist unser Ziel<\/h1>\n<p>Die Rahmenbedingungen und Anforderungen f\u00fcr (Zahn-)\u00c4rzte und Therapeuten sind heutzutage mehr denn je dynamisch &#8211; um diese Herausforderungen als Chance zu nutzen, stellen wir langj\u00e4hrige Erfahrung aus Wirtschaft und Gesundheitswesen zur Verf\u00fcgung, um \u00c4rzten, Heilpraktikern und Therapeuten den Weg zu nachhaltigem Praxiserfolg zu ebnen.<\/p>\n<p>Konkret unterst\u00fctzen und beraten wir in folgenden Themen:<\/p>\n<ul>\n<li>Praxisf\u00fchrung<\/li>\n<li>Praxiskommunikation<\/li>\n<li>Marketing (mit Fokus Markenbildung)<\/li>\n<\/ul>\n<p>Weitere Informationen finden Sie unter <a href=\"https:\/\/www.dentalogue.com\/de\/consulting\"><strong>dentalogue consulting<\/strong><\/a>.<\/p>\n","protected":false},"excerpt":{"rendered":"<p>Ihr Erfolg ist unser Ziel Die Rahmenbedingungen und Anforderungen f\u00fcr (Zahn-)\u00c4rzte und Therapeuten sind heutzutage mehr denn je dynamisch &#8211; um diese Herausforderungen als Chance zu nutzen, stellen wir langj\u00e4hrige Erfahrung aus Wirtschaft und Gesundheitswesen zur Verf\u00fcgung, um \u00c4rzten, Heilpraktikern und Therapeuten den Weg zu nachhaltigem Praxiserfolg zu ebnen. Konkret unterst\u00fctzen und beraten wir in [&hellip;]<\/p>\n","protected":false},"author":2,"featured_media":0,"parent":37,"menu_order":2,"comment_status":"open","ping_status":"open","template":"","meta":[],"_links":{"self":[{"href":"https:\/\/www.dentalogue.com\/de\/wp-json\/wp\/v2\/pages\/449"}],"collection":[{"href":"https:\/\/www.dentalogue.com\/de\/wp-json\/wp\/v2\/pages"}],"about":[{"href":"https:\/\/www.dentalogue.com\/de\/wp-json\/wp\/v2\/types\/page"}],"author":[{"embeddable":true,"href":"https:\/\/www.dentalogue.com\/de\/wp-json\/wp\/v2\/users\/2"}],"replies":[{"embeddable":true,"href":"https:\/\/www.dentalogue.com\/de\/wp-json\/wp\/v2\/comments?post=449"}],"version-history":[{"count":12,"href":"https:\/\/www.dentalogue.com\/de\/wp-json\/wp\/v2\/pages\/449\/revisions"}],"predecessor-version":[{"id":452,"href":"https:\/\/www.dentalogue.com\/de\/wp-json\/wp\/v2\/pages\/449\/revisions\/452"}],"up":[{"embeddable":true,"href":"https:\/\/www.dentalogue.com\/de\/wp-json\/wp\/v2\/pages\/37"}],"wp:attachment":[{"href":"https:\/\/www.dentalogue.com\/de\/wp-json\/wp\/v2\/media?parent=449"}],"curies":[{"name":"wp","href":"https:\/\/api.w.org\/{rel}","templated":true}]}}