{"id":41,"date":"2009-06-26T19:12:41","date_gmt":"2009-06-26T17:12:41","guid":{"rendered":"https:\/\/www.dentalogue.com\/de\/?page_id=41"},"modified":"2013-11-20T19:03:49","modified_gmt":"2013-11-20T17:03:49","slug":"jobs","status":"publish","type":"page","link":"https:\/\/www.dentalogue.com\/de\/jobs\/","title":{"rendered":"Jobs"},"content":{"rendered":"<h1>Interesse an einer Zusammenarbeit?<\/h1>\n<p>Wenn Sie in einem kleinen, dynamischen Team arbeiten und sich in den Themen Gesundheit, ganzheitliche Medizin, Beratung engagieren m\u00f6chten, dann sollten wir uns kennenlernen. \u00dcberzeugen Sie uns in Ihrer aussagekr\u00e4ftigen Bewerbung, welche Talente und Ideen Sie mitbringen!<\/p>\n<p>Aktuell suchen wir<\/p>\n<ul>\n<li>\n<h3><a href=\"..\/jobs\/berater\/\">Vertriebsexperten (m\/w)<\/a><\/h3>\n<\/li>\n<li>\n<h3><a href=\"https:\/\/www.dentalogue.com\/de\/jobs\/assistenz\/\">B\u00fcro-Assistenz (m\/w)<\/a><\/h3>\n<\/li>\n<\/ul>\n<p><a href=\"https:\/\/www.dentalogue.com\/de\/jobs\/berater\/\"><br \/>\n<\/a><\/p>\n","protected":false},"excerpt":{"rendered":"<p>Interesse an einer Zusammenarbeit? Wenn Sie in einem kleinen, dynamischen Team arbeiten und sich in den Themen Gesundheit, ganzheitliche Medizin, Beratung engagieren m\u00f6chten, dann sollten wir uns kennenlernen. \u00dcberzeugen Sie uns in Ihrer aussagekr\u00e4ftigen Bewerbung, welche Talente und Ideen Sie mitbringen! Aktuell suchen wir Vertriebsexperten (m\/w) B\u00fcro-Assistenz (m\/w)<\/p>\n","protected":false},"author":2,"featured_media":0,"parent":0,"menu_order":5,"comment_status":"open","ping_status":"open","template":"","meta":[],"_links":{"self":[{"href":"https:\/\/www.dentalogue.com\/de\/wp-json\/wp\/v2\/pages\/41"}],"collection":[{"href":"https:\/\/www.dentalogue.com\/de\/wp-json\/wp\/v2\/pages"}],"about":[{"href":"https:\/\/www.dentalogue.com\/de\/wp-json\/wp\/v2\/types\/page"}],"author":[{"embeddable":true,"href":"https:\/\/www.dentalogue.com\/de\/wp-json\/wp\/v2\/users\/2"}],"replies":[{"embeddable":true,"href":"https:\/\/www.dentalogue.com\/de\/wp-json\/wp\/v2\/comments?post=41"}],"version-history":[{"count":12,"href":"https:\/\/www.dentalogue.com\/de\/wp-json\/wp\/v2\/pages\/41\/revisions"}],"predecessor-version":[{"id":3086,"href":"https:\/\/www.dentalogue.com\/de\/wp-json\/wp\/v2\/pages\/41\/revisions\/3086"}],"wp:attachment":[{"href":"https:\/\/www.dentalogue.com\/de\/wp-json\/wp\/v2\/media?parent=41"}],"curies":[{"name":"wp","href":"https:\/\/api.w.org\/{rel}","templated":true}]}}