{"id":32,"date":"2009-06-26T19:02:32","date_gmt":"2009-06-26T17:02:32","guid":{"rendered":"https:\/\/www.dentalogue.com\/de\/?page_id=32"},"modified":"2018-03-28T09:17:46","modified_gmt":"2018-03-28T07:17:46","slug":"home","status":"publish","type":"page","link":"https:\/\/www.dentalogue.com\/de\/","title":{"rendered":"Innovative Leistungen im Gesundheitsmarkt"},"content":{"rendered":"<div id=\"hp_links\">\n<h1 class=\"care\"><strong><a href=\"\/de\/care\/\">dentalogue<br \/>\ncare<\/a><\/strong><\/h1>\n<h2 class=\"grau\">Ihr Partner bei der Zahnarzt-Suche<\/h2>\n<p><span style=\"color: #ffffff;\">.<\/span><br \/>\nBei gr\u00f6\u00dferen Zahnbehandlungen, ist die Wahl des Zahnarztes eine wichtige und folgeschwere Entscheidung. Wir von dentalogue helfen Ihnen dabei.<br \/>\n<a href=\"https:\/\/www.dentalogue.com\/de\/care\/\" target=\"_blank\">Weiter &#8230;<\/a><br \/>\n<span style=\"color: #ffffff;\">.<\/span><br \/>\n<span style=\"color: #ffffff;\">.<\/span><\/p>\n<\/div>\n<div id=\"hp_mitte\">\n<h1 class=\"care\"><strong><a href=\"https:\/\/shop.vitalogue.com\/\" target=\"_blank\">vitalogue<\/a><\/strong><\/h1>\n<h2 class=\"grau\"><span style=\"color: #ffffff;\">.<\/span><br \/>\nIhr Partner f\u00fcr Wohlbefinden und Vitalit\u00e4t<\/h2>\n<p><span style=\"color: #ffffff;\">.<\/span><br \/>\nGesundheit ist Ihr gr\u00f6\u00dftes Gut.<br \/>\nWir bieten Ihnen individuelle Beratung und hochwertige Produkte f\u00fcr Ihre Gesundheit und Ihr Wohlbefinden.<br \/>\n<a href=\"https:\/\/shop.vitalogue.com\/\" target=\"_blank\">Weiter &#8230;<\/a><\/p>\n<p>zum <a href=\"https:\/\/shop.vitalogue.com\/\" target=\"_blank\">vitalogue shop<\/a><br \/>\n<span style=\"color: #ffffff;\">.<\/span><\/p>\n<\/div>\n<div id=\"hp_rechts\">\n<h1 class=\"consulting\"><a href=\"\/de\/consulting\/\">dentalogue<br \/>\nconsulting<\/a><\/h1>\n<h2 class=\"grau\">Ihr Partner f\u00fcr Praxismanagement<\/h2>\n<p><span style=\"color: #ffffff;\">x<\/span><br \/>\nWir beraten Zahn\u00e4rzte in den Themen Praxis-F\u00fchrung, -Kommunikation und -Marketing. Ihre Vision ist unser Ma\u00dfstab, Ihr Erfolg unser Ziel. <a href=\"\/de\/consulting\/\"><br \/>\nWeiter<\/a> &#8230;<\/p>\n<\/div>\n","protected":false},"excerpt":{"rendered":"<p>dentalogue care Ihr Partner bei der Zahnarzt-Suche . Bei gr\u00f6\u00dferen Zahnbehandlungen, ist die Wahl des Zahnarztes eine wichtige und folgeschwere Entscheidung. Wir von dentalogue helfen Ihnen dabei. Weiter &#8230; . . vitalogue . Ihr Partner f\u00fcr Wohlbefinden und Vitalit\u00e4t . Gesundheit ist Ihr gr\u00f6\u00dftes Gut. Wir bieten Ihnen individuelle Beratung und hochwertige Produkte f\u00fcr Ihre [&hellip;]<\/p>\n","protected":false},"author":2,"featured_media":0,"parent":0,"menu_order":0,"comment_status":"open","ping_status":"open","template":"","meta":[],"_links":{"self":[{"href":"https:\/\/www.dentalogue.com\/de\/wp-json\/wp\/v2\/pages\/32"}],"collection":[{"href":"https:\/\/www.dentalogue.com\/de\/wp-json\/wp\/v2\/pages"}],"about":[{"href":"https:\/\/www.dentalogue.com\/de\/wp-json\/wp\/v2\/types\/page"}],"author":[{"embeddable":true,"href":"https:\/\/www.dentalogue.com\/de\/wp-json\/wp\/v2\/users\/2"}],"replies":[{"embeddable":true,"href":"https:\/\/www.dentalogue.com\/de\/wp-json\/wp\/v2\/comments?post=32"}],"version-history":[{"count":128,"href":"https:\/\/www.dentalogue.com\/de\/wp-json\/wp\/v2\/pages\/32\/revisions"}],"predecessor-version":[{"id":3144,"href":"https:\/\/www.dentalogue.com\/de\/wp-json\/wp\/v2\/pages\/32\/revisions\/3144"}],"wp:attachment":[{"href":"https:\/\/www.dentalogue.com\/de\/wp-json\/wp\/v2\/media?parent=32"}],"curies":[{"name":"wp","href":"https:\/\/api.w.org\/{rel}","templated":true}]}}