{"id":2916,"date":"2012-06-05T10:31:42","date_gmt":"2012-06-05T08:31:42","guid":{"rendered":"https:\/\/www.dentalogue.com\/de\/?page_id=2916"},"modified":"2013-11-20T18:18:35","modified_gmt":"2013-11-20T16:18:35","slug":"literaturempfehlungen","status":"publish","type":"page","link":"https:\/\/www.dentalogue.com\/de\/health\/literaturempfehlungen\/","title":{"rendered":"Literaturempfehlungen"},"content":{"rendered":"<h1>Literaturempfehlungen zu unseren Produkten<\/h1>\n<p>&nbsp;<\/p>\n<table width=\"510\" border=\"0\">\n<tbody>\n<tr>\n<td><a href=\"http:\/\/www.vitalogue.com\/7_coenzym-q10\"><img loading=\"lazy\" class=\"alignleft  wp-image-2917\" title=\"Coenzym Q10 - Weber\" src=\"https:\/\/dentalogue.com\/de\/media\/Lit_Weber_Coenzym_Q10.png\" alt=\"\" width=\"227\" height=\"325\" \/><\/a><\/td>\n<td>\n<h3><strong><strong>Thema Coenzym Q10<\/strong><br \/>\n<\/strong><\/h3>\n<ul>\n<li><span style=\"font-family: Tahoma,sans-serif;\"><span style=\"font-size: x-small;\"><strong>Q10 \u2013 Erfolgsgeschichte eines Vitalstoffes von Dr. Michael Weber<\/strong><\/span><\/span><\/li>\n<li><span style=\"font-family: Tahoma,sans-serif;\"><span style=\"font-size: x-small;\"><strong><\/strong>Das Buch zeigt auf 230 Seiten Grundlagen und neueste Erkenntnisse der Coenzym-Q10-Forschung auf. Ursachen von Krankheitsentstehung und M\u00f6glichkeiten der Vorbeugung sowie Therapie mit Hilfe des Coenzyms Q10 werden aus der Sicht der \u201eMitochondrialen Medizin\u201c ausf\u00fchrlich dargestellt.<br \/>\n<\/span><\/span><\/li>\n<li><span style=\"font-family: Tahoma,sans-serif;\"><span style=\"font-size: x-small;\">Dar\u00fcber hinaus werden die Gemeinsamkeiten zwischen der Jahrtausende alten \u201eTraditionellen Chinesischen Medizin\u201c (TCM) mit ihrem bioenergetischen Ansatz und der modernen mitochondrialen Medizin einleuchtend dargestellt.<\/span><\/span><\/li>\n<\/ul>\n<p style=\"text-align: left;\">ISBN: 978-3-8370-2385-5<\/p>\n<p><a title=\"Coenzym Q10 Produkte \" href=\"http:\/\/www.vitalogue.de\/7_coenzym-q10\" target=\"_blank\"> Produkte mit Coenzym Q10<\/a><\/td>\n<\/tr>\n<\/tbody>\n<\/table>\n<table width=\"508\" border=\"0\">\n<tbody>\n<tr>\n<td><a href=\"http:\/\/www.vitalogue.com\/6_coenzym-1---nadh\" rel=\"attachment wp-att-2334\"><img loading=\"lazy\" class=\" wp-image-2334 alignleft\" title=\"NADH - The Biological Hydrogen - Birkmayer\" src=\"https:\/\/dentalogue.com\/de\/media\/Lit_Birkmayer_NADH.jpg\" alt=\"\" width=\"226\" height=\"264\" \/><\/a><\/td>\n<td>\n<h3><strong><strong>Thema Coenzym 1 &#8211; NADH<\/strong><br \/>\n<\/strong><\/h3>\n<ul>\n<li><span style=\"font-family: Tahoma,sans-serif;\"><span style=\"font-size: x-small;\"><strong>NADH: The Biological Hydrogen. The Secret of our life Energy von Prof. Dr. Georg Birkmayer<br \/>\n<\/strong><\/span><\/span><\/li>\n<li><span style=\"font-family: Tahoma,sans-serif;\"><span style=\"font-size: x-small;\"><strong><\/strong>Abgesehen von den medizinischen Studien, gibt es nur sehr wenig Literatur \u00fcber das Coenzym 1, NADH. Dieses Buch vom Vater des stabilisierten NADH Prof. Birkmayer z\u00e4hlt somit zu den wenigen fundierten Quellen.<br \/>\n<\/span><\/span><\/li>\n<li><span style=\"font-family: Tahoma,sans-serif;\"><span style=\"font-size: x-small;\">In knapper Form wird auf ca. 90 Seiten das breite Wirkspektrum des NADH aufgezeigt. Ausgehend von der biochemischen Reaktion innerhalb des Atemzyklus wird die Wirkkaskade aufgespannt. Im Anschluss daran zeigt Birkmayer medizinische Anwendungsm\u00f6glichkeiten des NADH kurz auf.<br \/>\n<\/span><\/span><\/li>\n<li><span style=\"font-family: Tahoma,sans-serif;\"><span style=\"font-size: x-small;\">Bea.: Text ist Englisch<\/span><\/span><\/li>\n<\/ul>\n<p style=\"text-align: left;\">Das Buch k\u00f6nnen Sie bei uns bestellen.<\/p>\n<p style=\"text-align: left;\"><a title=\"vitalogue - NADH\" href=\"http:\/\/www.vitalogue.de\/6_coenzym-1---nadh\" target=\"_blank\">Produkte mit Coenzym 1 &#8211; NADH<\/a><\/p>\n<p style=\"text-align: left;\">\n<\/td>\n<\/tr>\n<\/tbody>\n<\/table>\n<table width=\"505\" border=\"0\">\n<tbody>\n<tr>\n<td><a href=\"http:\/\/www.vitalogue.com\/43-vitamin-d3-mse.html\" rel=\"attachment wp-att-2336\"><img loading=\"lazy\" class=\" wp-image-2336 alignleft\" title=\"Vitamin D - Spitz\" src=\"https:\/\/dentalogue.com\/de\/media\/Lit_Spitz_VitaminD3.png\" alt=\"\" width=\"225\" height=\"234\" \/><\/a><\/td>\n<td>\n<h3><strong><strong>Thema: Vitamin D<\/strong><br \/>\n<\/strong><\/h3>\n<ul>\n<li><span style=\"font-family: Tahoma,sans-serif;\"><span style=\"font-size: x-small;\"><strong>Superhormon Vitamin D von Prof. Dr. J\u00f6rg Spitz<\/strong><\/span><\/span><\/li>\n<li><span style=\"font-family: Tahoma,sans-serif;\"><span style=\"font-size: x-small;\"><strong><\/strong>In dem Buch wird die Bedeutung des Vitamin D knapp und pr\u00e4gnant aufgezeigt. Dabei werden aktuelle Forschungsergebnisse nicht au\u00dfer Acht gelassen.<\/span><\/span><\/li>\n<li><span style=\"font-family: Tahoma,sans-serif;\"><span style=\"font-size: x-small;\">Die Inhalte: Vitamin D \u2013 Schl\u00fcssel zur Gesundheit | Einsatz in der Vorsorge und Therapie | Wie Verbreitet ist Vitamin D Mangel? | Wer braucht wann wieviel Vitamin D | Sonnenlicht | Alternative Vitamin D-Quellen<\/span><\/span><\/li>\n<\/ul>\n<p style=\"text-align: left;\">ISBN: 978-3-8338-2272-8<\/p>\n<p style=\"text-align: left;\"><a title=\"vitalogue - Vitamin D\" href=\"http:\/\/www.vitalogue.de\/43-vitamin-d3-mse.html\" target=\"_blank\">Produkte mit Vitamin D<\/a><\/p>\n<p style=\"text-align: left;\">\n<\/td>\n<\/tr>\n<\/tbody>\n<\/table>\n<table width=\"502\" border=\"0\">\n<tbody>\n<tr>\n<td><a href=\"http:\/\/www.vitalogue.com\/\" rel=\"attachment wp-att-2414\"><img loading=\"lazy\" class=\"alignleft  wp-image-2414\" title=\"Orthomolekulare Medizin - Gr\u00f6ber\" src=\"https:\/\/dentalogue.com\/de\/media\/Lit_Gr%C3%B6ber_Orthomolekulare_Medizin.jpg\" alt=\"\" width=\"226\" height=\"256\" \/><\/a><\/td>\n<td>\n<h3><strong><strong>Thema: Orthomolekulare Medizin<\/strong><br \/>\n<\/strong><\/h3>\n<ul>\n<li><span style=\"font-family: Tahoma,sans-serif;\"><span style=\"font-size: x-small;\"><strong>Orthomolekulare Medizin von Uwe Gr\u00f6ber:<\/strong> Die Orthomolekulare Medizin repr\u00e4sentiert einen Zweig der Ern\u00e4hrungsmedizin der sich speziell mit Vitaminen und anderen lebensnotwendigen N\u00e4hrstoffen in der Vorbeugung und begleitenden Therapie von Erkrankungen besch\u00e4ftigt.<br \/>\n<\/span><\/span><\/li>\n<li><span style=\"font-family: Tahoma,sans-serif;\"><span style=\"font-size: x-small;\">Vitamine, Mineralstoffe, Amino- und essentielle Fetts\u00e4uren z\u00e4hlen mit ihren vielf\u00e4ltigen biochemischen und physiologischen Funktionen, zu den interessantesten Stoffen, die unser Organismus zur t\u00e4glichen Lebens- und Leistungsf\u00e4higkeit ben\u00f6tigt.<br \/>\n<\/span><\/span><\/li>\n<li><span style=\"font-family: Tahoma,sans-serif;\"><span style=\"font-size: x-small;\">Gr\u00f6ber bietet einen fundierten \u00dcberblick \u00fcber diese Mikron\u00e4hrstoffe wie auch deren pr\u00e4ventiven und adjuvanten Einsatz in der Behandlung chronisch-degenerativer und ern\u00e4hrungsabh\u00e4ngiger Krankheiten wie Arteriosklerose, Krebs, Diabetes mellitus, Osteoporose, Rheuma etc. Das Buch schl\u00e4gt Br\u00fccken zwischen Erm\u00e4hrungswissenschaft und Medizin.<br \/>\n<\/span><\/span><\/li>\n<li><span style=\"font-family: Tahoma,sans-serif;\"><span style=\"font-size: x-small;\">Die gute Gliederung, ein Glossar sowie ein umfangreiches und informatives Sachregister erleichtern die praktische Nutzung des Buches.<\/span><\/span><\/li>\n<\/ul>\n<p style=\"text-align: left;\">ISBN 978-3-8047-1927-9<\/p>\n<p style=\"text-align: left;\"><a title=\"vitalogue\" href=\"http:\/\/www.vitalogue.de\/\">Nahrungserg\u00e4nzung bei vitalogue<\/a><\/p>\n<p style=\"text-align: left;\">\n<\/td>\n<\/tr>\n<\/tbody>\n<\/table>\n<table style=\"height: 199px;\" width=\"495\" border=\"0\">\n<tbody>\n<tr>\n<td><a href=\"http:\/\/www.vitalogue.com\/\" rel=\"attachment wp-att-2433\"><img loading=\"lazy\" class=\"alignleft  wp-image-2433\" title=\"Mikron\u00e4hrstoffe - Gr\u00f6ber\" src=\"https:\/\/dentalogue.com\/de\/media\/Lit_Gr%C3%B6ber_Mikron%C3%A4hrstoffe.jpg\" alt=\"\" width=\"227\" height=\"237\" \/><\/a><\/td>\n<td>\n<h3><strong><strong>Thema: Mikron\u00e4hrstoffe<\/strong><\/strong><\/h3>\n<ul>\n<li><strong>Mikron\u00e4hrstoffe f\u00fcr die Kitteltasche: Metabolic Tuning-Pr\u00e4vention-Therapie von Uwe Gr\u00f6ber:<\/strong> Vitamine, Mineralstoffe, Aminos\u00e4uren und Co. haben in der Pr\u00e4vention und Therapie ihren festen Platz. Im handlichen Format informiert das Standardwerk in \u00fcbersichtlich gegliederten Mikron\u00e4hrstoffprofilen sowie bei zahlreichen Indikationen \u00fcber den praxisorientierten und labormedizinisch kontrollierten Einsatz von Mikron\u00e4hrstoffen.<\/li>\n<\/ul>\n<ul>\n<li>Aus dem Inhalt:<\/li>\n<\/ul>\n<ul>\n<li>Mitochondriale Medizin und mitotrope Mikron\u00e4hrstoffe<\/li>\n<li>Polyphenole: Resveratrol, Quercetin und Pycnogenol<\/li>\n<li>Krebs, Depressionen und erektile Dysfunktion<\/li>\n<li>Vitamin C-Infusionstherapie<\/li>\n<li>Parenterale Applikation von Mikron\u00e4hrstoffen<\/li>\n<\/ul>\n<p style=\"text-align: left;\">\u00a0 ISBN 978-3-8047-2615-4<\/p>\n<p style=\"text-align: left;\"><a title=\"vitalogue\" href=\"http:\/\/www.vitalogue.de\/\">Nahrungserg\u00e4nzung bei vitalogue<\/a><\/p>\n<p style=\"text-align: left;\">\n<\/td>\n<\/tr>\n<\/tbody>\n<\/table>\n<table style=\"height: 199px;\" width=\"495\" border=\"0\">\n<tbody>\n<tr>\n<td><a href=\"http:\/\/www.vitalogue.com\/\" rel=\"attachment wp-att-2433\"><img loading=\"lazy\" class=\"alignleft  wp-image-2433\" title=\"Mikron\u00e4hrstoffe - Gr\u00f6ber\" src=\"https:\/\/dentalogue.com\/de\/media\/Lit_Burgerstein_N\u00e4hrstoffe.jpg\" alt=\"\" width=\"220\" height=\"267\" \/><\/a><\/td>\n<td>\n<h3><strong><strong>Thema: N\u00e4hrstoffe, Ern\u00e4hrung<br \/>\n<\/strong><\/strong><\/h3>\n<ul>\n<li><strong>Burgersteins Handbuch der N\u00e4hrstoffe<\/strong>. Vorbeugen und heilen durch ausgewogene Ern\u00e4hrung von Lothar Burgerstein et. al.<\/li>\n<li>Aus dem Inhalt:<\/li>\n<li>\u2028Die Orthomolekulare Medizin setzt auf Substanzen, die normalerweise im K\u00f6rper vorhanden sind: Vitamine, Mineralien, Spurenelemente, Aminos\u00e4uren, essentielle Fetts\u00e4ure, Enzyme \u2026 f\u00fcr mehr Gesundheit und Wohlbefinden<\/li>\n<li>Ern\u00e4hrung: Bausteine einer voll- wertigen Ern\u00e4hrung und das Wichtigste \u00fcber Nahrungsmittel-zus\u00e4tze.<\/li>\n<li>N\u00e4hrstoffsupplemente: \u2028Jeder N\u00e4hrstoff wird ausf\u00fchrlich vorgestellt mit seiner Funktion im K\u00f6rper und seiner heilenden Wirkung. Wie Sie Ihren K\u00f6rper in Balance bringen und m\u00f6glichen Sch\u00e4den bei Unterversorgung vorbeugen. Mit der Lebenssituation \u00e4ndert sich der N\u00e4hrstoffbedarf: beim Sport, durch Stress, Schwangerschaft und Stillzeit, in verschiedenen Altersphasen &#8230;<\/li>\n<li>Orthomolekular Pr\u00e4vention und Therapie\u2028. Welche Erkrankungen erfordern welche N\u00e4hrstoffe? In welcher Dosierung?<\/li>\n<li>Anhang: Wechselwirkungen zwischen Medikamenten und N\u00e4hrstoffen, N\u00e4hrstoffbestimmung im Labor, orthomolekulare Produkte, Sachregister<\/li>\n<\/ul>\n<p style=\"text-align: left;\">ISBN 978-3-8304-6071-8<\/p>\n<p style=\"text-align: left;\"><a title=\"vitalogue\" href=\"http:\/\/www.vitalogue.de\/\">Nahrungserg\u00e4nzung bei vitalogue<\/a><\/p>\n<p style=\"text-align: left;\">\n<\/td>\n<\/tr>\n<\/tbody>\n<\/table>\n<table style=\"height: 199px;\" width=\"495\" border=\"0\">\n<tbody>\n<tr>\n<td><a href=\"http:\/\/www.vitalogue.com\/\" rel=\"attachment wp-att-2433\"><img loading=\"lazy\" class=\"alignleft  wp-image-2433\" title=\"Mikron\u00e4hrstoffe - Gr\u00f6ber\" src=\"https:\/\/dentalogue.com\/de\/media\/Lit_Gr\u00f6ber_Holick_Sonnenvitamin.jpg\" alt=\"\" width=\"220\" height=\"267\" \/><\/a><\/td>\n<td>\n<h3><strong><strong>Thema: Vitamin D<br \/>\n<\/strong><\/strong><\/h3>\n<ul>\n<li><strong>Vitamin D. Die Heilkraft des Sonnenvitamins<\/strong>. Uwe Gr\u00f6ber, Michael F. Holick<\/li>\n<li>Aus dem Inhalt:<\/li>\n<li>\u2028Status quo der Vitamin D-Versorgung, Bedeutung der Ern\u00e4hrung und der Sonnenlichtexposition.<\/li>\n<li>Bedeutung des Vitamin D bei diversen chronischen Erkrankungen.<\/li>\n<li>Pr\u00e4ventive Ma\u00dfnahmen f\u00fcr Schwangere, Kinder, Senioren und \u00dcbergewicht.<\/li>\n<li>Wechselwirkungen von Arzneimitteln und Vitamin D.<\/li>\n<li>Anwendungsgebiete f\u00fcr Vitamin D z.B. neurodegenerativen, intestinalen, autoimmunen und dermatologischen Krankheiten.<\/li>\n<li>Interviews mit international bekannten Vitamin D-Experten, wie z.B. Prof. Dr. med. J\u00f6rg Reichrath, Uniklinik Homburg\/Saar oder Prof. Dr. Reinhold Vieth, Universit\u00e4t Toronto erh\u00f6hen den praktischen Wert des Buches.<\/li>\n<\/ul>\n<p style=\"text-align: left;\">ISBN 978-3-8047-3037-3<\/p>\n<p style=\"text-align: left;\"><a title=\"vitalogue\" href=\"http:\/\/www.vitalogue.de\/\">Nahrungserg\u00e4nzung bei vitalogue<\/a><\/p>\n<p style=\"text-align: left;\">\n<\/td>\n<\/tr>\n<\/tbody>\n<\/table>\n<p>Bei Fragen zu einzelnen Produkten stehen wir Ihnen selbstverst\u00e4ndlich gerne beratend zur Verf\u00fcgung. Nehmen Sie <a href=\"https:\/\/www.dentalogue.com\/de\/kontakt\/\">Kontakt <\/a>mit uns auf.<\/p>\n","protected":false},"excerpt":{"rendered":"<p>Literaturempfehlungen zu unseren Produkten &nbsp; Thema Coenzym Q10 Q10 \u2013 Erfolgsgeschichte eines Vitalstoffes von Dr. Michael Weber Das Buch zeigt auf 230 Seiten Grundlagen und neueste Erkenntnisse der Coenzym-Q10-Forschung auf. Ursachen von Krankheitsentstehung und M\u00f6glichkeiten der Vorbeugung sowie Therapie mit Hilfe des Coenzyms Q10 werden aus der Sicht der \u201eMitochondrialen Medizin\u201c ausf\u00fchrlich dargestellt. Dar\u00fcber hinaus [&hellip;]<\/p>\n","protected":false},"author":2,"featured_media":0,"parent":10,"menu_order":4,"comment_status":"closed","ping_status":"open","template":"","meta":[],"_links":{"self":[{"href":"https:\/\/www.dentalogue.com\/de\/wp-json\/wp\/v2\/pages\/2916"}],"collection":[{"href":"https:\/\/www.dentalogue.com\/de\/wp-json\/wp\/v2\/pages"}],"about":[{"href":"https:\/\/www.dentalogue.com\/de\/wp-json\/wp\/v2\/types\/page"}],"author":[{"embeddable":true,"href":"https:\/\/www.dentalogue.com\/de\/wp-json\/wp\/v2\/users\/2"}],"replies":[{"embeddable":true,"href":"https:\/\/www.dentalogue.com\/de\/wp-json\/wp\/v2\/comments?post=2916"}],"version-history":[{"count":63,"href":"https:\/\/www.dentalogue.com\/de\/wp-json\/wp\/v2\/pages\/2916\/revisions"}],"predecessor-version":[{"id":3071,"href":"https:\/\/www.dentalogue.com\/de\/wp-json\/wp\/v2\/pages\/2916\/revisions\/3071"}],"up":[{"embeddable":true,"href":"https:\/\/www.dentalogue.com\/de\/wp-json\/wp\/v2\/pages\/10"}],"wp:attachment":[{"href":"https:\/\/www.dentalogue.com\/de\/wp-json\/wp\/v2\/media?parent=2916"}],"curies":[{"name":"wp","href":"https:\/\/api.w.org\/{rel}","templated":true}]}}