{"id":22,"date":"2009-06-26T09:58:26","date_gmt":"2009-06-26T07:58:26","guid":{"rendered":"https:\/\/www.dentalogue.com\/de\/?page_id=22"},"modified":"2010-06-30T14:41:06","modified_gmt":"2010-06-30T12:41:06","slug":"erfolg-arztpraxis-zahnarztpraxis","status":"publish","type":"page","link":"https:\/\/www.dentalogue.com\/de\/consulting\/erfolg-arztpraxis-zahnarztpraxis\/","title":{"rendered":"Unser Ansatz"},"content":{"rendered":"<h1>Ihr Erfolg ist unser Ziel<\/h1>\n<p><strong>Der unverstellte Blick von au\u00dfen<\/strong><br \/>\nOperatives Tagesgeschehen und Ihre wesentliche T\u00e4tigkeit als Zahnmediziner verst\u00e4rken die Innensicht und schw\u00e4chen die Au\u00dfensicht. Wir kommen von au\u00dfen auf Ihre Zahnarztpraxis oder Klinik zu! Uns pr\u00e4sentiert sich die Praxis als Ganzes, als Mitglied des Gesundheitsmarktes. Wir sehen Ihre Praxis nicht durch den \u201eFilter\u201c der Innensicht, sondern erweitern den Blickwinkel.<\/p>\n<p><strong>Wirksame Methoden<\/strong><br \/>\nDer Einsatz moderner und professioneller Instrumente ist unverzichtbar f\u00fcr eine zielorientierte Praxissteuerung und Praxisdarstellung. Methoden sind jedoch nur Mittel zum Zweck. Ihre Wirkung h\u00e4ngt vom aufgaben- und problemspezifischen Einsatz und von der Nutzung durch den Anwender ab.<\/p>\n<p><strong>Aus der Praxis f\u00fcr Ihre Praxis<\/strong><br \/>\nUnsere Beratung hat nur dann Berechtigung, wenn Sie Ihnen merklichen Nutzen stiftet. Neben dieser Nutzenorientierung steht bei uns der Mensch im Mittelpunkt der Beratung, sei es als Praxisinhaber, Mitarbeiter oder Patient. Fachliche und methodische Kompetenz ist solide Basis unserer Beratung.<\/p>\n<h2>Wir haben Ihr Interesse geweckt?<\/h2>\n<p>Dann nutzen Sie unser Kontaktformular und vereinbaren noch heute einen Termin f\u00fcr ein Informationsgespr\u00e4ch.<br \/>\n<a href=\"https:\/\/www.dentalogue.com\/de\/kontakt\/\">zum Kontaktformular<\/a><\/p>\n","protected":false},"excerpt":{"rendered":"<p>Ihr Erfolg ist unser Ziel Der unverstellte Blick von au\u00dfen Operatives Tagesgeschehen und Ihre wesentliche T\u00e4tigkeit als Zahnmediziner verst\u00e4rken die Innensicht und schw\u00e4chen die Au\u00dfensicht. Wir kommen von au\u00dfen auf Ihre Zahnarztpraxis oder Klinik zu! Uns pr\u00e4sentiert sich die Praxis als Ganzes, als Mitglied des Gesundheitsmarktes. Wir sehen Ihre Praxis nicht durch den \u201eFilter\u201c der [&hellip;]<\/p>\n","protected":false},"author":1,"featured_media":0,"parent":12,"menu_order":1,"comment_status":"open","ping_status":"open","template":"","meta":[],"_links":{"self":[{"href":"https:\/\/www.dentalogue.com\/de\/wp-json\/wp\/v2\/pages\/22"}],"collection":[{"href":"https:\/\/www.dentalogue.com\/de\/wp-json\/wp\/v2\/pages"}],"about":[{"href":"https:\/\/www.dentalogue.com\/de\/wp-json\/wp\/v2\/types\/page"}],"author":[{"embeddable":true,"href":"https:\/\/www.dentalogue.com\/de\/wp-json\/wp\/v2\/users\/1"}],"replies":[{"embeddable":true,"href":"https:\/\/www.dentalogue.com\/de\/wp-json\/wp\/v2\/comments?post=22"}],"version-history":[{"count":25,"href":"https:\/\/www.dentalogue.com\/de\/wp-json\/wp\/v2\/pages\/22\/revisions"}],"predecessor-version":[{"id":24,"href":"https:\/\/www.dentalogue.com\/de\/wp-json\/wp\/v2\/pages\/22\/revisions\/24"}],"up":[{"embeddable":true,"href":"https:\/\/www.dentalogue.com\/de\/wp-json\/wp\/v2\/pages\/12"}],"wp:attachment":[{"href":"https:\/\/www.dentalogue.com\/de\/wp-json\/wp\/v2\/media?parent=22"}],"curies":[{"name":"wp","href":"https:\/\/api.w.org\/{rel}","templated":true}]}}