{"id":2,"date":"2009-06-07T10:45:26","date_gmt":"2009-06-07T08:45:26","guid":{"rendered":"https:\/\/www.dentalogue.com\/de\/?page_id=2"},"modified":"2016-04-12T15:00:36","modified_gmt":"2016-04-12T13:00:36","slug":"impressum","status":"publish","type":"page","link":"https:\/\/www.dentalogue.com\/de\/impressum\/","title":{"rendered":"Impressum"},"content":{"rendered":"<h1>Impressum<\/h1>\n<p>vitalogue GmbH &amp; Co KG<br \/>\nClemensstr. 25 | D-80803 M\u00fcnchen<\/p>\n<p>Telefon:\u00a0 +49 (89) 44 238 99.9<br \/>\nFax:\u00a0\u00a0\u00a0\u00a0\u00a0\u00a0 +49 (89) 44 238 99.6<\/p>\n<p>E-Mail: contact@dentalogue.com<br \/>\nWebsite: http\/\/www.vitalogue.com<br \/>\nWebsite: http\/\/www.dentalogue.com<\/p>\n<p>Gesch\u00e4ftsf\u00fchrer: Dr. Andreas Wies<\/p>\n<p>Handelsregister: M\u00fcnchen | Registernummer: HRA 93447<br \/>\nSitz der Gesellschaft: M\u00fcnchen<br \/>\nUSt-ID gem\u00e4\u00df \u00a7 27a Umsatzsteuergesetz: DE 251 180 987<\/p>\n<p>Komplement\u00e4r: Dr. Wies GmbH | M\u00fcnchen | GF: Dr. Andreas Wies<\/p>\n<p>Inhaltlich verantwortlich gem\u00e4\u00df \u00a7 6 MDStV: Dr. Andreas Wies<\/p>\n<p>Web-Architektur: verbility, Vera Weikl, M\u00fcnchen<br \/>\nGrafik, Design: Paox, Patrick \u00d6xler, M\u00fcnchen<br \/>\nText: Christa Beyrer, Vera Weikl, Dr. Andreas Wies<br \/>\nProgrammierung, Hosting: XpertMind, Neuried<br \/>\nFotos: Dr. Andreas Wies und stock.xchng<\/p>\n","protected":false},"excerpt":{"rendered":"<p>Impressum vitalogue GmbH &amp; Co KG Clemensstr. 25 | D-80803 M\u00fcnchen Telefon:\u00a0 +49 (89) 44 238 99.9 Fax:\u00a0\u00a0\u00a0\u00a0\u00a0\u00a0 +49 (89) 44 238 99.6 E-Mail: contact@dentalogue.com Website: http\/\/www.vitalogue.com Website: http\/\/www.dentalogue.com Gesch\u00e4ftsf\u00fchrer: Dr. Andreas Wies Handelsregister: M\u00fcnchen | Registernummer: HRA 93447 Sitz der Gesellschaft: M\u00fcnchen USt-ID gem\u00e4\u00df \u00a7 27a Umsatzsteuergesetz: DE 251 180 987 Komplement\u00e4r: Dr. Wies [&hellip;]<\/p>\n","protected":false},"author":1,"featured_media":0,"parent":0,"menu_order":11,"comment_status":"open","ping_status":"open","template":"","meta":[],"_links":{"self":[{"href":"https:\/\/www.dentalogue.com\/de\/wp-json\/wp\/v2\/pages\/2"}],"collection":[{"href":"https:\/\/www.dentalogue.com\/de\/wp-json\/wp\/v2\/pages"}],"about":[{"href":"https:\/\/www.dentalogue.com\/de\/wp-json\/wp\/v2\/types\/page"}],"author":[{"embeddable":true,"href":"https:\/\/www.dentalogue.com\/de\/wp-json\/wp\/v2\/users\/1"}],"replies":[{"embeddable":true,"href":"https:\/\/www.dentalogue.com\/de\/wp-json\/wp\/v2\/comments?post=2"}],"version-history":[{"count":29,"href":"https:\/\/www.dentalogue.com\/de\/wp-json\/wp\/v2\/pages\/2\/revisions"}],"predecessor-version":[{"id":3133,"href":"https:\/\/www.dentalogue.com\/de\/wp-json\/wp\/v2\/pages\/2\/revisions\/3133"}],"wp:attachment":[{"href":"https:\/\/www.dentalogue.com\/de\/wp-json\/wp\/v2\/media?parent=2"}],"curies":[{"name":"wp","href":"https:\/\/api.w.org\/{rel}","templated":true}]}}