{"id":1896,"date":"2009-11-04T19:08:30","date_gmt":"2009-11-04T17:08:30","guid":{"rendered":"https:\/\/www.dentalogue.com\/de\/?page_id=1896"},"modified":"2011-08-23T10:09:22","modified_gmt":"2011-08-23T08:09:22","slug":"partner","status":"publish","type":"page","link":"https:\/\/www.dentalogue.com\/de\/ueber-uns\/partner\/","title":{"rendered":"Kooperationspartner + Links"},"content":{"rendered":"<h1 style=\"text-align: left;\">Kooperationspartner und Links<\/h1>\n<table border=\"0\">\n<tbody>\n<tr>\n<td><a href=\"http:\/\/www.christa-beyrer.de\" target=\"_blank\"><img loading=\"lazy\" class=\"size-full wp-image-1898  alignleft\" title=\"Christa Beyrer\" src=\"https:\/\/www.dentalogue.com\/de\/media\/cb_logo.jpg\" alt=\"BCT Christa Beyrer\" width=\"104\" height=\"65\" \/><\/a><\/td>\n<td>\n<h3>Wandel gestalten | Coaching &#8211; Beratung &#8211; Training<\/h3>\n<p style=\"text-align: left;\">Dipl.-Psych. Christa Beyrer bietet professionelle Unterst\u00fctzung und Begleitung f\u00fcr Organisationen und Privatpersonen in Phasen der Ver\u00e4nderung. F\u00fcr dentalogue ber\u00e4t Sie Arztpraxen in den Themen Personalentwicklung, F\u00fchrung und Kommunikation.<\/p>\n<\/td>\n<\/tr>\n<\/tbody>\n<\/table>\n<table border=\"0\">\n<tbody>\n<tr>\n<td>\n<h3 style=\"text-align: left;\">Duale Medizin<\/h3>\n<p>Dr. Elke Seebach setzt sich mit ihrer Praxis f\u00fcr die Gesunderhaltung des Menschens durch gesunde Ern\u00e4hrung, Therapie und Medizin ein. dentalogue arbeitet vor allem in den Bereichen Schwermetall-ausleitung, Darmsanierung und Ern\u00e4hrung mit Frau Dr. Seebach zusammen.<\/td>\n<td><a href=\"http:\/\/www.duale-medizin.de\/uebersicht\/praxis-uebersicht.html\" target=\"_blank\"><img loading=\"lazy\" class=\"alignright size-full wp-image-1916\" title=\"Duale Medizin Logo\" src=\"https:\/\/www.dentalogue.com\/de\/media\/duale_medizin.gif\" alt=\"Duale Medizin Logo\" width=\"183\" height=\"24\" \/><\/a><\/td>\n<\/tr>\n<\/tbody>\n<\/table>\n<table border=\"0\">\n<tbody>\n<tr>\n<td><a href=\"http:\/\/pilatesbodywerk.de\/\" target=\"_blank\"><img loading=\"lazy\" class=\"alignnone size-medium wp-image-2045\" title=\"logo_pilatesbodywerk\" src=\"https:\/\/www.dentalogue.com\/de\/media\/logo_pilatesbodywerk-450x243.gif\" alt=\"logo_pilatesbodywerk\" width=\"143\" height=\"77\" srcset=\"https:\/\/www.dentalogue.com\/de\/media\/logo_pilatesbodywerk-450x243.gif 450w, https:\/\/www.dentalogue.com\/de\/media\/logo_pilatesbodywerk-1024x553.gif 1024w, https:\/\/www.dentalogue.com\/de\/media\/logo_pilatesbodywerk.gif 1181w\" sizes=\"(max-width: 143px) 100vw, 143px\" \/><\/a><\/td>\n<td>\n<h3>Pilates Bodywerk<\/h3>\n<p>Eri Trostl ist als Premium Personal Trainer Ihr Partner f\u00fcr Vital Coaching und Work-Life-Balance. Bewegung und Entspannung &#8211; Aktivit\u00e4t und Erholung sind essentiell f\u00fcr Gesundheit und Lebensfreude.<\/td>\n<\/tr>\n<\/tbody>\n<\/table>\n<table border=\"0\">\n<tbody>\n<tr>\n<td>\n<h3>Aus Leidenschaft wird Leistung<\/h3>\n<p>XpertMind bietet Informationstechnolgie aus einer Hand: schnelle und umsetzbare L\u00f6sungen, von Strategieberatung \u00fcber IT-Architekturen bis zur technischen Umsetzung.<\/td>\n<td><a href=\"http:\/\/www.xpertmind.de\" target=\"_blank\"><img loading=\"lazy\" class=\"size-full wp-image-1932 alignright\" style=\"margin-bottom: 0px;\" title=\"XpertMind\" src=\"https:\/\/www.dentalogue.com\/de\/media\/xpertmind_logo.gif\" alt=\"XpertMind\" width=\"135\" height=\"57\" \/><\/a><\/td>\n<\/tr>\n<\/tbody>\n<\/table>\n<table border=\"0\">\n<tbody>\n<tr>\n<td><a href=\"http:\/\/chinaagent.de\/\" target=\"_blank\"><img loading=\"lazy\" class=\"alignnone size-full wp-image-2032\" title=\"china_agent_logo\" src=\"https:\/\/www.dentalogue.com\/de\/media\/china_agent_logo.gif\" alt=\"china_agent_logo\" width=\"167\" height=\"57\" \/><\/a><\/td>\n<td>\n<h3>China Agent<\/h3>\n<p>Dipl.-Kffr. Nan Li bietet Dienstleistungen im Bereich interkulturelles Training &amp; Coaching, Event &amp; Kultur, Sprache &amp; Management an, um die Zusammenarbeit mit asiatischen Gesch\u00e4ftspartnern kompetent zu unter-st\u00fctzen und um den kulturellen Austausch zu f\u00f6rdern.<\/td>\n<\/tr>\n<\/tbody>\n<\/table>\n<table border=\"0\">\n<tbody>\n<tr>\n<td>\n<h3>Eigenkapital Stimme &amp; Sprache<\/h3>\n<p>Der Schauspieler und Moderator Peter Claudius Engel hat ein hocheffizientes Intensivtraining entwickelt, um Stimme, Sprache und K\u00f6rpersprache optimal einzusetzen. Ihre Gesamtwirkung wird verst\u00e4rkt. So lernen Sie in kurzer Zeit\u00a0 kraftvoll und authentisch zu pr\u00e4sentieren.<br \/>\n<strong> <\/strong><\/td>\n<td><a href=\"http:\/\/www.peter-engel.com\" target=\"_blank\"><img loading=\"lazy\" class=\"alignnone size-full wp-image-2292\" title=\"thevoice_g02\" src=\"https:\/\/www.dentalogue.com\/de\/media\/thevoice_g021.jpg\" alt=\"\" width=\"84\" height=\"87\" \/><\/a><\/td>\n<\/tr>\n<\/tbody>\n<\/table>\n<table border=\"0\">\n<tbody>\n<tr>\n<td><a title=\"vitalogue\" href=\"http:\/\/vitalogue.de\/\" target=\"_blank\"><img loading=\"lazy\" class=\"size-medium wp-image-2661 alignleft\" title=\"vitalogue LOGO\" src=\"https:\/\/www.dentalogue.com\/de\/media\/vitalogue-LOGO-450x212.jpg\" alt=\"\" width=\"162\" height=\"76\" srcset=\"https:\/\/www.dentalogue.com\/de\/media\/vitalogue-LOGO-450x212.jpg 450w, https:\/\/www.dentalogue.com\/de\/media\/vitalogue-LOGO-1024x482.jpg 1024w, https:\/\/www.dentalogue.com\/de\/media\/vitalogue-LOGO.jpg 1258w\" sizes=\"(max-width: 162px) 100vw, 162px\" \/><\/a><\/td>\n<td>\n<h3>vitalogue &#8211; wir verkaufen Gesundheit<\/h3>\n<p style=\"text-align: left;\">Unter unserer Marke vitalogue finden Sie hochwertige Nahrungserg\u00e4nzung zu wichtigen Gesundheitsthemen wie Vitalit\u00e4t, Energie, mentale und k\u00f6rperliche Fitness, Pr\u00e4vention und Better-Aging.<\/p>\n<\/td>\n<\/tr>\n<\/tbody>\n<\/table>\n<table border=\"0\">\n<tbody>\n<tr>\n<td>\n<h3>Medivere GmbH<\/h3>\n<p>Medivere bietet gesundheitliche Themen, medizinische Informationen und labor-diagnostische Dienstleistungen. Komplement\u00e4r- und Schulmedizinische Diagnostik und Therapie werden kombiniert. Fach\u00e4rzte, Therapeuten und Gesundheits-experten geben Ausk\u00fcnfte und Antworten.<br \/>\n<strong> <\/strong><\/td>\n<td><a title=\"medivere\" href=\"http:\/\/www.medivere.de\/shop\" target=\"_blank\"><img loading=\"lazy\" class=\"aligncenter size-thumbnail wp-image-2845\" title=\"medivere_diagnostics\" src=\"https:\/\/www.dentalogue.com\/de\/media\/medivere_diagnostics.jpg\" alt=\"\" width=\"225\" height=\"21\" \/><\/a><\/td>\n<\/tr>\n<\/tbody>\n<\/table>\n<table border=\"0\">\n<tbody>\n<tr>\n<td>\n<p style=\"text-align: center;\"><img loading=\"lazy\" class=\"size-full wp-image-2892 aligncenter\" title=\"ganzimmun\" src=\"https:\/\/www.dentalogue.com\/de\/media\/ganzimmun1.jpg\" alt=\"Ganzimmun Diagnostics AG\" width=\"183\" height=\"50\" \/><\/p>\n<\/td>\n<td>\n<h3>GANZIMMUN Diagnostics AG<\/h3>\n<p style=\"text-align: left;\">Die GANZIMMUN Diagnostics AG ist ein medizinisch-diagnostisches Labor mit Sitz in Mainz. Ein interdisziplin\u00e4res Team aus mehr als 200 \u00c4rzten, Wissenschaftlern und medizinischen Assistenten bearbeitet t\u00e4glich \u00fcber 40.000 Einzelanalysen aus ganz Europa.<\/p>\n<\/td>\n<\/tr>\n<\/tbody>\n<\/table>\n","protected":false},"excerpt":{"rendered":"<p>Kooperationspartner und Links Wandel gestalten | Coaching &#8211; Beratung &#8211; Training Dipl.-Psych. Christa Beyrer bietet professionelle Unterst\u00fctzung und Begleitung f\u00fcr Organisationen und Privatpersonen in Phasen der Ver\u00e4nderung. F\u00fcr dentalogue ber\u00e4t Sie Arztpraxen in den Themen Personalentwicklung, F\u00fchrung und Kommunikation. Duale Medizin Dr. Elke Seebach setzt sich mit ihrer Praxis f\u00fcr die Gesunderhaltung des Menschens durch [&hellip;]<\/p>\n","protected":false},"author":1,"featured_media":0,"parent":37,"menu_order":10,"comment_status":"open","ping_status":"open","template":"","meta":[],"_links":{"self":[{"href":"https:\/\/www.dentalogue.com\/de\/wp-json\/wp\/v2\/pages\/1896"}],"collection":[{"href":"https:\/\/www.dentalogue.com\/de\/wp-json\/wp\/v2\/pages"}],"about":[{"href":"https:\/\/www.dentalogue.com\/de\/wp-json\/wp\/v2\/types\/page"}],"author":[{"embeddable":true,"href":"https:\/\/www.dentalogue.com\/de\/wp-json\/wp\/v2\/users\/1"}],"replies":[{"embeddable":true,"href":"https:\/\/www.dentalogue.com\/de\/wp-json\/wp\/v2\/comments?post=1896"}],"version-history":[{"count":141,"href":"https:\/\/www.dentalogue.com\/de\/wp-json\/wp\/v2\/pages\/1896\/revisions"}],"predecessor-version":[{"id":1903,"href":"https:\/\/www.dentalogue.com\/de\/wp-json\/wp\/v2\/pages\/1896\/revisions\/1903"}],"up":[{"embeddable":true,"href":"https:\/\/www.dentalogue.com\/de\/wp-json\/wp\/v2\/pages\/37"}],"wp:attachment":[{"href":"https:\/\/www.dentalogue.com\/de\/wp-json\/wp\/v2\/media?parent=1896"}],"curies":[{"name":"wp","href":"https:\/\/api.w.org\/{rel}","templated":true}]}}