{"id":17,"date":"2009-06-26T09:56:32","date_gmt":"2009-06-26T07:56:32","guid":{"rendered":"https:\/\/www.dentalogue.com\/de\/?page_id=17"},"modified":"2011-01-19T17:36:21","modified_gmt":"2011-01-19T15:36:21","slug":"zahnarzt-muenchen","status":"publish","type":"page","link":"https:\/\/www.dentalogue.com\/de\/care\/zahnarzt-muenchen\/","title":{"rendered":"F\u00fcr wen ist care gedacht?"},"content":{"rendered":"<h1>F\u00fcr alle, die einen passenden Zahnarzt suchen<\/h1>\n<p>Gerade wenn Sie eine gr\u00f6\u00dfere Zahnbehandlung ins Auge fassen, dann sollten Sie Ihrem Zahnarzt uneingeschr\u00e4nkt vertrauen k\u00f6nnen. Zumal es sich um einen sehr sensiblen und sichtbaren Bereich handelt und weil umfangreiche Zahnbehandlungen nicht selten betr\u00e4chtliche Summen kosten.<\/p>\n<h2><strong>Typische Interessenten<\/strong><\/h2>\n<p>Unsere Erfahrung zeigt, dass es immer wieder dieselben Ausgangssituationen sind, die unsere Interessenten schildern und die sie zu einem Beratungsgespr\u00e4ch mit dentalogue care bewegen. Hinzu kommen Behandlungsw\u00fcnsche, f\u00fcr die wir Spezialisten kennen.<!--more--><\/p>\n<h3>Neu in der Stadt<\/h3>\n<p>Sie sind neu in der Stadt und kennen sich noch nicht so gut aus. Sie suchen \teinen Zahnarzt, bei dem Sie langfristig bleiben m\u00f6chten. Zudem  legen Sie Wert auf individuelle Behandlung. <a href=\"https:\/\/www.dentalogue.com\/de\/care\/zahnarzt-muenchen\/zahnarztsuche\/\">Mehr &#8230;<\/a><\/p>\n<h3>Die Wechselwilligen<\/h3>\n<p>Sie sind mit Ihrem bisherigen \tZahnarzt nicht zufrieden. Sie planen eine umfangreiche Behandlung, die \tIhr Zahnarzt noch nicht (oft) durchgef\u00fchrt hat. Sie m\u00f6chten auf die Expertise von Experten zur\u00fcckgreifen. <a href=\"https:\/\/www.dentalogue.com\/de\/care\/zahnarzt-muenchen\/zahnbehandlung\/\">Mehr &#8230;<\/a><\/p>\n<h3>Die \u00c4ngstlichen<\/h3>\n<p>Zahnarztangst ist weiter verbreitet als man denkt. Lassen Sie sich davon nicht abhalten, die Z\u00e4hne zu haben, die Sie m\u00f6chten. Wir arbeiten auch mit Zahn\u00e4rzten, die speziell mit Angstpatienten Erfahrung haben. <a href=\"https:\/\/www.dentalogue.com\/de\/care\/zahnarzt-muenchen\/zahnarztangst\/\">Mehr &#8230;<\/a><\/p>\n<h3>Die Qualit\u00e4tsbewussten<\/h3>\n<p>Sie leben im Ausland und m\u00f6chten von der Zahnmedizin \u201eMade in Germany\u201c profitieren. Daf\u00fcr suchen Sie einen Partner, der Sie nicht nur gut ber\u00e4t, sondern auch bei Ihrer An- und Abreise unterst\u00fctzt. <a href=\"https:\/\/www.dentalogue.com\/de\/care\/zahnarzt-muenchen\/zahnarzt-deutschland\/\">Mehr &#8230;<\/a><\/p>\n<h2>Typische Behandlungsw\u00fcnsche<\/h2>\n<p>In der Regel werden unsere Beratungsleistungen im Vorfeld von gro\u00dfen, umfassende Zahnbehandlungen wie Implantate, \u00e4sthetische Zahnmedizin oder Mund-Kiefer-Gesichtschirurgie genutzt. Lesen Sie mehr zu den genannten <a href=\"https:\/\/www.dentalogue.com\/de\/care\/zahnarzt-muenchen\/implantat-prothese-zahnaesthetik-veneers-funktionstherapie\/\">Behandlungsm\u00f6glichkeiten<\/a>.<\/p>\n<h2>Haben wir Ihr Interesse geweckt?<\/h2>\n<p>Dann z\u00f6gern Sie nicht und vereinbaren Sie noch heute einen Beratungstermin.<br \/>\n<a href=\"https:\/\/www.dentalogue.com\/de\/kontakt\/\">Zum Kontaktformular<\/a><\/p>\n","protected":false},"excerpt":{"rendered":"<p>F\u00fcr alle, die einen passenden Zahnarzt suchen Gerade wenn Sie eine gr\u00f6\u00dfere Zahnbehandlung ins Auge fassen, dann sollten Sie Ihrem Zahnarzt uneingeschr\u00e4nkt vertrauen k\u00f6nnen. Zumal es sich um einen sehr sensiblen und sichtbaren Bereich handelt und weil umfangreiche Zahnbehandlungen nicht selten betr\u00e4chtliche Summen kosten. Typische Interessenten Unsere Erfahrung zeigt, dass es immer wieder dieselben Ausgangssituationen [&hellip;]<\/p>\n","protected":false},"author":1,"featured_media":0,"parent":7,"menu_order":2,"comment_status":"open","ping_status":"open","template":"","meta":[],"_links":{"self":[{"href":"https:\/\/www.dentalogue.com\/de\/wp-json\/wp\/v2\/pages\/17"}],"collection":[{"href":"https:\/\/www.dentalogue.com\/de\/wp-json\/wp\/v2\/pages"}],"about":[{"href":"https:\/\/www.dentalogue.com\/de\/wp-json\/wp\/v2\/types\/page"}],"author":[{"embeddable":true,"href":"https:\/\/www.dentalogue.com\/de\/wp-json\/wp\/v2\/users\/1"}],"replies":[{"embeddable":true,"href":"https:\/\/www.dentalogue.com\/de\/wp-json\/wp\/v2\/comments?post=17"}],"version-history":[{"count":78,"href":"https:\/\/www.dentalogue.com\/de\/wp-json\/wp\/v2\/pages\/17\/revisions"}],"predecessor-version":[{"id":3113,"href":"https:\/\/www.dentalogue.com\/de\/wp-json\/wp\/v2\/pages\/17\/revisions\/3113"}],"up":[{"embeddable":true,"href":"https:\/\/www.dentalogue.com\/de\/wp-json\/wp\/v2\/pages\/7"}],"wp:attachment":[{"href":"https:\/\/www.dentalogue.com\/de\/wp-json\/wp\/v2\/media?parent=17"}],"curies":[{"name":"wp","href":"https:\/\/api.w.org\/{rel}","templated":true}]}}