{"id":1669,"date":"2009-10-17T14:27:23","date_gmt":"2009-10-17T12:27:23","guid":{"rendered":"https:\/\/www.dentalogue.com\/de\/?page_id=1669"},"modified":"2010-09-13T14:00:13","modified_gmt":"2010-09-13T12:00:13","slug":"veroffentlichungen","status":"publish","type":"page","link":"https:\/\/www.dentalogue.com\/de\/downloads\/veroffentlichungen\/","title":{"rendered":"Ver\u00f6ffentlichungen"},"content":{"rendered":"<h1>dentalogue Ver\u00f6ffentlichungen<\/h1>\n<p><strong>\u201cHaben Sie interkulturelle Kompetenz?\u201d <\/strong>Der  Gesundheitsstandort  Deutschland ist zu Recht international anerkannt  f\u00fcr seine hohe Qualit\u00e4t  der medizinischen Leistung. Das gilt  gleicherma\u00dfen f\u00fcr den  Ausbildungsgrad der Zahn\u00e4rzte wie auch f\u00fcr die  technische Ausstattung  und Laborleistungen. Hinzu kommt, dass  Zahnbehandlungen in Deutschland  im Vergleich zu manchen Nachbarstaaten  bei gleicher Qualit\u00e4t preiswerter  angeboten werden. Wegen des positiven  Preis-Leistungsverh\u00e4ltnisses  kommen viele ausl\u00e4ndische Patienten  hierher, um sich behandeln zu  lassen. Ein Grund f\u00fcr die Praxisinhaber,  sich selbst und ihrem Team eine  interkulturelle Kompetenz anzueignen.  Ver\u00f6ffentlicht in der  Fachzeitschrift ZWP (Zahnarzt, Wirtschaft,  Praxis), Ausgabe September 2010.  Mehr\u2026 <a href=\"https:\/\/www.dentalogue.com\/de\/dokumente\/ZWP__100430__InterkultKompetenz_Wies.pdf\" target=\"_blank\">(download-pdf 96 kb)<\/a><\/p>\n<p><strong>\u201cLeben und Arbeiten &#8211; ein Balanceakt\u201d<\/strong> &#8211; Das Thema \u201eWork-Life-Balance\u201c kommt zusehends auch im Gesundheitswesen in den Fokus der Aufmerksamkeit. Zahlreiche Studien belegen, dass unter anderem Menschen, die in sozialen und medizinischen Berufen t\u00e4tig sind, gef\u00e4hrdet sind, an Burn-out zu erkranken. Eine gesunde Work- Life-Balance kann hier helfend entgegenwirken. Ver\u00f6ffentlicht in der Fachzeitschrift ZWL (Zahntechnik, Wirtschaft, Labor), Ausgabe M\u00e4rz 2010. Mehr&#8230; <a href=\"https:\/\/www.dentalogue.com\/de\/dokumente\/ZWL_100310_Worklifebalance_beyrer.pdf\" target=\"_blank\">(download-pdf 101 kb)<\/a><\/p>\n<p><strong>&#8222;Der Zahnarzt als Unternehmer: ein Rollendilemma?&#8220;<\/strong> &#8211; Der Gesundheitsmarkt befindet sich im steten Wandel. Das f\u00fchrt zu ver\u00e4nderten Anforderungen an den Praxisinhaber. Dieser ist jedoch nicht nur durch die Rahmenbedingungen des Marktes gefordert, sondern auch durch seine \u201epraxisinternen\u201c Rollen als Mediziner, Berater und Unternehmer. Diese Rollen sind systemimmanent ebenfalls einem Wandel unterworfen. Die ganze Entwicklung kann als Belastung empfunden werden, sie stellt aber vor allem eine Chance dar, wenn sie richtig genutzt wird. Ver\u00f6ffentlicht in der Fachzeitschrift ZWP (Zahnarzt, Wirtschaft, Praxis), Ausgabe November 2009. Mehr&#8230; <a href=\"https:\/\/www.dentalogue.com\/de\/dokumente\/ZWP_091116_Rollendilemma_wies.pdf\" target=\"_blank\">(download-pdf 164 kb)<\/a><\/p>\n<p><strong>\u201cUmgang mit unterschiedlichen Pers\u00f6nlichkeitstypen\u201d<\/strong> \u2013 So einzigartig und individuell jeder Mensch ist, es lassen sich doch immer wieder deutliche \u00c4hnlich- keiten zwischen Menschen feststellen \u2013 man spricht dann von Pers\u00f6nlichkeitstypen. Nutzen Sie psychologisches Grundwissen der Typologienlehre f\u00fcr einen konstruktiven und erfolgreichen Umgang mit unterschiedlichen Typen, die Ihnen in Ihrer Zahnarztpraxis begegnen \u2013 Ihre Patienten, Mitarbeiter\/-innen, Kollegen etc. Ver\u00f6ffentlicht in der Fachzeitschrift ZWP (Zahnarzt, Wirtschaft, Praxis), Ausgabe Oktober 2009 <a href=\"https:\/\/www.dentalogue.com\/de\/dokumente\/ZWP_091016_ISD_beyrer.pdf\" target=\"_blank\">(download-pdf 140 kb)<\/a><\/p>\n","protected":false},"excerpt":{"rendered":"<p>dentalogue Ver\u00f6ffentlichungen \u201cHaben Sie interkulturelle Kompetenz?\u201d Der Gesundheitsstandort Deutschland ist zu Recht international anerkannt f\u00fcr seine hohe Qualit\u00e4t der medizinischen Leistung. Das gilt gleicherma\u00dfen f\u00fcr den Ausbildungsgrad der Zahn\u00e4rzte wie auch f\u00fcr die technische Ausstattung und Laborleistungen. Hinzu kommt, dass Zahnbehandlungen in Deutschland im Vergleich zu manchen Nachbarstaaten bei gleicher Qualit\u00e4t preiswerter angeboten werden. Wegen [&hellip;]<\/p>\n","protected":false},"author":2,"featured_media":0,"parent":66,"menu_order":2,"comment_status":"open","ping_status":"open","template":"","meta":[],"_links":{"self":[{"href":"https:\/\/www.dentalogue.com\/de\/wp-json\/wp\/v2\/pages\/1669"}],"collection":[{"href":"https:\/\/www.dentalogue.com\/de\/wp-json\/wp\/v2\/pages"}],"about":[{"href":"https:\/\/www.dentalogue.com\/de\/wp-json\/wp\/v2\/types\/page"}],"author":[{"embeddable":true,"href":"https:\/\/www.dentalogue.com\/de\/wp-json\/wp\/v2\/users\/2"}],"replies":[{"embeddable":true,"href":"https:\/\/www.dentalogue.com\/de\/wp-json\/wp\/v2\/comments?post=1669"}],"version-history":[{"count":34,"href":"https:\/\/www.dentalogue.com\/de\/wp-json\/wp\/v2\/pages\/1669\/revisions"}],"predecessor-version":[{"id":1671,"href":"https:\/\/www.dentalogue.com\/de\/wp-json\/wp\/v2\/pages\/1669\/revisions\/1671"}],"up":[{"embeddable":true,"href":"https:\/\/www.dentalogue.com\/de\/wp-json\/wp\/v2\/pages\/66"}],"wp:attachment":[{"href":"https:\/\/www.dentalogue.com\/de\/wp-json\/wp\/v2\/media?parent=1669"}],"curies":[{"name":"wp","href":"https:\/\/api.w.org\/{rel}","templated":true}]}}