{"id":161,"date":"2009-06-28T11:41:41","date_gmt":"2009-06-28T09:41:41","guid":{"rendered":"https:\/\/www.dentalogue.com\/de\/?page_id=161"},"modified":"2010-01-13T21:46:34","modified_gmt":"2010-01-13T19:46:34","slug":"kommunikation","status":"publish","type":"page","link":"https:\/\/www.dentalogue.com\/de\/consulting\/beratungsfocus-kompetenzfelder-fuehrung-kommunikation-marketing\/kommunikation\/","title":{"rendered":"Kommunikation"},"content":{"rendered":"<h1>Kommunikation \u2013 ein Schl\u00fcsselfaktor f\u00fcr Ihren Erfolg<\/h1>\n<p>Paul Watzlawick formulierte treffend: \u201eDu kannst nicht nicht-kommunizieren!\u201c Gerade in  Zahnarztpraxen hat Kommunikation mit Patienten und im Praxisteam gro\u00dfes Gewicht. Kommunikation beeinflusst ma\u00dfgeblich das Klima, die Qualit\u00e4t und damit den Erfolg in Ihrer Praxis.<!--more--><\/p>\n<h2>Patientenkommunikation<\/h2>\n<p>Der Patient vermag Ihr zahnmedizinisches K\u00f6nnen zumeist nur anhand sekund\u00e4rer Faktoren einzusch\u00e4tzen. Entscheidend ist deshalb die F\u00e4higkeit, wie Sie als Inhaber einer  Zahnarztpraxis Ihr Wissen und Ihre Erfahrung dem Patienten nahe bringen. Die Kommunikation der Mitarbeiter hin zum Patienten rundet letztlich das Bild ab und tr\u00e4gt wesentlich zur Professionalit\u00e4t und zum Wohlf\u00fchlfaktor Ihrer Praxis bei.<\/p>\n<h2>Mitarbeiterkommunikation<\/h2>\n<p>Kommunikation ist eine zentrale F\u00fchrungsaufgabe. Erwartungen und Ziele sind ebenso zu kommunizieren, wie R\u00fcckmeldungen, Feedback und Anerkennung. Nicht zuletzt auch der F\u00e4higkeit wertsch\u00e4tzend, konstruktiv und zum passenden Zeitpunkt Kritik zu \u00fcben und korrigierend einzuschreiten kommt dabei ma\u00dfgebliche Bedeutung zu. \u00dcber diese Klaviatur an kommunikativen F\u00e4higkeiten verf\u00fcgt nicht jede F\u00fchrungskraft ex ante, aber sie sind erlernbar, wenn man sie kennt.<\/p>\n<h2>Teamkommunikation<\/h2>\n<p>Das Kinderspiel \u201eStille Post\u201c sollte im Praxisalltag l\u00e4ngst ausgedient haben. Leider wird diese rudiment\u00e4re Kommunikationstechnik vielfach heute noch vollzogen. Missverst\u00e4ndnisse, Doppelarbeit und Krisensituationen sind hierdurch vorprogrammiert. Kommunikation ist daher eine tragende S\u00e4ule effektiver und auch erfolgreicher Praxisf\u00fchrung.<\/p>\n<p>dentalogue unterst\u00fctzt Sie, die Kommunikation in Ihrer Praxis zu professionalisieren. In Form von Gruppentrainings oder individuellen Coaching-Gespr\u00e4chen vermitteln wir die Grundmechanismen von Kommunikation und zeigen Wege f\u00fcr eine wirkungsvolle und professionelle Kommunikation im Praxisalltag auf. Sie schulen nicht nur Ihre Kommunikationsf\u00e4higkeit, sondern auch Ihr Gef\u00fchl f\u00fcr Ihre Wirkung im Umgang mit anderen.<\/p>\n<h2>Wir haben Ihr Interesse geweckt?<\/h2>\n<p>Dann nutzen Sie unser Kontaktformular und vereinbaren noch heute einen Termin f\u00fcr ein Informationsgespr\u00e4ch.<br \/>\n<a href=\"https:\/\/www.dentalogue.com\/de\/kontakt\/\">zum Kontaktformular<\/a><\/p>\n","protected":false},"excerpt":{"rendered":"<p>Kommunikation \u2013 ein Schl\u00fcsselfaktor f\u00fcr Ihren Erfolg Paul Watzlawick formulierte treffend: \u201eDu kannst nicht nicht-kommunizieren!\u201c Gerade in Zahnarztpraxen hat Kommunikation mit Patienten und im Praxisteam gro\u00dfes Gewicht. Kommunikation beeinflusst ma\u00dfgeblich das Klima, die Qualit\u00e4t und damit den Erfolg in Ihrer Praxis.<\/p>\n","protected":false},"author":2,"featured_media":0,"parent":153,"menu_order":2,"comment_status":"open","ping_status":"open","template":"","meta":[],"_links":{"self":[{"href":"https:\/\/www.dentalogue.com\/de\/wp-json\/wp\/v2\/pages\/161"}],"collection":[{"href":"https:\/\/www.dentalogue.com\/de\/wp-json\/wp\/v2\/pages"}],"about":[{"href":"https:\/\/www.dentalogue.com\/de\/wp-json\/wp\/v2\/types\/page"}],"author":[{"embeddable":true,"href":"https:\/\/www.dentalogue.com\/de\/wp-json\/wp\/v2\/users\/2"}],"replies":[{"embeddable":true,"href":"https:\/\/www.dentalogue.com\/de\/wp-json\/wp\/v2\/comments?post=161"}],"version-history":[{"count":8,"href":"https:\/\/www.dentalogue.com\/de\/wp-json\/wp\/v2\/pages\/161\/revisions"}],"predecessor-version":[{"id":753,"href":"https:\/\/www.dentalogue.com\/de\/wp-json\/wp\/v2\/pages\/161\/revisions\/753"}],"up":[{"embeddable":true,"href":"https:\/\/www.dentalogue.com\/de\/wp-json\/wp\/v2\/pages\/153"}],"wp:attachment":[{"href":"https:\/\/www.dentalogue.com\/de\/wp-json\/wp\/v2\/media?parent=161"}],"curies":[{"name":"wp","href":"https:\/\/api.w.org\/{rel}","templated":true}]}}