{"id":157,"date":"2009-06-28T11:35:41","date_gmt":"2009-06-28T09:35:41","guid":{"rendered":"https:\/\/www.dentalogue.com\/de\/?page_id=157"},"modified":"2010-01-13T22:00:56","modified_gmt":"2010-01-13T20:00:56","slug":"marketing","status":"publish","type":"page","link":"https:\/\/www.dentalogue.com\/de\/consulting\/beratungsfocus-kompetenzfelder-fuehrung-kommunikation-marketing\/marketing\/","title":{"rendered":"Marketing"},"content":{"rendered":"<h1>Das Gesicht Ihrer Praxis: vom Marketing zur Marke<\/h1>\n<p>Erfolgreiche  Zahnarztpraxen brauchen eine positive Strahlkraft nach Innen und Au\u00dfen. Ihre zahnmedizinische Leistung ist das Herz der Praxis, jedoch f\u00fcr viele Patienten in der Regel nicht greifbar. Deshalb ist Marketing wichtig, um sich zu differenzieren und um sich in den K\u00f6pfen von (potentiellen) Patienten zu verankern.<!--more--><\/p>\n<h2>Der klassische Marketing-Mix<\/h2>\n<p>Professionelles Marketing kann die Wirkung Ihrer medizinischen Expertise sp\u00fcrbar und nachhaltig erh\u00f6hen. Hier unterst\u00fctzen wir sie bei Fragestellungen, wie \u201ehaben Sie eine passende Website?\u201c, \u201estellen Sie Ihre Praxis in Ihren Printmaterialien richtig dar?\u201c, \u201ewelches Logo passt zur Praxis?\u201c etc.<\/p>\n<p>Die Erfahrung zeigt, da\u00df zwischenzeitlich in vielen Praxen ein reger Einsatz verschiedener Marketinginstrumente Einzug gehalten hat. H\u00e4ufig fehlt es jedoch an der notwendigen Stringenz und Kontinuit\u00e4t der Ma\u00dfnahmen. Dies hat zur Folge, da\u00df deren Wirkung bereits kurzfristig verpufft oder keine nennenswerte Wirkung zeitigt. Eine strategische Vorgehensweise ist angebracht. Hier kommt die Marke ins Spiel.<\/p>\n<h2>Markenbildung<\/h2>\n<p>Eine erfolgreich aufgebaute Marke zwingt zur Fokussierung und hilft bei der erfolgreichen Durchsetzung im Wettbewerb unter den Praxen. Gemeinsam schaffen wir die Voraussetzung, da\u00df sich aus Ihrer Praxis eine Marke entwickelt. Hierbei handelt es sich um ein Bild von den geb\u00fcndelten St\u00e4rken Ihrer Praxis. Erst, wenn diese durch die Patienten und andere Zielgruppen wahrgenommen, anerkannt und honoriert werden, wird die Praxis zur Marke. Markenstrategie ist daher die integrative Aufgabe, die einzigartigen St\u00e4rken des Unternehmens erlebbar zu machen. Zu denen im Rahmen der Markenbildung betrachteten und bearbeiteten Aspekten geh\u00f6ren deshalb: Patienten, Mitarbeiter, Qualit\u00e4t, Leistungsspektrum, Wettbewerber.<\/p>\n<h2>Wir haben Ihr Interesse geweckt?<\/h2>\n<p>Dann nutzen Sie unser Kontaktformular und vereinbaren noch heute einen Termin f\u00fcr ein Informationsgespr\u00e4ch.<br \/>\n<a href=\"https:\/\/www.dentalogue.com\/de\/kontakt\/\">zum Kontaktformular<\/a><\/p>\n","protected":false},"excerpt":{"rendered":"<p>Das Gesicht Ihrer Praxis: vom Marketing zur Marke Erfolgreiche Zahnarztpraxen brauchen eine positive Strahlkraft nach Innen und Au\u00dfen. Ihre zahnmedizinische Leistung ist das Herz der Praxis, jedoch f\u00fcr viele Patienten in der Regel nicht greifbar. Deshalb ist Marketing wichtig, um sich zu differenzieren und um sich in den K\u00f6pfen von (potentiellen) Patienten zu verankern.<\/p>\n","protected":false},"author":2,"featured_media":0,"parent":153,"menu_order":3,"comment_status":"open","ping_status":"open","template":"","meta":[],"_links":{"self":[{"href":"https:\/\/www.dentalogue.com\/de\/wp-json\/wp\/v2\/pages\/157"}],"collection":[{"href":"https:\/\/www.dentalogue.com\/de\/wp-json\/wp\/v2\/pages"}],"about":[{"href":"https:\/\/www.dentalogue.com\/de\/wp-json\/wp\/v2\/types\/page"}],"author":[{"embeddable":true,"href":"https:\/\/www.dentalogue.com\/de\/wp-json\/wp\/v2\/users\/2"}],"replies":[{"embeddable":true,"href":"https:\/\/www.dentalogue.com\/de\/wp-json\/wp\/v2\/comments?post=157"}],"version-history":[{"count":10,"href":"https:\/\/www.dentalogue.com\/de\/wp-json\/wp\/v2\/pages\/157\/revisions"}],"predecessor-version":[{"id":159,"href":"https:\/\/www.dentalogue.com\/de\/wp-json\/wp\/v2\/pages\/157\/revisions\/159"}],"up":[{"embeddable":true,"href":"https:\/\/www.dentalogue.com\/de\/wp-json\/wp\/v2\/pages\/153"}],"wp:attachment":[{"href":"https:\/\/www.dentalogue.com\/de\/wp-json\/wp\/v2\/media?parent=157"}],"curies":[{"name":"wp","href":"https:\/\/api.w.org\/{rel}","templated":true}]}}