{"id":155,"date":"2009-06-28T11:26:44","date_gmt":"2009-06-28T09:26:44","guid":{"rendered":"https:\/\/www.dentalogue.com\/de\/?page_id=155"},"modified":"2010-06-24T09:56:15","modified_gmt":"2010-06-24T07:56:15","slug":"fuhrung","status":"publish","type":"page","link":"https:\/\/www.dentalogue.com\/de\/consulting\/beratungsfocus-kompetenzfelder-fuehrung-kommunikation-marketing\/fuhrung\/","title":{"rendered":"F\u00fchrung"},"content":{"rendered":"<h1>F\u00fchrung ist mehr als Management<\/h1>\n<p>Wenn es Ihr Ziel ist eine au\u00dfergew\u00f6hnliche Praxis zu schaffen, dann ist F\u00fchrung die treibende Kraft. Sie, als Praxisinhaber der Initiator. F\u00fchrung verf\u00fcgt deshalb \u00fcber den Impetus des Inhabers; sie zeichnet sich durch folgende wesentliche Merkmale aus:<!--more--><\/p>\n<h2>Eine Vision haben und f\u00fcr Ziele sorgen<\/h2>\n<p>Nur wer seinen Kurs konsequent verfolgt, kommt zum gew\u00fcnschten Ergebnis. Die klare Vision des Inhabers bildet gewisserma\u00dfen die DNA f\u00fcr die weitere Praxisentwicklung. Anhand dieser Vision k\u00f6nnen Strategien zu deren Erreichung modelliert werden. Gro\u00dfe und kleine Ziele stecken den Strategiepfad ab. Es ist wichtig, sich nicht zu verzetteln, sondern sich auf das Wesentliche zu konzentrieren und das \u201eGro\u00dfe und Ganze\u201c im Auge zu behalten. dentalogue unterst\u00fctzt Sie dabei, Klarheit \u00fcber die Vision zu entwickeln und den Weg dorthin gangbar zu machen.<\/p>\n<h2>Strukturen und Prozesse schaffen<\/h2>\n<p>Praxiserfolg ist nur von Dauer, wenn Strukturen und Prozesse klar definiert, gekl\u00e4rt und zugeordnet sind. Mit zunehmender Mitarbeiterzahl w\u00e4chst die Notwendigkeit f\u00fcr gut funktionierende Arbeitsabl\u00e4ufe. Andernfalls sind Fehler vorprogrammiert. Unklarheiten, unn\u00f6tiges Nachfragen oder \u201eLinks liegen lassen\u201c und damit Hektik und fehlende Professionalit\u00e4t bestimmen dann den Praxisalltag. Umgekehrt d\u00fcrfen Strukturen und Prozesse nicht einengen und positive Inspiration abw\u00fcrgen, sondern sollen Freiraum schaffen. Die Balance herzustellen zwischen Freiheit und Struktur kennzeichnet gute F\u00fchrung. dentalogue zeigt Ihnen M\u00f6glichkeiten auf, wie Sie Strukturen schaffen und Prozessen implementieren k\u00f6nnen, ohne von diesen bestimmt zu werden.<\/p>\n<h2>Mitarbeiter entwickeln und f\u00f6rdern<\/h2>\n<p>Mitarbeiter sind f\u00fcr Ihre Praxis oder Klinik einer der entscheidenden Faktoren f\u00fcr Entwicklung und Erfolg. Gute Mitarbeiter gew\u00e4hrleisten einen funktionierenden Tagesablauf, repr\u00e4sentieren Ihre Praxis nach Au\u00dfen und tragen wesentlich zum Klima in der Praxis bei. Nicht zuletzt geht im funktionierenden Team vieles leichter von der Hand. Viele Gr\u00fcnde, um der Aus- und Weiterbildung, Motivation und Zufriedenheit Ihrer Mitarbeiter die n\u00f6tige Aufmerksamkeit zu widmen. dentalogue unterst\u00fctzt Praxisinhaber dabei, wie Sie Ihre Mitarbeiter f\u00f6rdern, fordern und halten k\u00f6nnen.<\/p>\n<h2>Wir haben Ihr Interesse geweckt?<\/h2>\n<p>Dann nutzen Sie unser Kontaktformular und vereinbaren noch heute einen Termin f\u00fcr ein Informationsgespr\u00e4ch.<br \/>\n<a href=\"https:\/\/www.dentalogue.com\/de\/kontakt\/\">zum Kontaktformular<\/a><\/p>\n","protected":false},"excerpt":{"rendered":"<p>F\u00fchrung ist mehr als Management Wenn es Ihr Ziel ist eine au\u00dfergew\u00f6hnliche Praxis zu schaffen, dann ist F\u00fchrung die treibende Kraft. Sie, als Praxisinhaber der Initiator. F\u00fchrung verf\u00fcgt deshalb \u00fcber den Impetus des Inhabers; sie zeichnet sich durch folgende wesentliche Merkmale aus:<\/p>\n","protected":false},"author":2,"featured_media":0,"parent":153,"menu_order":1,"comment_status":"open","ping_status":"open","template":"","meta":[],"_links":{"self":[{"href":"https:\/\/www.dentalogue.com\/de\/wp-json\/wp\/v2\/pages\/155"}],"collection":[{"href":"https:\/\/www.dentalogue.com\/de\/wp-json\/wp\/v2\/pages"}],"about":[{"href":"https:\/\/www.dentalogue.com\/de\/wp-json\/wp\/v2\/types\/page"}],"author":[{"embeddable":true,"href":"https:\/\/www.dentalogue.com\/de\/wp-json\/wp\/v2\/users\/2"}],"replies":[{"embeddable":true,"href":"https:\/\/www.dentalogue.com\/de\/wp-json\/wp\/v2\/comments?post=155"}],"version-history":[{"count":7,"href":"https:\/\/www.dentalogue.com\/de\/wp-json\/wp\/v2\/pages\/155\/revisions"}],"predecessor-version":[{"id":584,"href":"https:\/\/www.dentalogue.com\/de\/wp-json\/wp\/v2\/pages\/155\/revisions\/584"}],"up":[{"embeddable":true,"href":"https:\/\/www.dentalogue.com\/de\/wp-json\/wp\/v2\/pages\/153"}],"wp:attachment":[{"href":"https:\/\/www.dentalogue.com\/de\/wp-json\/wp\/v2\/media?parent=155"}],"curies":[{"name":"wp","href":"https:\/\/api.w.org\/{rel}","templated":true}]}}