{"id":153,"date":"2009-06-28T11:23:18","date_gmt":"2009-06-28T09:23:18","guid":{"rendered":"https:\/\/www.dentalogue.com\/de\/?page_id=153"},"modified":"2009-10-19T11:58:45","modified_gmt":"2009-10-19T09:58:45","slug":"beratungsfocus-kompetenzfelder-fuehrung-kommunikation-marketing","status":"publish","type":"page","link":"https:\/\/www.dentalogue.com\/de\/consulting\/beratungsfocus-kompetenzfelder-fuehrung-kommunikation-marketing\/","title":{"rendered":"Beratungsfokus"},"content":{"rendered":"<h1>3 Kompetenzfelder<\/h1>\n<p>Gem\u00e4\u00df des Mottos \u201eSchuster bleib bei Deinen Leisten\u201c konzentrieren wir uns auf unsere <a href=\"https:\/\/www.dentalogue.com\/de\/ueber-uns\/dentalogue-team\">Expertise<\/a> und haben einen klar umrissenen Leistungsfokus:<\/p>\n<p><strong><a href=\"https:\/\/www.dentalogue.com\/de\/consulting\/beratungsfocus-kompetenzfelder-fuehrung-kommunikation-marketing\/fuhrung\/\" target=\"_self\">Praxisf\u00fchrung<\/a> | <a href=\"https:\/\/www.dentalogue.com\/de\/consulting\/beratungsfocus-kompetenzfelder-fuehrung-kommunikation-marketing\/kommunikation\/\" target=\"_self\">Praxiskommunikation<\/a> | <a href=\"https:\/\/www.dentalogue.com\/de\/consulting\/beratungsfocus-kompetenzfelder-fuehrung-kommunikation-marketing\/marketing\/\" target=\"_self\">Praxismarketing<\/a> <\/strong><br \/>\n<strong><a href=\"https:\/\/www.dentalogue.com\/de\/consulting\/unsere-kompetenzfelder\/marketing\/\" target=\"_self\"><br \/>\n<\/a><\/strong><\/p>\n<p>Ausgehend von Ihrer Vision unterst\u00fctzen wir durch Erfahrung, Kreativit\u00e4t und wirkungsvolle Methoden bei der Entwicklung und Umsetzung einer zukunftsweisenden Strategie f\u00fcr Ihre Praxis oder Klinik. Ihre Patienten, Ihre Mitarbeiter und Sie bleiben f\u00fcr uns zu jeder Zeit das Ma\u00df aller Dinge.<\/p>\n<p>Hinweis: Unsere Produktflyer finden Sie im Bereich <a href=\"https:\/\/dentalogue.com\/de\/downloads\/consulting\">downloads<\/a><strong><a href=\"..\/consulting\/unsere-kompetenzfelder\/marketing\/\" target=\"_self\"><br \/>\n<\/a><a href=\"..\/consulting\/unsere-kompetenzfelder\/marketing\/\" target=\"_self\"> <\/a><\/strong><\/p>\n<p><img loading=\"lazy\" class=\"alignnone size-medium wp-image-692\" title=\"pyramide\" src=\"https:\/\/www.dentalogue.com\/de\/media\/pyramide-450x317.jpg\" alt=\"pyramide\" width=\"450\" height=\"317\" srcset=\"https:\/\/www.dentalogue.com\/de\/media\/pyramide-450x317.jpg 450w, https:\/\/www.dentalogue.com\/de\/media\/pyramide.jpg 597w\" sizes=\"(max-width: 450px) 100vw, 450px\" \/><\/p>\n<h2>Wir haben Ihr Interesse geweckt?<\/h2>\n<p>Dann nutzen Sie unser Kontaktformular und vereinbaren noch heute einen Termin f\u00fcr ein Informationsgespr\u00e4ch.<br \/>\n<a href=\"https:\/\/www.dentalogue.com\/de\/kontakt\/\">zum Kontaktformular<\/a><\/p>\n","protected":false},"excerpt":{"rendered":"<p>3 Kompetenzfelder Gem\u00e4\u00df des Mottos \u201eSchuster bleib bei Deinen Leisten\u201c konzentrieren wir uns auf unsere Expertise und haben einen klar umrissenen Leistungsfokus: Praxisf\u00fchrung | Praxiskommunikation | Praxismarketing Ausgehend von Ihrer Vision unterst\u00fctzen wir durch Erfahrung, Kreativit\u00e4t und wirkungsvolle Methoden bei der Entwicklung und Umsetzung einer zukunftsweisenden Strategie f\u00fcr Ihre Praxis oder Klinik. Ihre Patienten, Ihre [&hellip;]<\/p>\n","protected":false},"author":2,"featured_media":0,"parent":12,"menu_order":3,"comment_status":"open","ping_status":"open","template":"","meta":[],"_links":{"self":[{"href":"https:\/\/www.dentalogue.com\/de\/wp-json\/wp\/v2\/pages\/153"}],"collection":[{"href":"https:\/\/www.dentalogue.com\/de\/wp-json\/wp\/v2\/pages"}],"about":[{"href":"https:\/\/www.dentalogue.com\/de\/wp-json\/wp\/v2\/types\/page"}],"author":[{"embeddable":true,"href":"https:\/\/www.dentalogue.com\/de\/wp-json\/wp\/v2\/users\/2"}],"replies":[{"embeddable":true,"href":"https:\/\/www.dentalogue.com\/de\/wp-json\/wp\/v2\/comments?post=153"}],"version-history":[{"count":45,"href":"https:\/\/www.dentalogue.com\/de\/wp-json\/wp\/v2\/pages\/153\/revisions"}],"predecessor-version":[{"id":258,"href":"https:\/\/www.dentalogue.com\/de\/wp-json\/wp\/v2\/pages\/153\/revisions\/258"}],"up":[{"embeddable":true,"href":"https:\/\/www.dentalogue.com\/de\/wp-json\/wp\/v2\/pages\/12"}],"wp:attachment":[{"href":"https:\/\/www.dentalogue.com\/de\/wp-json\/wp\/v2\/media?parent=153"}],"curies":[{"name":"wp","href":"https:\/\/api.w.org\/{rel}","templated":true}]}}