{"id":15,"date":"2009-06-26T09:55:46","date_gmt":"2009-06-26T07:55:46","guid":{"rendered":"https:\/\/www.dentalogue.com\/de\/?page_id=15"},"modified":"2010-03-11T20:15:24","modified_gmt":"2010-03-11T18:15:24","slug":"zahnarztempfehlung-von-hoher-qualitaet","status":"publish","type":"page","link":"https:\/\/www.dentalogue.com\/de\/care\/zahnarztempfehlung-von-hoher-qualitaet\/","title":{"rendered":"Ihre Vorteile"},"content":{"rendered":"<h1>Beste Qualit\u00e4t und individuelle Beratung<\/h1>\n<p>Gerade bei der Auswahl des richtigen Zahnarztes k\u00f6nnen Sie mit unserer Hilfe nicht nur Kosten sparen, sondern vor allem Ihre Nerven schonen. Konzentrieren Sie sich auf Ihre Gesundheit &#8211; wir tun das auch.<\/p>\n<h2>Ihr Nutzen ist vielf\u00e4ltig<\/h2>\n<p><span style=\"color: #ffffff;\">x<\/span><strong><br \/>\nSie sparen Zeit<\/strong><br \/>\nSie kennen Ihre &#8222;Problemzonen&#8220; und Ihre individuellen W\u00fcnsche ganz genau. Daf\u00fcr den passenden Zahnarzt zu finden, kann unter Umst\u00e4nden mehr Zeit beanspruchen, als die Behandlungsdauer selbst.<\/p>\n<p><strong>Sie sparen Kosten<\/strong><br \/>\nWir verrechnen f\u00fcr unsere Beratung eine geringe Beratungspauschale, denn wir nehmen uns Zeit f\u00fcr Sie und Ihre W\u00fcnsche &#8211; nur so k\u00f6nnen wir Ihnen eine fundierte Empfehlung aussprechen. Ihre Investition wird sich jedoch vielfach bezahlt machen.<\/p>\n<p><strong>Sie erhalten beste Behandlungsqualit\u00e4t<\/strong><br \/>\nWir arbeiten mit einem \u00fcberschaubaren Pool an Zahnarztpraxen. Ein kleinerer Kreis hat den entscheidenden Vorteil, dass wir diese Zahn\u00e4rzte mit all ihren Vorz\u00fcgen, St\u00e4rken und Werthaltungen sehr gut kennen und je nach Behandlung und Ihren Pr\u00e4ferenzen besten Gewissens empfehlen k\u00f6nnen.<\/p>\n<p><!-- \t\t@page { margin: 2cm } \t\tP { margin-bottom: 0.21cm } --><\/p>\n<p style=\"margin-bottom: 0cm;\"><strong>Ihre Sonderw\u00fcnsche werden ber\u00fccksichtigt<\/strong><br \/>\nHaben Sie Zahnarztangst und m\u00f6chten eine Behandlung unter Vollnarkose oder Hypnose? Suchen Sie einen einf\u00fchlsamen Zahnarzt f\u00fcr Ihr Kind? Suchen Sie einen Spezialisten f\u00fcr ganzheitliche Zahnmedizin oder Zahn\u00e4sthetik? Wir arbeiten mit Zahnarztpraxen und -kliniken, die  auch auf solche W\u00fcnsche eingehen k\u00f6nnen.<\/p>\n<h2>Haben wir Ihr Interesse geweckt?<\/h2>\n<p>Dann z\u00f6gern Sie nicht und vereinbaren Sie noch heute einen Beratungstermin.<br \/>\n<a href=\"https:\/\/www.dentalogue.com\/de\/kontakt\/\">Zum Kontaktformular<\/a><\/p>\n","protected":false},"excerpt":{"rendered":"<p>Beste Qualit\u00e4t und individuelle Beratung Gerade bei der Auswahl des richtigen Zahnarztes k\u00f6nnen Sie mit unserer Hilfe nicht nur Kosten sparen, sondern vor allem Ihre Nerven schonen. Konzentrieren Sie sich auf Ihre Gesundheit &#8211; wir tun das auch. Ihr Nutzen ist vielf\u00e4ltig x Sie sparen Zeit Sie kennen Ihre &#8222;Problemzonen&#8220; und Ihre individuellen W\u00fcnsche ganz [&hellip;]<\/p>\n","protected":false},"author":1,"featured_media":0,"parent":7,"menu_order":1,"comment_status":"open","ping_status":"open","template":"","meta":[],"_links":{"self":[{"href":"https:\/\/www.dentalogue.com\/de\/wp-json\/wp\/v2\/pages\/15"}],"collection":[{"href":"https:\/\/www.dentalogue.com\/de\/wp-json\/wp\/v2\/pages"}],"about":[{"href":"https:\/\/www.dentalogue.com\/de\/wp-json\/wp\/v2\/types\/page"}],"author":[{"embeddable":true,"href":"https:\/\/www.dentalogue.com\/de\/wp-json\/wp\/v2\/users\/1"}],"replies":[{"embeddable":true,"href":"https:\/\/www.dentalogue.com\/de\/wp-json\/wp\/v2\/comments?post=15"}],"version-history":[{"count":33,"href":"https:\/\/www.dentalogue.com\/de\/wp-json\/wp\/v2\/pages\/15\/revisions"}],"predecessor-version":[{"id":26,"href":"https:\/\/www.dentalogue.com\/de\/wp-json\/wp\/v2\/pages\/15\/revisions\/26"}],"up":[{"embeddable":true,"href":"https:\/\/www.dentalogue.com\/de\/wp-json\/wp\/v2\/pages\/7"}],"wp:attachment":[{"href":"https:\/\/www.dentalogue.com\/de\/wp-json\/wp\/v2\/media?parent=15"}],"curies":[{"name":"wp","href":"https:\/\/api.w.org\/{rel}","templated":true}]}}