{"id":140,"date":"2009-06-27T20:22:45","date_gmt":"2009-06-27T18:22:45","guid":{"rendered":"https:\/\/www.dentalogue.com\/de\/?page_id=140"},"modified":"2010-03-11T20:27:05","modified_gmt":"2010-03-11T18:27:05","slug":"zahnaerztin-muenchen","status":"publish","type":"page","link":"https:\/\/www.dentalogue.com\/de\/care\/professionelle-zahnarztempfehlung\/zahnaerztin-muenchen\/","title":{"rendered":"Premium"},"content":{"rendered":"<h1>Das Premium-Paket <!-- \t\t@page { margin: 2cm } \t\tP { margin-bottom: 0.21cm } --><\/h1>\n<p style=\"margin-bottom: 0cm;\">F\u00fcr alle, die extra zur Behandlung anreisen und zus\u00e4tzlich zum <a href=\"https:\/\/www.dentalogue.com\/de\/care\/professionelle-zahnarztempfehlung\/zahnarzt-shuttle-service\/\">Classic-Paket<\/a> individuelle Reise-Services in Anspruch nehmen m\u00f6chten.<\/p>\n<h3 style=\"margin-bottom: 0cm;\"><strong>Premium umfasst:<br \/>\n<\/strong><\/h3>\n<ul>\n<li>\n<p style=\"margin-bottom: 0cm;\">Zus\u00e4tzlich zu den Leistungen des <a href=\"https:\/\/www.dentalogue.com\/de\/care\/professionelle-zahnarztempfehlung\/zahnarzt-shuttle-service\/\">Classic -Paketes<\/a> bieten wir Ihnen einen Shuttle-Service von und zum \tFlughafen oder Bahnhof an.<\/p>\n<\/li>\n<li>Bei Interesse empfehlen wir Ihnen Unterk\u00fcnfte unterschiedlicher Preiskategorien in der N\u00e4he der Arztpraxis.<\/li>\n<\/ul>\n<p>Honorar: 218,00 Euro (inkl. MwSt)<\/p>\n<p>Zus\u00e4tzliche Leistungen, wie Hotelbuchung, Reiseplanung, Freizeitgestaltung werden gesondert verrechnet. Sprechen Sie uns an, wenn Sie sich daf\u00fcr interessieren \u2013 gerne machen wir Ihnen ein individuelles Angebot.<\/p>\n<h3 style=\"margin-bottom: 0cm;\"><strong>Hinweise:<\/strong><\/h3>\n<p style=\"margin-bottom: 0cm;\">Das Premium-Paket kann vorerst \tausschlie\u00dflich in M\u00fcnchen angeboten werden. Eine Ausweitung auf \tandere St\u00e4dte ist in Planung.<br \/>\nDer Abholservice gilt f\u00fcr alle \tBehandlungen w\u00e4hrend des Aufenthaltes.<br \/>\nKosten f\u00fcr Medikamente sind im Preis \tnicht inbegriffen, diese werden vom Kunden getragen.<\/p>\n<h2>Haben wir Ihr Interesse geweckt?<\/h2>\n<p>Dann z\u00f6gern Sie nicht und vereinbaren Sie noch heute einen Beratungstermin.<br \/>\n<a href=\"https:\/\/www.dentalogue.com\/de\/kontakt\/\">Zum Kontaktformular<\/a><\/p>\n","protected":false},"excerpt":{"rendered":"<p>Das Premium-Paket F\u00fcr alle, die extra zur Behandlung anreisen und zus\u00e4tzlich zum Classic-Paket individuelle Reise-Services in Anspruch nehmen m\u00f6chten. Premium umfasst: Zus\u00e4tzlich zu den Leistungen des Classic -Paketes bieten wir Ihnen einen Shuttle-Service von und zum Flughafen oder Bahnhof an. Bei Interesse empfehlen wir Ihnen Unterk\u00fcnfte unterschiedlicher Preiskategorien in der N\u00e4he der Arztpraxis. Honorar: 218,00 [&hellip;]<\/p>\n","protected":false},"author":2,"featured_media":0,"parent":130,"menu_order":3,"comment_status":"open","ping_status":"open","template":"","meta":[],"_links":{"self":[{"href":"https:\/\/www.dentalogue.com\/de\/wp-json\/wp\/v2\/pages\/140"}],"collection":[{"href":"https:\/\/www.dentalogue.com\/de\/wp-json\/wp\/v2\/pages"}],"about":[{"href":"https:\/\/www.dentalogue.com\/de\/wp-json\/wp\/v2\/types\/page"}],"author":[{"embeddable":true,"href":"https:\/\/www.dentalogue.com\/de\/wp-json\/wp\/v2\/users\/2"}],"replies":[{"embeddable":true,"href":"https:\/\/www.dentalogue.com\/de\/wp-json\/wp\/v2\/comments?post=140"}],"version-history":[{"count":22,"href":"https:\/\/www.dentalogue.com\/de\/wp-json\/wp\/v2\/pages\/140\/revisions"}],"predecessor-version":[{"id":2270,"href":"https:\/\/www.dentalogue.com\/de\/wp-json\/wp\/v2\/pages\/140\/revisions\/2270"}],"up":[{"embeddable":true,"href":"https:\/\/www.dentalogue.com\/de\/wp-json\/wp\/v2\/pages\/130"}],"wp:attachment":[{"href":"https:\/\/www.dentalogue.com\/de\/wp-json\/wp\/v2\/media?parent=140"}],"curies":[{"name":"wp","href":"https:\/\/api.w.org\/{rel}","templated":true}]}}