{"id":1348,"date":"2009-09-14T16:21:54","date_gmt":"2009-09-14T14:21:54","guid":{"rendered":"https:\/\/www.dentalogue.com\/de\/?page_id=1348"},"modified":"2011-01-19T17:41:51","modified_gmt":"2011-01-19T15:41:51","slug":"zahnarztangst","status":"publish","type":"page","link":"https:\/\/www.dentalogue.com\/de\/care\/zahnarzt-muenchen\/zahnarztangst\/","title":{"rendered":"Zahnarztangst?"},"content":{"rendered":"<h1>Angst hindert Sie am Zahnarztbesuch?<\/h1>\n<p>Bei uns sind Sie richtig, wenn der Gang zum Zahnarzt f\u00fcr Sie besonders schwierig ist. Sie sind damit nicht alleine. Unsere Erfahrung zeigt, dass knapp 80% aller Menschen Angst vor dem Zahnarzt haben.<!--more--><\/p>\n<p>Wir bieten Ihnen einen &#8222;arztfreien&#8220; Raum, in dem wir mit Ihnen \u00fcber M\u00f6glichkeiten, Behandlungswege und Umgang mit Ihrer Zahnarztangst sprechen. So k\u00f6nnen Sie sich ohne Stress und Druck mit dem Thema Zahnarztbesuch auseinander setzen, in Ruhe Ihre Alternativen \u00fcberdenken und Ihre Entscheidung treffen. Auf Wunsch bieten wir Ihnen individuelle Betreuung vor, w\u00e4hrend und nach der Behandlung.<\/p>\n<p>Wir arbeiten mit Zahn\u00e4rzten zusammen, die viel Erfahrung im Umgang mit Angstpatienten haben &#8211; diese nehmen sich f\u00fcr Sie Zeit, bieten Ihnen eine vertrauensvolle Atmosph\u00e4re, und erm\u00f6glichen Ihnen beruhigungsf\u00f6rdernde und schmerzreduzierende Behandlungsmethoden.<\/p>\n<h2>Haben wir Ihr Interesse geweckt?<\/h2>\n<p>Dann z\u00f6gern Sie nicht und vereinbaren Sie noch heute einen Beratungstermin.<br \/>\n<a href=\"https:\/\/www.dentalogue.com\/de\/kontakt\/\">Zum Kontaktformular<\/a><\/p>\n","protected":false},"excerpt":{"rendered":"<p>Angst hindert Sie am Zahnarztbesuch? Bei uns sind Sie richtig, wenn der Gang zum Zahnarzt f\u00fcr Sie besonders schwierig ist. Sie sind damit nicht alleine. Unsere Erfahrung zeigt, dass knapp 80% aller Menschen Angst vor dem Zahnarzt haben.<\/p>\n","protected":false},"author":2,"featured_media":0,"parent":17,"menu_order":3,"comment_status":"open","ping_status":"open","template":"","meta":[],"_links":{"self":[{"href":"https:\/\/www.dentalogue.com\/de\/wp-json\/wp\/v2\/pages\/1348"}],"collection":[{"href":"https:\/\/www.dentalogue.com\/de\/wp-json\/wp\/v2\/pages"}],"about":[{"href":"https:\/\/www.dentalogue.com\/de\/wp-json\/wp\/v2\/types\/page"}],"author":[{"embeddable":true,"href":"https:\/\/www.dentalogue.com\/de\/wp-json\/wp\/v2\/users\/2"}],"replies":[{"embeddable":true,"href":"https:\/\/www.dentalogue.com\/de\/wp-json\/wp\/v2\/comments?post=1348"}],"version-history":[{"count":19,"href":"https:\/\/www.dentalogue.com\/de\/wp-json\/wp\/v2\/pages\/1348\/revisions"}],"predecessor-version":[{"id":1351,"href":"https:\/\/www.dentalogue.com\/de\/wp-json\/wp\/v2\/pages\/1348\/revisions\/1351"}],"up":[{"embeddable":true,"href":"https:\/\/www.dentalogue.com\/de\/wp-json\/wp\/v2\/pages\/17"}],"wp:attachment":[{"href":"https:\/\/www.dentalogue.com\/de\/wp-json\/wp\/v2\/media?parent=1348"}],"curies":[{"name":"wp","href":"https:\/\/api.w.org\/{rel}","templated":true}]}}