{"id":130,"date":"2009-06-27T19:50:47","date_gmt":"2009-06-27T17:50:47","guid":{"rendered":"https:\/\/www.dentalogue.com\/de\/?page_id=130"},"modified":"2010-03-11T20:23:32","modified_gmt":"2010-03-11T18:23:32","slug":"professionelle-zahnarztempfehlung","status":"publish","type":"page","link":"https:\/\/www.dentalogue.com\/de\/care\/professionelle-zahnarztempfehlung\/","title":{"rendered":"Unsere Leistungen"},"content":{"rendered":"<p><!-- \t\t@page { margin: 2cm } \t\tP { margin-bottom: 0.21cm } --><\/p>\n<h1 style=\"margin-bottom: 0cm;\"><strong>Ihr Dienstleister in Sachen Z\u00e4hne<\/strong><\/h1>\n<p><!-- \t\t@page { margin: 2cm } \t\tP { margin-bottom: 0.21cm } --><\/p>\n<p style=\"margin-bottom: 0cm;\">Wir beraten Sie in der Auswahl des f\u00fcr Sie passenden Zahnarztes. Ihre individuelle Situation und Ihre pers\u00f6nlichen W\u00fcnschen sind f\u00fcr uns zu jeder Zeit oberstes Gebot. In einem pers\u00f6nlichen <a href=\"https:\/\/www.dentalogue.com\/de\/care\/professionelle-zahnarztempfehlung\/beratung\/ \">Beratungsgespr\u00e4ch<\/a> nehmen wir uns Zeit, damit Sie uns Ihr Anliegen genau schildern k\u00f6nnen.<!--more--> <!-- \t\t@page { margin: 2cm } \t\tP { margin-bottom: 0.21cm } --><\/p>\n<h2 style=\"margin-bottom: 0cm;\"><strong>Unsere Leistungspakete<\/strong><\/h2>\n<p><!-- \t\t@page { margin: 2cm } \t\tP { margin-bottom: 0.21cm } --><\/p>\n<h3>Das Basic-Paket<\/h3>\n<p>F\u00fcr alle, die in erster Linie eine fundierte Zahnarztempfehlung ben\u00f6tigen. <a href=\"https:\/\/www.dentalogue.com\/de\/care\/professionelle-zahnarztempfehlung\/individuelle-beratung\/\">Mehr <\/a>&#8230;<\/p>\n<p><!-- \t\t@page { margin: 2cm } \t\tP { margin-bottom: 0.21cm } --><\/p>\n<h3>Das Classic-Paket<\/h3>\n<p style=\"margin-bottom: 0cm;\">F\u00fcr alle, die zus\u00e4tzlich zum Basic-Paket unseren pers\u00f6nlichen Abhol-Service in Anspruch nehmen m\u00f6chten. <a href=\"https:\/\/www.dentalogue.com\/de\/care\/professionelle-zahnarztempfehlung\/zahnarzt-shuttle-service\/\">Mehr <\/a>&#8230;<\/p>\n<p><!-- \t\t@page { margin: 2cm } \t\tP { margin-bottom: 0.21cm } --><\/p>\n<h3>Das Premium-Paket<\/h3>\n<p style=\"margin-bottom: 0cm;\">F\u00fcr alle, die extra zur Behandlung anreisen und zus\u00e4tzlich zum Classic-Paket individuelle Reise-Services in Anspruch nehmen m\u00f6chten. <a href=\"https:\/\/www.dentalogue.com\/de\/care\/professionelle-zahnarztempfehlung\/zahnaerztin-muenchen\/\">Mehr <\/a>&#8230;<\/p>\n<h2>Haben wir Ihr Interesse geweckt?<\/h2>\n<p>Dann z\u00f6gern Sie nicht und vereinbaren Sie noch heute einen Beratungstermin.<br \/>\n<a href=\"https:\/\/www.dentalogue.com\/de\/kontakt\/\">Zum Kontaktformular<\/a><\/p>\n","protected":false},"excerpt":{"rendered":"<p>Ihr Dienstleister in Sachen Z\u00e4hne Wir beraten Sie in der Auswahl des f\u00fcr Sie passenden Zahnarztes. Ihre individuelle Situation und Ihre pers\u00f6nlichen W\u00fcnschen sind f\u00fcr uns zu jeder Zeit oberstes Gebot. In einem pers\u00f6nlichen Beratungsgespr\u00e4ch nehmen wir uns Zeit, damit Sie uns Ihr Anliegen genau schildern k\u00f6nnen.<\/p>\n","protected":false},"author":2,"featured_media":0,"parent":7,"menu_order":3,"comment_status":"open","ping_status":"open","template":"","meta":[],"_links":{"self":[{"href":"https:\/\/www.dentalogue.com\/de\/wp-json\/wp\/v2\/pages\/130"}],"collection":[{"href":"https:\/\/www.dentalogue.com\/de\/wp-json\/wp\/v2\/pages"}],"about":[{"href":"https:\/\/www.dentalogue.com\/de\/wp-json\/wp\/v2\/types\/page"}],"author":[{"embeddable":true,"href":"https:\/\/www.dentalogue.com\/de\/wp-json\/wp\/v2\/users\/2"}],"replies":[{"embeddable":true,"href":"https:\/\/www.dentalogue.com\/de\/wp-json\/wp\/v2\/comments?post=130"}],"version-history":[{"count":40,"href":"https:\/\/www.dentalogue.com\/de\/wp-json\/wp\/v2\/pages\/130\/revisions"}],"predecessor-version":[{"id":2266,"href":"https:\/\/www.dentalogue.com\/de\/wp-json\/wp\/v2\/pages\/130\/revisions\/2266"}],"up":[{"embeddable":true,"href":"https:\/\/www.dentalogue.com\/de\/wp-json\/wp\/v2\/pages\/7"}],"wp:attachment":[{"href":"https:\/\/www.dentalogue.com\/de\/wp-json\/wp\/v2\/media?parent=130"}],"curies":[{"name":"wp","href":"https:\/\/api.w.org\/{rel}","templated":true}]}}