{"id":1279,"date":"2009-08-16T17:21:41","date_gmt":"2009-08-16T15:21:41","guid":{"rendered":"https:\/\/www.dentalogue.com\/de\/?page_id=1279"},"modified":"2009-11-04T17:12:01","modified_gmt":"2009-11-04T15:12:01","slug":"aktuell","status":"publish","type":"page","link":"https:\/\/www.dentalogue.com\/de\/care\/aktuell\/","title":{"rendered":""},"content":{"rendered":"<h1>Der dentalogue award<\/h1>\n<p>Sie sind von unserer dentalogue care Leistung \u00fcberzeugt? Dann empfehlen Sie uns weiter. Wir bedanken uns daf\u00fcr bei Ihnen mit dem <strong>dentalogue award<\/strong>:<\/p>\n<p>F\u00fcr die Empfehlung von drei Personen, die ein dentalogue Beratungsgespr\u00e4ch durchf\u00fchren, erhalten Sie wahlweise eines der drei Geschenke:<\/p>\n<ul>\n<li>ein dentalogue care Beratungsgespr\u00e4ch<\/li>\n<li>ein hochwertiges Zahnpflege-Set<\/li>\n<li>30,00 \u20ac<\/li>\n<\/ul>\n<p>Ein Nachweis der Empfehlung durch Sie an dentalogue muss vor dem jeweiligen Beratungsgespr\u00e4ch erfolgen.<\/p>\n","protected":false},"excerpt":{"rendered":"<p>Der dentalogue award Sie sind von unserer dentalogue care Leistung \u00fcberzeugt? Dann empfehlen Sie uns weiter. Wir bedanken uns daf\u00fcr bei Ihnen mit dem dentalogue award: F\u00fcr die Empfehlung von drei Personen, die ein dentalogue Beratungsgespr\u00e4ch durchf\u00fchren, erhalten Sie wahlweise eines der drei Geschenke: ein dentalogue care Beratungsgespr\u00e4ch ein hochwertiges Zahnpflege-Set 30,00 \u20ac Ein Nachweis [&hellip;]<\/p>\n","protected":false},"author":1,"featured_media":0,"parent":7,"menu_order":7,"comment_status":"open","ping_status":"open","template":"","meta":[],"_links":{"self":[{"href":"https:\/\/www.dentalogue.com\/de\/wp-json\/wp\/v2\/pages\/1279"}],"collection":[{"href":"https:\/\/www.dentalogue.com\/de\/wp-json\/wp\/v2\/pages"}],"about":[{"href":"https:\/\/www.dentalogue.com\/de\/wp-json\/wp\/v2\/types\/page"}],"author":[{"embeddable":true,"href":"https:\/\/www.dentalogue.com\/de\/wp-json\/wp\/v2\/users\/1"}],"replies":[{"embeddable":true,"href":"https:\/\/www.dentalogue.com\/de\/wp-json\/wp\/v2\/comments?post=1279"}],"version-history":[{"count":33,"href":"https:\/\/www.dentalogue.com\/de\/wp-json\/wp\/v2\/pages\/1279\/revisions"}],"predecessor-version":[{"id":1300,"href":"https:\/\/www.dentalogue.com\/de\/wp-json\/wp\/v2\/pages\/1279\/revisions\/1300"}],"up":[{"embeddable":true,"href":"https:\/\/www.dentalogue.com\/de\/wp-json\/wp\/v2\/pages\/7"}],"wp:attachment":[{"href":"https:\/\/www.dentalogue.com\/de\/wp-json\/wp\/v2\/media?parent=1279"}],"curies":[{"name":"wp","href":"https:\/\/api.w.org\/{rel}","templated":true}]}}