{"id":127,"date":"2009-06-27T19:42:26","date_gmt":"2009-06-27T17:42:26","guid":{"rendered":"https:\/\/www.dentalogue.com\/de\/?page_id=127"},"modified":"2011-01-19T17:48:41","modified_gmt":"2011-01-19T15:48:41","slug":"implantat-prothese-zahnaesthetik-veneers-funktionstherapie","status":"publish","type":"page","link":"https:\/\/www.dentalogue.com\/de\/care\/zahnarzt-muenchen\/implantat-prothese-zahnaesthetik-veneers-funktionstherapie\/","title":{"rendered":"Typische Behandlungsw\u00fcnsche"},"content":{"rendered":"<p><!-- \t\t@page { margin: 2cm } \t\tP { margin-bottom: 0.21cm } --><\/p>\n<h1 style=\"margin-bottom: 0cm;\"><strong>Typische Behandlungsw\u00fcnsche<br \/>\n<\/strong><\/h1>\n<p><!-- \t\t@page { margin: 2cm } \t\tP { margin-bottom: 0.21cm } --><\/p>\n<p style=\"margin-bottom: 0cm;\">Grunds\u00e4tzlich macht es immer Sinn, sich an dentalogue care zu wenden, wenn Sie einen Zahnarzt suchen. Sie profitieren insbesondere dann, wenn Sie eine gr\u00f6\u00dfere Behandlung vor haben. Wir haben uns in der Empfehlung von Zahn\u00e4rzten auf bestimmte zahnmedizinische Indikationen spezialisiert.<!--more--><\/p>\n<p><!-- \t\t@page { margin: 2cm } \t\tP { margin-bottom: 0.21cm } --><\/p>\n<p style=\"margin-bottom: 0cm;\"><strong>Implantologie<\/strong><br \/>\nSeit \tvielen Jahren geht der Trend deutlich von Br\u00fcckenkonstruktionen und \therausnehmbaren Prothesen hin zu Implantaten. Der Grund daf\u00fcr liegt \twohl in den erheblichen Nachteilen, die Br\u00fccken und Prothesen \tmanchmal mit sich bringen: Diese reichen von W\u00fcrgereiz \u00fcber \tDruckschmerz, Irritations- und Fremdk\u00f6rpergef\u00fchl, Hygieneprobleme \tbis hin zu Unsicherheiten im sozialen Umgang (Sprechen, Essen, \tK\u00fcssen etc.).<\/p>\n<p style=\"margin-bottom: 0cm;\"><span style=\"color: #c0c0c0;\"><span style=\"color: #ffffff;\">dentalogue &#8211; wir empfehlen Implantologen mit langj\u00e4hriger Expertise.<\/span><br \/>\n<\/span><\/p>\n<p>F\u00fcr Kunden, die unter diesen Schwierigkeiten \tleiden, bieten Implantate eine attraktive Alternative. Wenn diese \tprofessionell gesetzt sind, empfindet sie der Kunde nach der \tHeilungsphase wie seine eigenen Z\u00e4hne \u2013 und dadurch als deutliche \tBereicherung seiner Lebensqualit\u00e4t!<\/p>\n<p style=\"margin-bottom: 0cm;\"><strong>\u00c4sthetische Zahnmedizin<\/strong><br \/>\nIhr \tstrahlendes L\u00e4cheln lebt unter anderem von Ihren Z\u00e4hnen. In der \tmodernen Zahn\u00e4sthetik geht es nicht mehr darum, dass aus jedem \tL\u00e4cheln ein \u201eHollywood-L\u00e4cheln\u201c mit unnat\u00fcrlich wei\u00dfen und \tgeraden Z\u00e4hnen wird. Vielmehr ist das Ziel, Ihre Z\u00e4hne \u2013 \tpassend zu Ihrem Typ und Ihrem Alter \u2013 nat\u00fcrlich sch\u00f6n und \tgepflegt aussehen zu lassen.<\/p>\n<p style=\"margin-bottom: 0cm;\"><span style=\"color: #ffffff;\">dentalogue &#8211; wir kennen die Spezialisten f\u00fcr Zahnaesthetik, Veneers, Bleaching.<\/span><\/p>\n<p>Methoden wie Bleaching, Einsetzen von \tVeneers oder Zahnfleischkorrekturen sind dabei die am h\u00e4ufigsten durchgef\u00fchrten Behandlungen \u2013 immer mit der Absicht, Ihrem strahlenden L\u00e4cheln eine pers\u00f6nliche Note zu verleihen.<\/p>\n<p><strong>Funktionsdiagnostik und Funktionstherapie<\/strong><br \/>\nFunktionsst\u00f6rungen des Kausystems werden von vielen Betroffenen nur indirekt wahrgenommen, denn hierdurch entstehende Muskelverspannungen und Ungleichgewichte k\u00f6nnen auf den ganzen K\u00f6rper ausstrahlen. Kiefer-Fehlstellungen k\u00f6nnen beispielsweise Kopfschmerzen ausl\u00f6sen, \tGebiss-Fehlstellungen k\u00f6nnen R\u00fccken- oder Knieprobleme \tverursachen. Gleichg\u00fcltig ob diese Funktionsst\u00f6rungen nun genetisch bedingt sind oder durch zahlreiche Einzelzahn-Behandlungen &#8222;herbeisaniert&#8220; wurden, es ist gerade in diesem Behandlungsumfeld wichtig, \tdass der Zahnarzt den Patienten ganzheitlich betrachtet.<\/p>\n<h2>Haben wir Ihr Interesse geweckt?<\/h2>\n<p>Dann z\u00f6gern Sie nicht und vereinbaren Sie noch heute einen Beratungstermin.<br \/>\n<a href=\"https:\/\/www.dentalogue.com\/de\/kontakt\/\">Zum Kontaktformular<\/a><\/p>\n","protected":false},"excerpt":{"rendered":"<p>Typische Behandlungsw\u00fcnsche Grunds\u00e4tzlich macht es immer Sinn, sich an dentalogue care zu wenden, wenn Sie einen Zahnarzt suchen. Sie profitieren insbesondere dann, wenn Sie eine gr\u00f6\u00dfere Behandlung vor haben. Wir haben uns in der Empfehlung von Zahn\u00e4rzten auf bestimmte zahnmedizinische Indikationen spezialisiert.<\/p>\n","protected":false},"author":2,"featured_media":0,"parent":17,"menu_order":5,"comment_status":"open","ping_status":"open","template":"","meta":[],"_links":{"self":[{"href":"https:\/\/www.dentalogue.com\/de\/wp-json\/wp\/v2\/pages\/127"}],"collection":[{"href":"https:\/\/www.dentalogue.com\/de\/wp-json\/wp\/v2\/pages"}],"about":[{"href":"https:\/\/www.dentalogue.com\/de\/wp-json\/wp\/v2\/types\/page"}],"author":[{"embeddable":true,"href":"https:\/\/www.dentalogue.com\/de\/wp-json\/wp\/v2\/users\/2"}],"replies":[{"embeddable":true,"href":"https:\/\/www.dentalogue.com\/de\/wp-json\/wp\/v2\/comments?post=127"}],"version-history":[{"count":26,"href":"https:\/\/www.dentalogue.com\/de\/wp-json\/wp\/v2\/pages\/127\/revisions"}],"predecessor-version":[{"id":346,"href":"https:\/\/www.dentalogue.com\/de\/wp-json\/wp\/v2\/pages\/127\/revisions\/346"}],"up":[{"embeddable":true,"href":"https:\/\/www.dentalogue.com\/de\/wp-json\/wp\/v2\/pages\/17"}],"wp:attachment":[{"href":"https:\/\/www.dentalogue.com\/de\/wp-json\/wp\/v2\/media?parent=127"}],"curies":[{"name":"wp","href":"https:\/\/api.w.org\/{rel}","templated":true}]}}