{"id":123,"date":"2009-06-27T19:27:35","date_gmt":"2009-06-27T17:27:35","guid":{"rendered":"https:\/\/www.dentalogue.com\/de\/?page_id=123"},"modified":"2011-01-19T17:45:11","modified_gmt":"2011-01-19T15:45:11","slug":"zahnarzt-deutschland","status":"publish","type":"page","link":"https:\/\/www.dentalogue.com\/de\/care\/zahnarzt-muenchen\/zahnarzt-deutschland\/","title":{"rendered":"Qualit\u00e4tsbewusst?"},"content":{"rendered":"<h1>Zahnmedizin &#8222;Made in Germany&#8220;<\/h1>\n<p><!-- \t\t@page { margin: 2cm } \t\tP { margin-bottom: 0.21cm } --><\/p>\n<p style=\"margin-bottom: 0cm;\">Gerade f\u00fcr ausl\u00e4ndische Kunden wird Deutschland als Land f\u00fcr qualitative Zahnmedizin immer attraktiver. Nat\u00fcrlich geh\u00f6rt dazu der Mut, \u00fcber die Grenzen des eigenen Landes hinaus zu gehen und sich in einer unbekannten Umgebung zahnmedizinisch behandeln zu lassen.<\/p>\n<p style=\"margin-bottom: 0cm;\"><span style=\"color: #ffffff;\">Zahnarzt in M\u00fcnchen<\/span><\/p>\n<p style=\"margin-bottom: 0cm;\">Wir von dentalogue care helfen Ihnen dabei, organisatorische und emotionale Hindernisse zu \u00fcberwinden.<\/p>\n<p><!-- \t\t@page { margin: 2cm } \t\tP { margin-bottom: 0.21cm } --><\/p>\n<h2 style=\"margin-bottom: 0cm;\">Gute Gr\u00fcnde f\u00fcr eine Zahnbehandlung in Deutschland<\/h2>\n<p style=\"margin-bottom: 0cm;\">Umfassende Zahnbehandlungen sind \tin Deutschland \u2013 verglichen mit dem europ\u00e4ischen Ausland \t(vorzugsweise Gro\u00dfbritannien und Schweiz) \u2013 bei gleicher oder \tbesserer Qualit\u00e4t um bis zu 50% g\u00fcnstiger.<\/p>\n<p style=\"margin-bottom: 0cm;\"><span style=\"color: #ffffff;\">Zahnbehandlung in M\u00fcnchen<\/span><\/p>\n<p style=\"margin-bottom: 0cm;\">\n<p style=\"margin-bottom: 0cm;\">F\u00fcr die Tage der Zahnbehandlung wird durch die \tUnterbringung in einem sch\u00f6nen Hotel sichergestellt, dass Sie die \tn\u00f6tige Ruhe und Erholung haben, die Sie f\u00fcr den Heilungsprozess \tbrauchen. Im Rahmen des geplanten Aufenthaltes werden dann auch \tschon die ersten Nachkontrollen durchgef\u00fchrt. In unserem <a href=\"https:\/\/www.dentalogue.com\/de\/care\/professionelle-zahnarztempfehlung\/zahnaerztin-muenchen\/\" target=\"_self\">Premium-Service Paket<\/a> bieten wir Ihnen neben einer Zahnarztempfehlung umfassende Betreuung an.<\/p>\n<p style=\"margin-bottom: 0cm;\"><span style=\"color: #ffffff;\">Zahnbehandlung in Deutschland<\/span><\/p>\n<p style=\"margin-bottom: 0cm;\">\n<p style=\"margin-bottom: 0cm;\">Eine umfassende Zahnbehandlung l\u00e4sst sich wunderbar kombinieren mit einem Kurz- bzw. St\u00e4dteurlaub, indem vor oder nach den Behandlungstagen noch ein paar Tage mit eingeplant werden. <a href=\"https:\/\/www.dentalogue.com\/de\/kontakt\/\">Sprechen Sie uns an<\/a>, wir unterst\u00fctzen Sie gerne mit Tipps f\u00fcr Ihren Aufenthalt in M\u00fcnchen.<\/p>\n<p><!-- \t\t@page { margin: 2cm } \t\tP { margin-bottom: 0.21cm } --><\/p>\n<h2>Haben wir Ihr Interesse geweckt?<\/h2>\n<p>Dann z\u00f6gern Sie nicht und vereinbaren Sie noch heute einen Beratungstermin.<br \/>\n<a href=\"https:\/\/www.dentalogue.com\/de\/kontakt\/\"><\/a><\/p>\n<p><a href=\"https:\/\/www.dentalogue.com\/de\/kontakt\/\">Zum Kontaktformular<\/a><\/p>\n","protected":false},"excerpt":{"rendered":"<p>Zahnmedizin &#8222;Made in Germany&#8220; Gerade f\u00fcr ausl\u00e4ndische Kunden wird Deutschland als Land f\u00fcr qualitative Zahnmedizin immer attraktiver. Nat\u00fcrlich geh\u00f6rt dazu der Mut, \u00fcber die Grenzen des eigenen Landes hinaus zu gehen und sich in einer unbekannten Umgebung zahnmedizinisch behandeln zu lassen. Zahnarzt in M\u00fcnchen Wir von dentalogue care helfen Ihnen dabei, organisatorische und emotionale Hindernisse [&hellip;]<\/p>\n","protected":false},"author":2,"featured_media":0,"parent":17,"menu_order":4,"comment_status":"open","ping_status":"open","template":"","meta":[],"_links":{"self":[{"href":"https:\/\/www.dentalogue.com\/de\/wp-json\/wp\/v2\/pages\/123"}],"collection":[{"href":"https:\/\/www.dentalogue.com\/de\/wp-json\/wp\/v2\/pages"}],"about":[{"href":"https:\/\/www.dentalogue.com\/de\/wp-json\/wp\/v2\/types\/page"}],"author":[{"embeddable":true,"href":"https:\/\/www.dentalogue.com\/de\/wp-json\/wp\/v2\/users\/2"}],"replies":[{"embeddable":true,"href":"https:\/\/www.dentalogue.com\/de\/wp-json\/wp\/v2\/comments?post=123"}],"version-history":[{"count":31,"href":"https:\/\/www.dentalogue.com\/de\/wp-json\/wp\/v2\/pages\/123\/revisions"}],"predecessor-version":[{"id":2707,"href":"https:\/\/www.dentalogue.com\/de\/wp-json\/wp\/v2\/pages\/123\/revisions\/2707"}],"up":[{"embeddable":true,"href":"https:\/\/www.dentalogue.com\/de\/wp-json\/wp\/v2\/pages\/17"}],"wp:attachment":[{"href":"https:\/\/www.dentalogue.com\/de\/wp-json\/wp\/v2\/media?parent=123"}],"curies":[{"name":"wp","href":"https:\/\/api.w.org\/{rel}","templated":true}]}}