{"id":12,"date":"2009-06-26T09:50:10","date_gmt":"2009-06-26T07:50:10","guid":{"rendered":"https:\/\/www.dentalogue.com\/de\/?page_id=12"},"modified":"2013-12-09T14:33:57","modified_gmt":"2013-12-09T12:33:57","slug":"consulting","status":"publish","type":"page","link":"https:\/\/www.dentalogue.com\/de\/consulting\/","title":{"rendered":"Praxisberatung"},"content":{"rendered":"<h1>Unternehmensberatung f\u00fcr Ihre Zahnarztpraxis<\/h1>\n<p>Als Inhaber einer Praxis sind Sie Zahnarzt und Unternehmer. Aufgabenvielfalt und eine gro\u00dfe Verantwortung lasten auf Ihren Schultern. Vor diesem Hintergrund und der Ver\u00e4nderungsdynamik im Gesundheitsmarkt ist es opportun einen externen unabh\u00e4ngigen Experten hinzuzuziehen, um sich in Fragestellungen rund um das Thema \u201eZahnarzt und Unternehmer\u201c\u00a0 auszutauschen und fit zu machen.<\/p>\n<h2>Ihr Erfolg ist unser Ziel, den Weg gehen wir gemeinsam<\/h2>\n<p>Die Ver\u00e4nderung des Gesundheitsmarktes mit seinen Chancen und Risiken, sowie die St\u00e4rken und Schw\u00e4chen der eigenen Praxis erfordern vorausschauendes und konsequentes Handeln. Nur so ist langfristiger Erfolg m\u00f6glich.<\/p>\n<p>dentalogue consulting beschreitet gemeinsam mit Ihnen diesen Weg. Wir unterst\u00fctzen Sie dabei, wichtige Erfolgsfaktoren zu erkennen und zu gestalten.<\/p>\n<h2><strong>Unsere Kompetenzfelder<\/strong><\/h2>\n<p><strong><a href=\"https:\/\/www.dentalogue.com\/de\/consulting\/beratungsfocus-kompetenzfelder-fuehrung-kommunikation-marketing\/fuhrung\/\" target=\"_self\">Praxisf\u00fchrung<\/a> | <a href=\"https:\/\/www.dentalogue.com\/de\/consulting\/beratungsfocus-kompetenzfelder-fuehrung-kommunikation-marketing\/kommunikation\/\" target=\"_self\">Praxiskommunikation<\/a> | <a href=\"https:\/\/www.dentalogue.com\/de\/consulting\/beratungsfocus-kompetenzfelder-fuehrung-kommunikation-marketing\/marketing\/\" target=\"_self\">Praxismarketing<\/a><\/strong><\/p>\n<h2>Wir haben Ihr Interesse geweckt?<\/h2>\n<p>Dann nutzen Sie unser Kontaktformular und vereinbaren noch heute einen Termin f\u00fcr ein Informationsgespr\u00e4ch.<br \/>\n<a href=\"https:\/\/www.dentalogue.com\/de\/kontakt\/\">zum Kontaktformular<\/a><\/p>\n","protected":false},"excerpt":{"rendered":"<p>Unternehmensberatung f\u00fcr Ihre Zahnarztpraxis Als Inhaber einer Praxis sind Sie Zahnarzt und Unternehmer. Aufgabenvielfalt und eine gro\u00dfe Verantwortung lasten auf Ihren Schultern. Vor diesem Hintergrund und der Ver\u00e4nderungsdynamik im Gesundheitsmarkt ist es opportun einen externen unabh\u00e4ngigen Experten hinzuzuziehen, um sich in Fragestellungen rund um das Thema \u201eZahnarzt und Unternehmer\u201c\u00a0 auszutauschen und fit zu machen. Ihr [&hellip;]<\/p>\n","protected":false},"author":1,"featured_media":0,"parent":0,"menu_order":3,"comment_status":"closed","ping_status":"closed","template":"","meta":[],"_links":{"self":[{"href":"https:\/\/www.dentalogue.com\/de\/wp-json\/wp\/v2\/pages\/12"}],"collection":[{"href":"https:\/\/www.dentalogue.com\/de\/wp-json\/wp\/v2\/pages"}],"about":[{"href":"https:\/\/www.dentalogue.com\/de\/wp-json\/wp\/v2\/types\/page"}],"author":[{"embeddable":true,"href":"https:\/\/www.dentalogue.com\/de\/wp-json\/wp\/v2\/users\/1"}],"replies":[{"embeddable":true,"href":"https:\/\/www.dentalogue.com\/de\/wp-json\/wp\/v2\/comments?post=12"}],"version-history":[{"count":41,"href":"https:\/\/www.dentalogue.com\/de\/wp-json\/wp\/v2\/pages\/12\/revisions"}],"predecessor-version":[{"id":14,"href":"https:\/\/www.dentalogue.com\/de\/wp-json\/wp\/v2\/pages\/12\/revisions\/14"}],"wp:attachment":[{"href":"https:\/\/www.dentalogue.com\/de\/wp-json\/wp\/v2\/media?parent=12"}],"curies":[{"name":"wp","href":"https:\/\/api.w.org\/{rel}","templated":true}]}}