{"id":117,"date":"2009-06-27T19:13:43","date_gmt":"2009-06-27T17:13:43","guid":{"rendered":"https:\/\/www.dentalogue.com\/de\/?page_id=117"},"modified":"2011-01-19T17:37:08","modified_gmt":"2011-01-19T15:37:08","slug":"zahnarztsuche","status":"publish","type":"page","link":"https:\/\/www.dentalogue.com\/de\/care\/zahnarzt-muenchen\/zahnarztsuche\/","title":{"rendered":"Neu in der Stadt?"},"content":{"rendered":"<h1>Neu in der Stadt ?<!-- \t\t@page { margin: 2cm } \t\tP { margin-bottom: 0.21cm } --><\/h1>\n<p style=\"margin-bottom: 0cm;\">Vielleicht geh\u00f6ren Sie zu den Gl\u00fccklichen, die bislang keinen Zahnarzt gebraucht haben, oder auch zur Gruppe derjenigen, die gerade neu in der Stadt sind und erst ihr soziales und pers\u00f6nliches Netzwerk aufbauen m\u00fcssen.<!--more--><\/p>\n<p style=\"margin-bottom: 0cm;\"><span style=\"color: #ffffff;\">dentalogue care &#8211; der Zahnarztlotse<\/span><\/p>\n<p style=\"margin-bottom: 0cm;\">Bislang blieb Ihnen dann der Griff zum Telefonbuch, dem Internet oder privaten Empfehlungen. Jetzt gibt es dentalogue care!<\/p>\n<p><!-- \t\t@page { margin: 2cm } \t\tP { margin-bottom: 0.21cm } --><\/p>\n<h2 style=\"margin-bottom: 0cm;\">Wenden Sie sich an dentalogue care. Es lohnt sich!<\/h2>\n<p style=\"margin-bottom: 0cm;\"><span style=\"color: #ffffff;\">dentalogue care &#8211; wir finden den passenden Zahnarzt f\u00fcr Sie<\/span><\/p>\n<p style=\"margin-bottom: 0cm;\">Sie sind auf der Suche nach einem \tZahnarzt, bei dem Sie langfristig bleiben wollen. Ein Ausprobieren \tunterschiedlicher Zahn\u00e4rzte kommt f\u00fcr Sie nicht in Frage.<\/p>\n<p style=\"margin-bottom: 0cm;\"><span style=\"color: #ffffff;\">dentalogue care &#8211; wir empfehlen den Zahnarzt Ihres Vertrauens<\/span><\/p>\n<p style=\"margin-bottom: 0cm;\">Sie wissen von vornherein, dass \tIhre Zahnbehandlung umfangreicher werden wird. Deshalb wollen Sie von \tBeginn an einen Zahnarzt, dem Sie vertrauen und der auf die von Ihnen \tgeplanten Behandlung spezialisiert ist.<\/p>\n<p style=\"margin-bottom: 0cm;\"><span style=\"color: #ffffff;\">dentalogue care &#8211; objektive Beratung bei der Zahnarztsuche<\/span><\/p>\n<p style=\"margin-bottom: 0cm;\">Sie haben gen\u00fcgend Geschichten \taus Ihrem Umfeld geh\u00f6rt, in denen Zahnpatienten schlechte Erfahrungen \tgemacht haben. Das wollen Sie vermeiden!<\/p>\n<p style=\"margin-bottom: 0cm;\"><span style=\"color: #ffffff;\">dentalogue care &#8211; wir empfehlen nur Zahnarztpraxen von hoher Qualit\u00e4t<\/span><\/p>\n<p style=\"margin-bottom: 0cm;\">Neben der Expertise des Zahnarztes z\u00e4hlen f\u00fcr Sie auch das Einf\u00fchlungsverm\u00f6gen des Zahnarztes und seines Praxisteams sowie ein angenehmes Praxisambiente.<\/p>\n<p style=\"margin-bottom: 0cm;\"><span style=\"color: #ffffff;\">dentalogue care &#8211; wir empfehlen Experten der ganzheitlichen Zahnmedizin<\/span><\/p>\n<p style=\"margin-bottom: 0cm;\">Sie suchen einen Zahnarzt, der \tSie ganzheitlich behandelt und Ihre Zahnsituation in Beziehung zu \tsonstigen Symptomen und physischen Schwachpunkten sieht und \tbehandelt.<\/p>\n<p style=\"margin-bottom: 0cm;\"><span style=\"color: #ffffff;\">dentalogue care &#8211; sie haben Zahnarztangst? wir finden den passenden Zahnarzt<\/span><\/p>\n<p style=\"margin-bottom: 0cm;\">Sie scheuen sich vor dem Zahnarztbesuch. Ein Zahnarzt, der \tIhre Erfahrung w\u00fcrdigt, Ihre Situation versteht und auf Sie \tpers\u00f6nlich eingeht, hilft Ihnen dabei, mit Ihren Unsicherheiten und \t\u00c4ngsten umzugehen.<\/p>\n<p><!-- \t\t@page { margin: 2cm } \t\tP { margin-bottom: 0.21cm } --><\/p>\n<h2>Haben wir Ihr Interesse geweckt?<\/h2>\n<p>Dann z\u00f6gern Sie nicht und vereinbaren Sie noch heute einen Beratungstermin.<br \/>\n<a href=\"https:\/\/www.dentalogue.com\/de\/kontakt\/\">Zum Kontaktformular<\/a><\/p>\n","protected":false},"excerpt":{"rendered":"<p>Neu in der Stadt ? Vielleicht geh\u00f6ren Sie zu den Gl\u00fccklichen, die bislang keinen Zahnarzt gebraucht haben, oder auch zur Gruppe derjenigen, die gerade neu in der Stadt sind und erst ihr soziales und pers\u00f6nliches Netzwerk aufbauen m\u00fcssen.<\/p>\n","protected":false},"author":2,"featured_media":0,"parent":17,"menu_order":1,"comment_status":"closed","ping_status":"closed","template":"","meta":[],"_links":{"self":[{"href":"https:\/\/www.dentalogue.com\/de\/wp-json\/wp\/v2\/pages\/117"}],"collection":[{"href":"https:\/\/www.dentalogue.com\/de\/wp-json\/wp\/v2\/pages"}],"about":[{"href":"https:\/\/www.dentalogue.com\/de\/wp-json\/wp\/v2\/types\/page"}],"author":[{"embeddable":true,"href":"https:\/\/www.dentalogue.com\/de\/wp-json\/wp\/v2\/users\/2"}],"replies":[{"embeddable":true,"href":"https:\/\/www.dentalogue.com\/de\/wp-json\/wp\/v2\/comments?post=117"}],"version-history":[{"count":27,"href":"https:\/\/www.dentalogue.com\/de\/wp-json\/wp\/v2\/pages\/117\/revisions"}],"predecessor-version":[{"id":280,"href":"https:\/\/www.dentalogue.com\/de\/wp-json\/wp\/v2\/pages\/117\/revisions\/280"}],"up":[{"embeddable":true,"href":"https:\/\/www.dentalogue.com\/de\/wp-json\/wp\/v2\/pages\/17"}],"wp:attachment":[{"href":"https:\/\/www.dentalogue.com\/de\/wp-json\/wp\/v2\/media?parent=117"}],"curies":[{"name":"wp","href":"https:\/\/api.w.org\/{rel}","templated":true}]}}