{"id":1126,"date":"2009-07-28T14:53:45","date_gmt":"2009-07-28T12:53:45","guid":{"rendered":"https:\/\/www.dentalogue.com\/de\/?page_id=1126"},"modified":"2013-11-20T17:54:12","modified_gmt":"2013-11-20T15:54:12","slug":"unsere-leistungen","status":"publish","type":"page","link":"https:\/\/www.dentalogue.com\/de\/health\/unsere-leistungen\/","title":{"rendered":"Unsere Leistungen"},"content":{"rendered":"<h1>Was wir f\u00fcr Sie tun k\u00f6nnen &#8230;<\/h1>\n<h2>Hochwertige Produkte und Beratung<\/h2>\n<p>Im Rahmen des dentalogue Beratungsgespr\u00e4chs sprechen wir mit Ihnen auf Wunsch \u00fcber M\u00f6glichkeiten, wie Sie durch hochwertige Nahrungserg\u00e4nzung Ihr Wohlbefinden steigern und Ihre Gesundheit st\u00e4rken k\u00f6nnen.<\/p>\n<p>Wir haben f\u00fcr Sie eine kleine aber hochwertige Auswahl an Produkten zusammengestellt, die Sie im Handel \u00fcblicherweise nicht erhalten. Diese Produkte k\u00f6nnen Sie direkt und einfach bei dentalogue erwerben. Sie bestellen per Telefon, Fax, E-Mail oder gehen direkt \u00fcber unseren\u00a0<a href=\"http:\/\/www.vitalogue.de\" target=\"_blank\">vitalogue shop<\/a>.<\/p>\n<h2>Fach-Veranstaltungen<\/h2>\n<p>F\u00fcr \u00c4rzte, Heilpraktiker und Therapeuten bieten wir fortlaufend Veranstaltungen an, um \u00fcber den Einsatz von naturheilkundlichen Produkten zur Therapie oder Therapiebegleitung zu informieren als auch \u00fcber neueste Trends in der Forschung und Produkte-Entwicklung zu berichten.<\/p>\n<h2>Haben wir Ihr Interesse geweckt?<\/h2>\n<p>Wenn Sie Einladungen zu dentalogue Veranstaltungen erhalten wollen und\/ oder sich zu unserem Produkte-Sortiment informieren m\u00f6chten, nehmen Sie <a href=\"https:\/\/www.dentalogue.com\/de\/kontakt\/\">Kontakt <\/a>mit uns auf.<\/p>\n","protected":false},"excerpt":{"rendered":"<p>Was wir f\u00fcr Sie tun k\u00f6nnen &#8230; Hochwertige Produkte und Beratung Im Rahmen des dentalogue Beratungsgespr\u00e4chs sprechen wir mit Ihnen auf Wunsch \u00fcber M\u00f6glichkeiten, wie Sie durch hochwertige Nahrungserg\u00e4nzung Ihr Wohlbefinden steigern und Ihre Gesundheit st\u00e4rken k\u00f6nnen. Wir haben f\u00fcr Sie eine kleine aber hochwertige Auswahl an Produkten zusammengestellt, die Sie im Handel \u00fcblicherweise nicht [&hellip;]<\/p>\n","protected":false},"author":2,"featured_media":0,"parent":10,"menu_order":1,"comment_status":"open","ping_status":"closed","template":"","meta":[],"_links":{"self":[{"href":"https:\/\/www.dentalogue.com\/de\/wp-json\/wp\/v2\/pages\/1126"}],"collection":[{"href":"https:\/\/www.dentalogue.com\/de\/wp-json\/wp\/v2\/pages"}],"about":[{"href":"https:\/\/www.dentalogue.com\/de\/wp-json\/wp\/v2\/types\/page"}],"author":[{"embeddable":true,"href":"https:\/\/www.dentalogue.com\/de\/wp-json\/wp\/v2\/users\/2"}],"replies":[{"embeddable":true,"href":"https:\/\/www.dentalogue.com\/de\/wp-json\/wp\/v2\/comments?post=1126"}],"version-history":[{"count":22,"href":"https:\/\/www.dentalogue.com\/de\/wp-json\/wp\/v2\/pages\/1126\/revisions"}],"predecessor-version":[{"id":3057,"href":"https:\/\/www.dentalogue.com\/de\/wp-json\/wp\/v2\/pages\/1126\/revisions\/3057"}],"up":[{"embeddable":true,"href":"https:\/\/www.dentalogue.com\/de\/wp-json\/wp\/v2\/pages\/10"}],"wp:attachment":[{"href":"https:\/\/www.dentalogue.com\/de\/wp-json\/wp\/v2\/media?parent=1126"}],"curies":[{"name":"wp","href":"https:\/\/api.w.org\/{rel}","templated":true}]}}