{"id":10,"date":"2009-06-26T09:57:50","date_gmt":"2009-06-26T07:57:50","guid":{"rendered":"https:\/\/www.dentalogue.com\/de\/?page_id=10"},"modified":"2013-11-20T17:52:55","modified_gmt":"2013-11-20T15:52:55","slug":"health","status":"publish","type":"page","link":"https:\/\/www.dentalogue.com\/de\/health\/","title":{"rendered":"dentalogue health"},"content":{"rendered":"<h1>Ihre Gesundheit liegt uns am Herzen<\/h1>\n<div>\n<p>Ihre Gesundheit liegt uns am Herzen. Deshalb haben wir f\u00fcr Sie eine kleine aber hochwertige Auswahl an Produkten zusammengestellt, die Sie dabei unterst\u00fctzen mit Energie und Vitalit\u00e4t im Leben zu stehen.<\/p>\n<p>Wir bieten Ihnen ausschlie\u00dflich sorgf\u00e4ltig ausgew\u00e4hlte Qualit\u00e4ts-Produkte an, die von Experten in jahrelanger Forschung und Entwicklung mit nat\u00fcrlichen Substanzen geschaffen wurden.<\/p>\n<\/div>\n<p>.<\/p>\n<h2>Haben wir Ihr Interesse geweckt?<\/h2>\n<p>Dann z\u00f6gern Sie nicht und melden Sie sich bei uns. | <a href=\"https:\/\/www.dentalogue.com\/de\/kontakt\">Kontaktformular<\/a><\/p>\n<p>Hier k\u00f6nnen Sie direkt unsere Produkte einsehen und bestellen:\u00a0 zum <a href=\"http:\/\/www.vitalogue.de\" target=\"_blank\">vitalogue-shop<\/a><\/p>\n","protected":false},"excerpt":{"rendered":"<p>Ihre Gesundheit liegt uns am Herzen Ihre Gesundheit liegt uns am Herzen. Deshalb haben wir f\u00fcr Sie eine kleine aber hochwertige Auswahl an Produkten zusammengestellt, die Sie dabei unterst\u00fctzen mit Energie und Vitalit\u00e4t im Leben zu stehen. Wir bieten Ihnen ausschlie\u00dflich sorgf\u00e4ltig ausgew\u00e4hlte Qualit\u00e4ts-Produkte an, die von Experten in jahrelanger Forschung und Entwicklung mit nat\u00fcrlichen [&hellip;]<\/p>\n","protected":false},"author":1,"featured_media":0,"parent":0,"menu_order":2,"comment_status":"closed","ping_status":"closed","template":"","meta":[],"_links":{"self":[{"href":"https:\/\/www.dentalogue.com\/de\/wp-json\/wp\/v2\/pages\/10"}],"collection":[{"href":"https:\/\/www.dentalogue.com\/de\/wp-json\/wp\/v2\/pages"}],"about":[{"href":"https:\/\/www.dentalogue.com\/de\/wp-json\/wp\/v2\/types\/page"}],"author":[{"embeddable":true,"href":"https:\/\/www.dentalogue.com\/de\/wp-json\/wp\/v2\/users\/1"}],"replies":[{"embeddable":true,"href":"https:\/\/www.dentalogue.com\/de\/wp-json\/wp\/v2\/comments?post=10"}],"version-history":[{"count":66,"href":"https:\/\/www.dentalogue.com\/de\/wp-json\/wp\/v2\/pages\/10\/revisions"}],"predecessor-version":[{"id":169,"href":"https:\/\/www.dentalogue.com\/de\/wp-json\/wp\/v2\/pages\/10\/revisions\/169"}],"wp:attachment":[{"href":"https:\/\/www.dentalogue.com\/de\/wp-json\/wp\/v2\/media?parent=10"}],"curies":[{"name":"wp","href":"https:\/\/api.w.org\/{rel}","templated":true}]}}